{"id":777361,"date":"2025-10-14T11:48:03","date_gmt":"2025-10-14T08:48:03","guid":{"rendered":"https:\/\/roveyayinevi.com.tr\/index.php\/urun\/statu-endisesi\/"},"modified":"2025-11-12T12:08:28","modified_gmt":"2025-11-12T09:08:28","slug":"statu-endisesi","status":"publish","type":"product","link":"https:\/\/roveyayinevi.com.tr\/index.php\/urun\/statu-endisesi\/","title":{"rendered":"Stat\u00fc Endi\u015fesi"},"content":{"rendered":"<p>\u201cTa\u015f\u0131d\u0131\u011f\u0131m\u0131z endi\u015fenin \u00fcstesinden gelmenin en iyi yoluonu anlamaya ve ondan bahsetmeye \u00e7al\u0131\u015fmak olacakt\u0131r.\u201dKitaplar\u0131yla felsefenin yaln\u0131zca bir okuma u\u011fra\u015f\u0131 olmad\u0131\u011f\u0131n\u0131, g\u00fcndelik hayata uygulanacak bir rehber oldu\u011funu g\u00f6steren, \u00e7a\u011f\u0131m\u0131z\u0131n en pop\u00fcler yazarlar\u0131ndan Alain De Botton, bu kez bamba\u015fka bir problemimize \u0131\u015f\u0131k tutuyor: Stat\u00fc Endi\u015fesi, ba\u015fka insanlar\u0131n hakk\u0131m\u0131zda ne d\u00fc\u015f\u00fcnd\u00fc\u011f\u00fcne ve toplum i\u00e7indeki stat\u00fcm\u00fcze dair derin kayg\u0131m\u0131za, yarg\u0131lanma korkumuza dair ufuk a\u00e7\u0131c\u0131 bir kitap. Botton, filozoflar\u0131n, yazarlar\u0131n ve sanat\u00e7\u0131lar\u0131n \u00f6\u011fretilerinin bu i\u00e7imizi kemiren endi\u015felerimizle, beklentilerimizle ve kendimizden memnun olamay\u0131\u015f\u0131m\u0131zla ba\u015fa \u00e7\u0131kmakta nas\u0131l yard\u0131mc\u0131 olabilece\u011fini g\u00f6zler \u00f6n\u00fcne seriyor.Ne yaz\u0131k ki Bat\u0131 toplumlar\u0131 bireyleri beklentilerden vazge\u00e7me y\u00f6n\u00fcnde cesaretlendirmez; Bat\u0131l\u0131 bir birey fakir oldu\u011funu, hi\u00e7bir zaman \u00fcnl\u00fc olamayaca\u011f\u0131n\u0131, ya\u015fl\u0131 ve \u015fi\u015fman oldu\u011funu kendine kolay kolay itiraf edemez. Toplumda olu\u015fan genel hava, atalar\u0131m\u0131z\u0131n ak\u0131llar\u0131na bile getirmeyecekleri etkinliklere ve hedeflere yat\u0131r\u0131m yapmaya zorlar bizi. James\u2019in e\u015fitli\u011fine g\u00f6re d\u00fc\u015f\u00fcnecek olursak, bu toplumlar bizim beklentilerimizi b\u00fcy\u00fck \u00f6l\u00e7\u00fcde art\u0131rarak, ki\u015finin kendine yeterli derecede sayg\u0131 duymas\u0131n\u0131 neredeyse olanaks\u0131z hale getirirler.<\/p>\n","protected":false},"excerpt":{"rendered":"<p>\u201cTa\u015f\u0131d\u0131\u011f\u0131m\u0131z endi\u015fenin \u00fcstesinden gelmenin en iyi yoluonu anlamaya ve ondan bahsetmeye \u00e7al\u0131\u015fmak olacakt\u0131r.\u201dKitaplar\u0131yla felsefenin yaln\u0131zca bir okuma u\u011fra\u015f\u0131 olmad\u0131\u011f\u0131n\u0131, g\u00fcndelik hayata uygulanacak bir rehber oldu\u011funu g\u00f6steren,<span class=\"excerpt-hellip\"> [\u2026]<\/span><\/p>\n","protected":false},"featured_media":0,"template":"","meta":{"_monsterinsights_skip_tracking":false,"_monsterinsights_sitenote_active":false,"_monsterinsights_sitenote_note":"","_monsterinsights_sitenote_category":0},"product_brand":[],"product_cat":[12777,12291],"product_tag":[],"class_list":{"0":"post-777361","1":"product","2":"type-product","3":"status-publish","5":"product_cat-deneme","6":"product_cat-edebiyat","7":"pa_cilt-ciltsiz","8":"pa_tur-kitap","9":"pa_yayinevi-everest-yayinlari","10":"pa_yazar-alain-de-botton","12":"first","13":"instock","14":"sale","15":"shipping-taxable","16":"purchasable","17":"product-type-simple"},"_links":{"self":[{"href":"https:\/\/roveyayinevi.com.tr\/index.php\/wp-json\/wp\/v2\/product\/777361","targetHints":{"allow":["GET"]}}],"collection":[{"href":"https:\/\/roveyayinevi.com.tr\/index.php\/wp-json\/wp\/v2\/product"}],"about":[{"href":"https:\/\/roveyayinevi.com.tr\/index.php\/wp-json\/wp\/v2\/types\/product"}],"wp:attachment":[{"href":"https:\/\/roveyayinevi.com.tr\/index.php\/wp-json\/wp\/v2\/media?parent=777361"}],"wp:term":[{"taxonomy":"product_brand","embeddable":true,"href":"https:\/\/roveyayinevi.com.tr\/index.php\/wp-json\/wp\/v2\/product_brand?post=777361"},{"taxonomy":"product_cat","embeddable":true,"href":"https:\/\/roveyayinevi.com.tr\/index.php\/wp-json\/wp\/v2\/product_cat?post=777361"},{"taxonomy":"product_tag","embeddable":true,"href":"https:\/\/roveyayinevi.com.tr\/index.php\/wp-json\/wp\/v2\/product_tag?post=777361"}],"curies":[{"name":"wp","href":"https:\/\/api.w.org\/{rel}","templated":true}]}}