{"id":777358,"date":"2025-10-14T11:47:57","date_gmt":"2025-10-14T08:47:57","guid":{"rendered":"https:\/\/roveyayinevi.com.tr\/index.php\/urun\/cadi-agaci\/"},"modified":"2026-04-15T03:43:15","modified_gmt":"2026-04-15T00:43:15","slug":"cadi-agaci","status":"publish","type":"product","link":"https:\/\/roveyayinevi.com.tr\/index.php\/urun\/cadi-agaci\/","title":{"rendered":"Cad\u0131 A\u011fac\u0131"},"content":{"rendered":"<p>\u201cYa\u015famak fark\u0131na var\u0131lmayan bir \u015feydi.\u201dT\u00fcrk roman\u0131n\u0131n unutulmaz eserlerinden Cad\u0131 A\u011fac\u0131, t\u00fcm dallar\u0131 kurumu\u015f bir kad\u0131n\u0131n roman\u0131. Yaratt\u0131\u011f\u0131 karakterlerle kad\u0131n yaz\u0131n\u0131nda e\u015fsiz bir yer edinen Ayla Kutlu, yay\u0131mlanan \u00fc\u00e7\u00fcnc\u00fc roman\u0131nda \u00e7\u00fcr\u00fcmeye y\u00fcz tutmu\u015f de\u011ferleri oda\u011f\u0131na al\u0131yor. \u00c2deta kendisinin yarg\u0131\u00e7l\u0131\u011f\u0131n\u0131 yapan ba\u015fki\u015fi Nil\u00fcfer\u2019in ya\u015fam\u00f6yk\u00fcs\u00fc, toplumsal \u00e7\u00f6z\u00fclmeyi bireyin i\u00e7 \u00e7at\u0131\u015fmalar\u0131 \u00fczerinden okumaya imk\u00e2n tan\u0131yor \u2013 unutmadan, unutturmadan ve ayn\u0131 mahkemeyi tekrar tekrar kurarak. Amipe benziyorsun. \u00d6n\u00fcne \u00e7\u0131kan her \u015feyi yutuyorsun. Par\u00e7alara b\u00f6l\u00fcyorsun kendini. Yeni par\u00e7alar da \u00f6n\u00fcne gelen \u015feyleri yutuyor. Ama sen artm\u0131yorsun. Bin par\u00e7as\u0131n, hi\u00e7biri bir arada de\u011fil.Boyuna da\u011f\u0131l\u0131yor, yay\u0131l\u0131yor, \u00f6z\u00fcnden uzakla\u015f\u0131yorsun. Ger\u00e7ekte, \u00f6z\u00fcn var m\u0131 senin, bir yo\u011funluk olu\u015fur mu sende, bilmiyorum. Yaz\u0131k sana. Ac\u0131yorum ama, ac\u0131nmaya de\u011fer yan\u0131n var m\u0131, bundan ku\u015fkuluyum. Sen hep b\u00f6yle miydin, yoksa sonradan m\u0131 de\u011fi\u015ftin, onu da bilmiyorum. Hep b\u00f6yle idiysen, nas\u0131l saklayabildin kendini? Senin varl\u0131\u011f\u0131n bile ku\u015fku verici, kaypak, ele ge\u00e7mez bir \u015fey sanki.\u00c7OK YAKINDA!.. Bir G\u00f6\u00e7men Ku\u015ftu O Emir Bey\u2019in K\u0131zlar\u0131 H\u00fcsn\u00fcyusuf G\u00fczellemesi<\/p>\n","protected":false},"excerpt":{"rendered":"<p>\u201cYa\u015famak fark\u0131na var\u0131lmayan bir \u015feydi.\u201dT\u00fcrk roman\u0131n\u0131n unutulmaz eserlerinden Cad\u0131 A\u011fac\u0131, t\u00fcm dallar\u0131 kurumu\u015f bir kad\u0131n\u0131n roman\u0131. Yaratt\u0131\u011f\u0131 karakterlerle kad\u0131n yaz\u0131n\u0131nda e\u015fsiz bir yer edinen Ayla Kutlu,<span class=\"excerpt-hellip\"> [\u2026]<\/span><\/p>\n","protected":false},"featured_media":0,"template":"","meta":{"_monsterinsights_skip_tracking":false,"_monsterinsights_sitenote_active":false,"_monsterinsights_sitenote_note":"","_monsterinsights_sitenote_category":0},"product_brand":[],"product_cat":[141304],"product_tag":[],"class_list":{"0":"post-777358","1":"product","2":"type-product","3":"status-publish","5":"product_cat-yeni-cikanlar","6":"pa_cilt-ciltsiz","7":"pa_tur-kitap","8":"pa_yayinevi-everest-yayinlari","9":"pa_yazar-ayla-kutlu","11":"first","12":"instock","13":"sale","14":"shipping-taxable","15":"purchasable","16":"product-type-simple"},"_links":{"self":[{"href":"https:\/\/roveyayinevi.com.tr\/index.php\/wp-json\/wp\/v2\/product\/777358","targetHints":{"allow":["GET"]}}],"collection":[{"href":"https:\/\/roveyayinevi.com.tr\/index.php\/wp-json\/wp\/v2\/product"}],"about":[{"href":"https:\/\/roveyayinevi.com.tr\/index.php\/wp-json\/wp\/v2\/types\/product"}],"wp:attachment":[{"href":"https:\/\/roveyayinevi.com.tr\/index.php\/wp-json\/wp\/v2\/media?parent=777358"}],"wp:term":[{"taxonomy":"product_brand","embeddable":true,"href":"https:\/\/roveyayinevi.com.tr\/index.php\/wp-json\/wp\/v2\/product_brand?post=777358"},{"taxonomy":"product_cat","embeddable":true,"href":"https:\/\/roveyayinevi.com.tr\/index.php\/wp-json\/wp\/v2\/product_cat?post=777358"},{"taxonomy":"product_tag","embeddable":true,"href":"https:\/\/roveyayinevi.com.tr\/index.php\/wp-json\/wp\/v2\/product_tag?post=777358"}],"curies":[{"name":"wp","href":"https:\/\/api.w.org\/{rel}","templated":true}]}}