{"id":777357,"date":"2025-10-14T11:47:56","date_gmt":"2025-10-14T08:47:56","guid":{"rendered":"https:\/\/roveyayinevi.com.tr\/index.php\/urun\/buyuk-tarih\/"},"modified":"2026-04-15T03:43:15","modified_gmt":"2026-04-15T00:43:15","slug":"buyuk-tarih","status":"publish","type":"product","link":"https:\/\/roveyayinevi.com.tr\/index.php\/urun\/buyuk-tarih\/","title":{"rendered":"B\u00fcy\u00fck Tarih"},"content":{"rendered":"<p>Tarih yazarken en ba\u015f\u0131ndan, b\u0131g bang\u2019den ba\u015flamak\u2026 tarihte yaln\u0131zca olaylara, sonu\u00e7lar\u0131na, ki\u015filere odaklanmak yerine biyoloji, kozmoloji, fizik gibi fen bilimleriyle di\u011fer sosyal bilimler birle\u015ftiriliyor. Evrenin ortaya \u00e7\u0131k\u0131\u015f\u0131ndan insanl\u0131\u011f\u0131n gelece\u011fine kadar uzun bir zaman diliminin kapsand\u0131\u011f\u0131 eserde insan\u0131n evrenle ve do\u011fayla kurdu\u011fu ili\u015fkinin tarihin ak\u0131\u015f\u0131n\u0131 nas\u0131l \u015fekillendirdi\u011fi disiplinleraras\u0131 bir yakla\u015f\u0131mla sunuluyor. D\u00fcn\u00fcm\u00fcz ve yar\u0131n\u0131m\u0131za ili\u015fkin sorular\u0131n cevapland\u0131\u011f\u0131 bu evrensel tarih anlat\u0131s\u0131 yararland\u0131\u011f\u0131 alanlar\u0131n \u00e7e\u015fitlili\u011fi nedeniyle bir \u00f6nc\u00fc olmakla birlikte, kapsad\u0131\u011f\u0131 zaman aral\u0131\u011f\u0131 a\u00e7\u0131s\u0131ndan da e\u015fsiz bir cesaret ve ba\u015far\u0131 g\u00f6steriyor. Bu kitapta evrendeki \u201cher \u015feyin b\u00fcy\u00fck tarihi\u201d yaz\u0131l\u0131yor.<\/p>\n","protected":false},"excerpt":{"rendered":"<p>Tarih yazarken en ba\u015f\u0131ndan, b\u0131g bang\u2019den ba\u015flamak\u2026 tarihte yaln\u0131zca olaylara, sonu\u00e7lar\u0131na, ki\u015filere odaklanmak yerine biyoloji, kozmoloji, fizik gibi fen bilimleriyle di\u011fer sosyal bilimler birle\u015ftiriliyor. Evrenin ortaya<span class=\"excerpt-hellip\"> [\u2026]<\/span><\/p>\n","protected":false},"featured_media":0,"template":"","meta":{"_monsterinsights_skip_tracking":false,"_monsterinsights_sitenote_active":false,"_monsterinsights_sitenote_note":"","_monsterinsights_sitenote_category":0},"product_brand":[],"product_cat":[141304],"product_tag":[],"class_list":{"0":"post-777357","1":"product","2":"type-product","3":"status-publish","5":"product_cat-yeni-cikanlar","6":"pa_cilt-ciltsiz","7":"pa_tur-kitap","8":"pa_yayinevi-alfa-yayinlari","9":"pa_yazar-kolektif","11":"first","12":"instock","13":"sale","14":"shipping-taxable","15":"purchasable","16":"product-type-simple"},"_links":{"self":[{"href":"https:\/\/roveyayinevi.com.tr\/index.php\/wp-json\/wp\/v2\/product\/777357","targetHints":{"allow":["GET"]}}],"collection":[{"href":"https:\/\/roveyayinevi.com.tr\/index.php\/wp-json\/wp\/v2\/product"}],"about":[{"href":"https:\/\/roveyayinevi.com.tr\/index.php\/wp-json\/wp\/v2\/types\/product"}],"wp:attachment":[{"href":"https:\/\/roveyayinevi.com.tr\/index.php\/wp-json\/wp\/v2\/media?parent=777357"}],"wp:term":[{"taxonomy":"product_brand","embeddable":true,"href":"https:\/\/roveyayinevi.com.tr\/index.php\/wp-json\/wp\/v2\/product_brand?post=777357"},{"taxonomy":"product_cat","embeddable":true,"href":"https:\/\/roveyayinevi.com.tr\/index.php\/wp-json\/wp\/v2\/product_cat?post=777357"},{"taxonomy":"product_tag","embeddable":true,"href":"https:\/\/roveyayinevi.com.tr\/index.php\/wp-json\/wp\/v2\/product_tag?post=777357"}],"curies":[{"name":"wp","href":"https:\/\/api.w.org\/{rel}","templated":true}]}}