{"id":777355,"date":"2025-10-14T11:47:51","date_gmt":"2025-10-14T08:47:51","guid":{"rendered":"https:\/\/roveyayinevi.com.tr\/index.php\/urun\/anadolu-selcuklulari\/"},"modified":"2026-04-15T03:43:15","modified_gmt":"2026-04-15T00:43:15","slug":"anadolu-selcuklulari","status":"publish","type":"product","link":"https:\/\/roveyayinevi.com.tr\/index.php\/urun\/anadolu-selcuklulari\/","title":{"rendered":"Anadolu Sel\u00e7uklular\u0131"},"content":{"rendered":"<p>T\u00fcrkler kimdir ve nereden geldiler? On birinci y\u00fczy\u0131ldan itibaren Anadolu\u2019ya gelerek buraya yay\u0131lan ve yerle\u015fen Anadolu Sel\u00e7uklular\u0131, b\u00f6lgedeki ilk T\u00fcrk devletini kurdular. N\u00fcfusun \u00e7o\u011funlu\u011funu H\u0131ristiyanlar\u0131n olu\u015fturdu\u011fu K\u00fc\u00e7\u00fck Asya\u2019da \u0130slam n\u00fcfuzunu ba\u015flatarak bu co\u011frafyadaki en \u00f6nemli sosyok\u00fclt\u00fcrel de\u011fi\u015fimlerden birinin fitilini ate\u015flediler. Siyasi birli\u011fi olmayan Anadolu\u2019yu gerek fetihlerle, gerek ittifaklarla kontrol alt\u0131na al\u0131p, kendilerinden sonraki beyliklere, \u00f6zellikle de b\u00fct\u00fcn d\u00fcnyaya yay\u0131lacak olan Osmanl\u0131lara \u00f6nemli bir siyasi, askeri ve k\u00fclt\u00fcrel miras b\u0131rakt\u0131lar. Kitab\u0131n ilk b\u00f6l\u00fcm\u00fcnde askeri ve siyasi geli\u015fmeler anlat\u0131l\u0131rken, ikinci b\u00f6l\u00fcm at s\u0131rt\u0131ndaki bu sava\u015f\u00e7\u0131lar\u0131n Anadolu\u2019da b\u0131rakt\u0131\u011f\u0131 ve izleri h\u00e2l\u00e2 g\u00f6r\u00fclen k\u00fclt\u00fcrel miras\u0131n incelendi\u011fi  bir seyahatname niteli\u011fi ta\u015f\u0131yor.<\/p>\n","protected":false},"excerpt":{"rendered":"<p>T\u00fcrkler kimdir ve nereden geldiler? On birinci y\u00fczy\u0131ldan itibaren Anadolu\u2019ya gelerek buraya yay\u0131lan ve yerle\u015fen Anadolu Sel\u00e7uklular\u0131, b\u00f6lgedeki ilk T\u00fcrk devletini kurdular. N\u00fcfusun \u00e7o\u011funlu\u011funu H\u0131ristiyanlar\u0131n olu\u015fturdu\u011fu<span class=\"excerpt-hellip\"> [\u2026]<\/span><\/p>\n","protected":false},"featured_media":0,"template":"","meta":{"_monsterinsights_skip_tracking":false,"_monsterinsights_sitenote_active":false,"_monsterinsights_sitenote_note":"","_monsterinsights_sitenote_category":0},"product_brand":[],"product_cat":[12304,13650],"product_tag":[],"class_list":{"0":"post-777355","1":"product","2":"type-product","3":"status-publish","5":"product_cat-tarih","6":"product_cat-turk-tarihi-arastirmalari","7":"pa_cilt-ciltsiz","8":"pa_tur-kitap","9":"pa_yayinevi-alfa-yayinlari","10":"pa_yazar-john-freely","12":"first","13":"instock","14":"sale","15":"shipping-taxable","16":"purchasable","17":"product-type-simple"},"_links":{"self":[{"href":"https:\/\/roveyayinevi.com.tr\/index.php\/wp-json\/wp\/v2\/product\/777355","targetHints":{"allow":["GET"]}}],"collection":[{"href":"https:\/\/roveyayinevi.com.tr\/index.php\/wp-json\/wp\/v2\/product"}],"about":[{"href":"https:\/\/roveyayinevi.com.tr\/index.php\/wp-json\/wp\/v2\/types\/product"}],"wp:attachment":[{"href":"https:\/\/roveyayinevi.com.tr\/index.php\/wp-json\/wp\/v2\/media?parent=777355"}],"wp:term":[{"taxonomy":"product_brand","embeddable":true,"href":"https:\/\/roveyayinevi.com.tr\/index.php\/wp-json\/wp\/v2\/product_brand?post=777355"},{"taxonomy":"product_cat","embeddable":true,"href":"https:\/\/roveyayinevi.com.tr\/index.php\/wp-json\/wp\/v2\/product_cat?post=777355"},{"taxonomy":"product_tag","embeddable":true,"href":"https:\/\/roveyayinevi.com.tr\/index.php\/wp-json\/wp\/v2\/product_tag?post=777355"}],"curies":[{"name":"wp","href":"https:\/\/api.w.org\/{rel}","templated":true}]}}