{"id":777352,"date":"2025-10-14T11:47:44","date_gmt":"2025-10-14T08:47:44","guid":{"rendered":"https:\/\/roveyayinevi.com.tr\/index.php\/urun\/duslerin-raf-omru\/"},"modified":"2025-10-16T20:12:09","modified_gmt":"2025-10-16T17:12:09","slug":"duslerin-raf-omru","status":"publish","type":"product","link":"https:\/\/roveyayinevi.com.tr\/index.php\/urun\/duslerin-raf-omru\/","title":{"rendered":"D\u00fc\u015flerin Raf \u00d6mr\u00fc"},"content":{"rendered":"<p>G\u00fcndelik hayat\u0131n en s\u0131radan anlar\u0131n\u0131 d\u00fc\u015f\u00fcn\u00fcn: Yemek yemek, uyumak, evde oturmak, bir dostla sohbet etmek\u2026 \u0130lke Kalayc\u0131\u2019n\u0131n \u00f6yk\u00fclerinde bu anlar, birdenbire bamba\u015fka bir y\u00f6ne savrulabiliyor. Al\u0131\u015f\u0131ld\u0131k olan\u0131n i\u00e7inden beliren tuhafl\u0131klar, okuru hem g\u00fcl\u00fcmsetiyor hem de d\u00fc\u015f\u00fcnd\u00fcr\u00fcyor. Bu kitapta bedenler k\u00fc\u00e7\u00fcl\u00fcp bir termosa s\u0131\u011fabiliyor, bir kedi haf\u0131zan\u0131n koruyucusu olup kar\u015f\u0131m\u0131za \u00e7\u0131kabiliyor, s\u0131radan bir e\u015fya insana meydan okuyabiliyor. Ger\u00e7e\u011fin bildi\u011fimiz s\u0131n\u0131rlar\u0131n\u0131 zorlayan bu \u00f6yk\u00fcler, ya\u015fam\u0131n hem abs\u00fcrt yan\u0131n\u0131 hem de i\u00e7imizi \u0131s\u0131tan s\u0131cakl\u0131\u011f\u0131n\u0131 bir araya getiriyor. D\u00fc\u015flerin Raf \u00d6mr\u00fc, hayal g\u00fcc\u00fcn\u00fc k\u0131\u015fk\u0131rtan, samimi diliyle yak\u0131nl\u0131k kuran ve okuru ger\u00e7ekli\u011fin s\u0131n\u0131r\u0131nda uzun bir y\u00fcr\u00fcy\u00fc\u015fe davet eden \u00f6yk\u00fclerden olu\u015fuyor.<\/p>\n","protected":false},"excerpt":{"rendered":"<p>G\u00fcndelik hayat\u0131n en s\u0131radan anlar\u0131n\u0131 d\u00fc\u015f\u00fcn\u00fcn: Yemek yemek, uyumak, evde oturmak, bir dostla sohbet etmek\u2026 \u0130lke Kalayc\u0131\u2019n\u0131n \u00f6yk\u00fclerinde bu anlar, birdenbire bamba\u015fka bir y\u00f6ne savrulabiliyor. Al\u0131\u015f\u0131ld\u0131k<span class=\"excerpt-hellip\"> [\u2026]<\/span><\/p>\n","protected":false},"featured_media":0,"template":"","meta":{"_monsterinsights_skip_tracking":false,"_monsterinsights_sitenote_active":false,"_monsterinsights_sitenote_note":"","_monsterinsights_sitenote_category":0},"product_brand":[],"product_cat":[12291,18202],"product_tag":[],"class_list":{"0":"post-777352","1":"product","2":"type-product","3":"status-publish","5":"product_cat-edebiyat","6":"product_cat-hikaye","7":"pa_cilt-ciltsiz","8":"pa_tur-kitap","9":"pa_yayinevi-duino-kitap","10":"pa_yazar-ilke-kalayci","12":"first","13":"instock","14":"sale","15":"shipping-taxable","16":"purchasable","17":"product-type-simple"},"_links":{"self":[{"href":"https:\/\/roveyayinevi.com.tr\/index.php\/wp-json\/wp\/v2\/product\/777352","targetHints":{"allow":["GET"]}}],"collection":[{"href":"https:\/\/roveyayinevi.com.tr\/index.php\/wp-json\/wp\/v2\/product"}],"about":[{"href":"https:\/\/roveyayinevi.com.tr\/index.php\/wp-json\/wp\/v2\/types\/product"}],"wp:attachment":[{"href":"https:\/\/roveyayinevi.com.tr\/index.php\/wp-json\/wp\/v2\/media?parent=777352"}],"wp:term":[{"taxonomy":"product_brand","embeddable":true,"href":"https:\/\/roveyayinevi.com.tr\/index.php\/wp-json\/wp\/v2\/product_brand?post=777352"},{"taxonomy":"product_cat","embeddable":true,"href":"https:\/\/roveyayinevi.com.tr\/index.php\/wp-json\/wp\/v2\/product_cat?post=777352"},{"taxonomy":"product_tag","embeddable":true,"href":"https:\/\/roveyayinevi.com.tr\/index.php\/wp-json\/wp\/v2\/product_tag?post=777352"}],"curies":[{"name":"wp","href":"https:\/\/api.w.org\/{rel}","templated":true}]}}