{"id":777349,"date":"2025-10-14T11:47:38","date_gmt":"2025-10-14T08:47:38","guid":{"rendered":"https:\/\/roveyayinevi.com.tr\/index.php\/urun\/golgeler-cagi-insanligin-dongusu-cilt-1\/"},"modified":"2026-04-15T03:43:15","modified_gmt":"2026-04-15T00:43:15","slug":"golgeler-cagi-insanligin-dongusu-cilt-1","status":"publish","type":"product","link":"https:\/\/roveyayinevi.com.tr\/index.php\/urun\/golgeler-cagi-insanligin-dongusu-cilt-1\/","title":{"rendered":"G\u00f6lgeler \u00c7a\u011f\u0131 &#8221; \u0130nsanl\u0131\u011f\u0131n D\u00f6ng\u00fcs\u00fc&#8221; (Cilt 1)"},"content":{"rendered":"<p>\u201cBir hat\u0131ra ne zaman yok olur? Ya da hat\u0131rlad\u0131\u011f\u0131n ki\u015fi, asl\u0131nda sen de\u011filse? Bu kitap bir hik\u00e2ye de\u011fil; zihnin karanl\u0131k katmanlar\u0131nda yolculuk yapanlar\u0131n hat\u0131rlama rit\u00fceli. Haf\u0131zan\u0131n ta\u015f\u0131y\u0131c\u0131s\u0131 Kevin\u2019in evreni; yaln\u0131zca sim\u00fclasyonlarla de\u011fil, unutulan tanr\u0131larla ve kaybolan kimliklerle \u00f6r\u00fclm\u00fc\u015f bir sonsuzluk. \u2018\u0130nsanl\u0131\u011f\u0131n D\u00f6ng\u00fcs\u00fc\u2019 sadece bir roman de\u011fil, bir varolu\u015f sorusu: Sen, ger\u00e7ekten kimdin?\u201d Yunus Bozkurt\u2019tan, felsefi bilimkurgu sevenlere yepyeni bir zihinsel evren\u2026 <\/p>\n","protected":false},"excerpt":{"rendered":"<p>\u201cBir hat\u0131ra ne zaman yok olur? Ya da hat\u0131rlad\u0131\u011f\u0131n ki\u015fi, asl\u0131nda sen de\u011filse? Bu kitap bir hik\u00e2ye de\u011fil; zihnin karanl\u0131k katmanlar\u0131nda yolculuk yapanlar\u0131n hat\u0131rlama rit\u00fceli. Haf\u0131zan\u0131n<span class=\"excerpt-hellip\"> [\u2026]<\/span><\/p>\n","protected":false},"featured_media":0,"template":"","meta":{"_monsterinsights_skip_tracking":false,"_monsterinsights_sitenote_active":false,"_monsterinsights_sitenote_note":"","_monsterinsights_sitenote_category":0},"product_brand":[],"product_cat":[12291,14777],"product_tag":[],"class_list":{"0":"post-777349","1":"product","2":"type-product","3":"status-publish","5":"product_cat-edebiyat","6":"product_cat-fantastik","7":"pa_cilt-ciltsiz","8":"pa_tur-kitap","9":"pa_yayinevi-kmd-yayinlari","10":"pa_yazar-yunus-bozkurt","12":"first","13":"instock","14":"sale","15":"shipping-taxable","16":"purchasable","17":"product-type-simple"},"_links":{"self":[{"href":"https:\/\/roveyayinevi.com.tr\/index.php\/wp-json\/wp\/v2\/product\/777349","targetHints":{"allow":["GET"]}}],"collection":[{"href":"https:\/\/roveyayinevi.com.tr\/index.php\/wp-json\/wp\/v2\/product"}],"about":[{"href":"https:\/\/roveyayinevi.com.tr\/index.php\/wp-json\/wp\/v2\/types\/product"}],"wp:attachment":[{"href":"https:\/\/roveyayinevi.com.tr\/index.php\/wp-json\/wp\/v2\/media?parent=777349"}],"wp:term":[{"taxonomy":"product_brand","embeddable":true,"href":"https:\/\/roveyayinevi.com.tr\/index.php\/wp-json\/wp\/v2\/product_brand?post=777349"},{"taxonomy":"product_cat","embeddable":true,"href":"https:\/\/roveyayinevi.com.tr\/index.php\/wp-json\/wp\/v2\/product_cat?post=777349"},{"taxonomy":"product_tag","embeddable":true,"href":"https:\/\/roveyayinevi.com.tr\/index.php\/wp-json\/wp\/v2\/product_tag?post=777349"}],"curies":[{"name":"wp","href":"https:\/\/api.w.org\/{rel}","templated":true}]}}