{"id":777343,"date":"2025-10-14T11:47:26","date_gmt":"2025-10-14T08:47:26","guid":{"rendered":"https:\/\/roveyayinevi.com.tr\/index.php\/urun\/fisilti-4\/"},"modified":"2026-04-03T03:33:42","modified_gmt":"2026-04-03T00:33:42","slug":"fisilti-4","status":"publish","type":"product","link":"https:\/\/roveyayinevi.com.tr\/index.php\/urun\/fisilti-4\/","title":{"rendered":"F\u0131s\u0131lt\u0131"},"content":{"rendered":"<p>Kokmadan da ula\u015f\u0131labilir bir hayat var. Y\u00fcksek sesle ba\u011f\u0131rmadan, kendini kan\u0131tlamadan da sevilebilir bir \u201csen\u201d var. Bu kitap, o sessiz ama g\u00fc\u00e7l\u00fc sesi duyman i\u00e7in var. Kendine d\u00f6n\u00fc\u015f\u00fcn f\u0131s\u0131lt\u0131s\u0131, bu sayfalarda sakl\u0131. Her b\u00f6l\u00fcm, hayat\u0131n i\u00e7indeki g\u00f6r\u00fcnmeyen ama hissedilen detaylara dokunuyor: sab\u0131rla, yava\u015fl\u0131kla, sadakatle, hissederek, oldu\u011fun gibi\u2026 Belki de arad\u0131\u011f\u0131n cevap hi\u00e7 d\u0131\u015far\u0131da de\u011fildi. Belki de arad\u0131\u011f\u0131n \u015fey, i\u00e7indeki o f\u0131s\u0131lt\u0131yd\u0131. <\/p>\n","protected":false},"excerpt":{"rendered":"<p>Kokmadan da ula\u015f\u0131labilir bir hayat var. Y\u00fcksek sesle ba\u011f\u0131rmadan, kendini kan\u0131tlamadan da sevilebilir bir \u201csen\u201d var. Bu kitap, o sessiz ama g\u00fc\u00e7l\u00fc sesi duyman i\u00e7in var.<span class=\"excerpt-hellip\"> [\u2026]<\/span><\/p>\n","protected":false},"featured_media":0,"template":"","meta":{"_monsterinsights_skip_tracking":false,"_monsterinsights_sitenote_active":false,"_monsterinsights_sitenote_note":"","_monsterinsights_sitenote_category":0},"product_brand":[],"product_cat":[12364,12376],"product_tag":[],"class_list":{"0":"post-777343","1":"product","2":"type-product","3":"status-publish","5":"product_cat-genel-konular","6":"product_cat-kisisel-gelisim","7":"pa_cilt-ciltsiz","8":"pa_tur-kitap","9":"pa_yayinevi-ugi","10":"pa_yazar-gokce-ipek","12":"first","13":"instock","14":"sale","15":"shipping-taxable","16":"purchasable","17":"product-type-simple"},"_links":{"self":[{"href":"https:\/\/roveyayinevi.com.tr\/index.php\/wp-json\/wp\/v2\/product\/777343","targetHints":{"allow":["GET"]}}],"collection":[{"href":"https:\/\/roveyayinevi.com.tr\/index.php\/wp-json\/wp\/v2\/product"}],"about":[{"href":"https:\/\/roveyayinevi.com.tr\/index.php\/wp-json\/wp\/v2\/types\/product"}],"wp:attachment":[{"href":"https:\/\/roveyayinevi.com.tr\/index.php\/wp-json\/wp\/v2\/media?parent=777343"}],"wp:term":[{"taxonomy":"product_brand","embeddable":true,"href":"https:\/\/roveyayinevi.com.tr\/index.php\/wp-json\/wp\/v2\/product_brand?post=777343"},{"taxonomy":"product_cat","embeddable":true,"href":"https:\/\/roveyayinevi.com.tr\/index.php\/wp-json\/wp\/v2\/product_cat?post=777343"},{"taxonomy":"product_tag","embeddable":true,"href":"https:\/\/roveyayinevi.com.tr\/index.php\/wp-json\/wp\/v2\/product_tag?post=777343"}],"curies":[{"name":"wp","href":"https:\/\/api.w.org\/{rel}","templated":true}]}}