{"id":777338,"date":"2025-10-14T11:47:19","date_gmt":"2025-10-14T08:47:19","guid":{"rendered":"https:\/\/roveyayinevi.com.tr\/index.php\/urun\/yikici-egitim-sistemi-ve-toplumsallasan-erkek-siddeti\/"},"modified":"2026-04-15T03:43:14","modified_gmt":"2026-04-15T00:43:14","slug":"yikici-egitim-sistemi-ve-toplumsallasan-erkek-siddeti","status":"publish","type":"product","link":"https:\/\/roveyayinevi.com.tr\/index.php\/urun\/yikici-egitim-sistemi-ve-toplumsallasan-erkek-siddeti\/","title":{"rendered":"Y\u0131k\u0131c\u0131 E\u011fitim Sistemi ve Toplumsalla\u015fan Erkek \u015eiddeti"},"content":{"rendered":"<p>\u201cBilgi do\u011fal g\u00fc\u00e7lerin ve y\u0131k\u0131c\u0131 unsurlar\u0131n bask\u0131s\u0131ndan bizi kurtar\u0131r. Umut etti\u011fimiz d\u00fcnya bilgi olmadan kurulamaz. Korkusuz ve \u00f6zg\u00fcrl\u00fck i\u00e7inde yeti\u015ftirilmi\u015f bir ku\u015fa\u011f\u0131n bizim i\u00e7in m\u00fcmk\u00fcn olandan daha geni\u015f, daha atak umutlar\u0131 olacakt\u0131r. Biz h\u00e2l\u00e2 bilin\u00e7 d\u00fczeyimizin alt\u0131nda bizim i\u00e7in pusuya yatm\u0131\u015f olan bat\u0131l inan\u00e7lar ve korkularla m\u00fccadele etmek zorunday\u0131z. Biz de\u011fil, bizim yarataca\u011f\u0131m\u0131z \u00f6zg\u00fcr erkek ve kad\u0131nlar, yeni d\u00fcnyay\u0131, daha \u00f6nce hayallerinde, sonra da ger\u00e7e\u011fin b\u00fct\u00fcn parlakl\u0131\u011f\u0131yla g\u00f6rmelidirler. Yol a\u00e7\u0131kt\u0131r. Bu yolda y\u00fcr\u00fcyecek kadar \u00e7ocuklar\u0131m\u0131z\u0131 seviyor muyuz? Yoksa kendi \u00e7ekti\u011fimiz ac\u0131y\u0131 onlara da m\u0131 \u00e7ektirece\u011fiz? Gen\u00e7liklerinde e\u011fri b\u00fc\u011fr\u00fc, bodur ve korkak olmalar\u0131n\u0131, sonradan da ak\u0131llar\u0131n\u0131n sindirilmi\u015f olmalar\u0131 y\u00fcz\u00fcnden \u00f6nleyemedikleri sava\u015flarda \u00f6ld\u00fcr\u00fclmelerine izin mi verece\u011fiz?\u201d Bertrand Russel \/ E\u011fitim \u00dczerine <\/p>\n","protected":false},"excerpt":{"rendered":"<p>\u201cBilgi do\u011fal g\u00fc\u00e7lerin ve y\u0131k\u0131c\u0131 unsurlar\u0131n bask\u0131s\u0131ndan bizi kurtar\u0131r. Umut etti\u011fimiz d\u00fcnya bilgi olmadan kurulamaz. Korkusuz ve \u00f6zg\u00fcrl\u00fck i\u00e7inde yeti\u015ftirilmi\u015f bir ku\u015fa\u011f\u0131n bizim i\u00e7in m\u00fcmk\u00fcn olandan<span class=\"excerpt-hellip\"> [\u2026]<\/span><\/p>\n","protected":false},"featured_media":0,"template":"","meta":{"_monsterinsights_skip_tracking":false,"_monsterinsights_sitenote_active":false,"_monsterinsights_sitenote_note":"","_monsterinsights_sitenote_category":0},"product_brand":[],"product_cat":[13488],"product_tag":[],"class_list":{"0":"post-777338","1":"product","2":"type-product","3":"status-publish","5":"product_cat-toplum-ve-insan","6":"pa_cilt-ciltsiz","7":"pa_tur-kitap","8":"pa_yayinevi-sinirsiz-kitap","9":"pa_yazar-cemal-cagli","11":"first","12":"instock","13":"sale","14":"shipping-taxable","15":"purchasable","16":"product-type-simple"},"_links":{"self":[{"href":"https:\/\/roveyayinevi.com.tr\/index.php\/wp-json\/wp\/v2\/product\/777338","targetHints":{"allow":["GET"]}}],"collection":[{"href":"https:\/\/roveyayinevi.com.tr\/index.php\/wp-json\/wp\/v2\/product"}],"about":[{"href":"https:\/\/roveyayinevi.com.tr\/index.php\/wp-json\/wp\/v2\/types\/product"}],"wp:attachment":[{"href":"https:\/\/roveyayinevi.com.tr\/index.php\/wp-json\/wp\/v2\/media?parent=777338"}],"wp:term":[{"taxonomy":"product_brand","embeddable":true,"href":"https:\/\/roveyayinevi.com.tr\/index.php\/wp-json\/wp\/v2\/product_brand?post=777338"},{"taxonomy":"product_cat","embeddable":true,"href":"https:\/\/roveyayinevi.com.tr\/index.php\/wp-json\/wp\/v2\/product_cat?post=777338"},{"taxonomy":"product_tag","embeddable":true,"href":"https:\/\/roveyayinevi.com.tr\/index.php\/wp-json\/wp\/v2\/product_tag?post=777338"}],"curies":[{"name":"wp","href":"https:\/\/api.w.org\/{rel}","templated":true}]}}