{"id":777336,"date":"2025-10-14T11:45:47","date_gmt":"2025-10-14T08:45:47","guid":{"rendered":"https:\/\/roveyayinevi.com.tr\/index.php\/urun\/avrupa-hukuk-tarihi\/"},"modified":"2026-04-15T03:43:06","modified_gmt":"2026-04-15T00:43:06","slug":"avrupa-hukuk-tarihi","status":"publish","type":"product","link":"https:\/\/roveyayinevi.com.tr\/index.php\/urun\/avrupa-hukuk-tarihi\/","title":{"rendered":"Avrupa Hukuk Tarihi"},"content":{"rendered":"<p>Avrupa\u2019n\u0131n hukuki evrimini bir b\u00fct\u00fcn olarak incelemek, Bat\u0131 toplumlar\u0131n\u0131n tarihini yakla\u015f\u0131k 18. y\u00fczy\u0131l\u0131n ortalar\u0131ndan, yani modern d\u00f6neme ge\u00e7i\u015ften itibaren ele almak demektir. Frans\u0131z Devrimi, Sanayi Devrimi, i\u015f\u00e7i talepleri ile feminist ve aile kurumunu temel alan hareketler; Fransa, \u0130ngiltere, Almanya, \u0130talya ve di\u011fer \u00fclkelerde k\u00f6kl\u00fc hukuki d\u00f6n\u00fc\u015f\u00fcmlere yol a\u00e7m\u0131\u015ft\u0131r. Bu geli\u015fmeler, 20. y\u00fczy\u0131l\u0131n ba\u015flar\u0131nda \u00e7e\u015fitli hukuk sistemleri aras\u0131nda bir yak\u0131nla\u015fmay\u0131 beraberinde getirmi\u015ftir. Ne var ki, Sovyet hukukunun do\u011fu\u015fu ve ard\u0131ndan fa\u015fist rejimlerin iktidara geli\u015fi, iki sava\u015f aras\u0131 d\u00f6nemde siyasi ve ideolojik ayr\u0131\u015fmalar\u0131 \u00f6n plana \u00e7\u0131karm\u0131\u015f; bu b\u00f6l\u00fcnm\u00fc\u015fl\u00fck, II. D\u00fcnya Sava\u015f\u0131 sonras\u0131nda da k\u0131rk y\u0131l boyunca varl\u0131\u011f\u0131n\u0131 s\u00fcrd\u00fcrm\u00fc\u015ft\u00fcr. Ancak Berlin Duvar\u0131\u2019n\u0131n y\u0131k\u0131lmas\u0131yla birlikte, Avrupa\u2019daki \u00f6zg\u00fcrl\u00fck ortam\u0131nda, hukuk sistemleri aras\u0131nda ortak e\u011filimler yeniden g\u00fc\u00e7 kazanm\u0131\u015f; bu kez ba\u015fka tart\u0131\u015fmalar \u00f6ne \u00e7\u0131km\u0131\u015ft\u0131r: Refah devletinin gelece\u011fi \u2013\u00f6zellikle emek\u00e7ilere tan\u0131nm\u0131\u015f haklar\u0131n sorgulanma riskiyle\u2013 ya da e\u015fcinsel evlilik gibi yeni toplumsal ger\u00e7ekliklerle y\u00fczle\u015fen aile hukukunun d\u00f6n\u00fc\u015f\u00fcm\u00fc. Avrupa Birli\u011fi b\u00fcnyesinde hukuklar\u0131n ne \u00f6l\u00e7\u00fcde uyum kazanmas\u0131n\u0131n arzu edilir oldu\u011fu sorusunun g\u00fcn\u00fcm\u00fczde yeniden hararetle tart\u0131\u015f\u0131ld\u0131\u011f\u0131 bir d\u00f6nemde, tarihsel perspektif, hem hukuki \u00e7e\u015fitlili\u011fi hem de ortak zemini kavramaya katk\u0131 sa\u011flamaktad\u0131r.   Birden \u00e7ok hukuk tarihinin yan yana varl\u0131\u011f\u0131n\u0131n \u00f6nemini savunan Halp\u00e9rin, \u201chukuk bilimlerini hukuksal kurallar\u0131 g\u00f6zlemleyen sosyal bilimler olarak kavramak\u201d gerekti\u011fini vurgulamaktad\u0131r.   Kitab\u0131n yazar\u0131 Jean-Louis Halp\u00e9rin, bu alanda yay\u0131mlad\u0131\u011f\u0131 meslek\u00ee ve entelekt\u00fcel kitaplar\u0131yla Avrupa hukuk \u00e7evrelerince yak\u0131ndan takip edilen bir isimdir.  <\/p>\n","protected":false},"excerpt":{"rendered":"<p>Avrupa\u2019n\u0131n hukuki evrimini bir b\u00fct\u00fcn olarak incelemek, Bat\u0131 toplumlar\u0131n\u0131n tarihini yakla\u015f\u0131k 18. y\u00fczy\u0131l\u0131n ortalar\u0131ndan, yani modern d\u00f6neme ge\u00e7i\u015ften itibaren ele almak demektir. Frans\u0131z Devrimi, Sanayi Devrimi,<span class=\"excerpt-hellip\"> [\u2026]<\/span><\/p>\n","protected":false},"featured_media":0,"template":"","meta":{"_monsterinsights_skip_tracking":false,"_monsterinsights_sitenote_active":false,"_monsterinsights_sitenote_note":"","_monsterinsights_sitenote_category":0},"product_brand":[],"product_cat":[15350],"product_tag":[],"class_list":{"0":"post-777336","1":"product","2":"type-product","3":"status-publish","5":"product_cat-hukuk","6":"pa_cilt-ciltsiz","7":"pa_tur-kitap","8":"pa_yayinevi-dogu-bati-yayinlari","9":"pa_yazar-jean-louis-halperin","11":"first","12":"instock","13":"sale","14":"shipping-taxable","15":"purchasable","16":"product-type-simple"},"_links":{"self":[{"href":"https:\/\/roveyayinevi.com.tr\/index.php\/wp-json\/wp\/v2\/product\/777336","targetHints":{"allow":["GET"]}}],"collection":[{"href":"https:\/\/roveyayinevi.com.tr\/index.php\/wp-json\/wp\/v2\/product"}],"about":[{"href":"https:\/\/roveyayinevi.com.tr\/index.php\/wp-json\/wp\/v2\/types\/product"}],"wp:attachment":[{"href":"https:\/\/roveyayinevi.com.tr\/index.php\/wp-json\/wp\/v2\/media?parent=777336"}],"wp:term":[{"taxonomy":"product_brand","embeddable":true,"href":"https:\/\/roveyayinevi.com.tr\/index.php\/wp-json\/wp\/v2\/product_brand?post=777336"},{"taxonomy":"product_cat","embeddable":true,"href":"https:\/\/roveyayinevi.com.tr\/index.php\/wp-json\/wp\/v2\/product_cat?post=777336"},{"taxonomy":"product_tag","embeddable":true,"href":"https:\/\/roveyayinevi.com.tr\/index.php\/wp-json\/wp\/v2\/product_tag?post=777336"}],"curies":[{"name":"wp","href":"https:\/\/api.w.org\/{rel}","templated":true}]}}