{"id":777334,"date":"2025-10-14T11:45:02","date_gmt":"2025-10-14T08:45:02","guid":{"rendered":"https:\/\/roveyayinevi.com.tr\/index.php\/urun\/74-sayfa\/"},"modified":"2026-04-15T03:42:40","modified_gmt":"2026-04-15T00:42:40","slug":"74-sayfa","status":"publish","type":"product","link":"https:\/\/roveyayinevi.com.tr\/index.php\/urun\/74-sayfa\/","title":{"rendered":"74. Sayfa"},"content":{"rendered":"<p>Ger\u00e7ek sand\u0131\u011f\u0131n\u0131z her \u015feyin bir yan\u0131lsama veya izafi oldu\u011funu fark etti\u011finizde&#8230; \u00c7ok ge\u00e7 olabilir.&#8221; Iss\u0131z bir il\u00e7eye ba\u015flayan s\u0131radan bir yolculuk ile ge\u00e7mi\u015fin karanl\u0131k dehlizlerinden y\u00fckselen kimsesiz \u00e7\u0131\u011fl\u0131klar kabusa d\u00f6n\u00fc\u015f\u00fcyor. Kaybolan bir d\u00fc\u015ften, k\u0131r\u0131k aynalara beliren suretler ve g\u00f6lgelerin aras\u0131na saklanm\u0131\u015f bir b\u00fcy\u00fcl\u00fc ger\u00e7eklik&#8230; Karanl\u0131\u011f\u0131n \u0131\u015f\u0131\u011f\u0131 yuttu\u011fu yerde korkunun zihni, heyecan\u0131n bedeni ele ge\u00e7irdi\u011fi ve bir daha ya\u015fanas\u0131 hik\u00e2yede; kimse hi\u00e7 g\u00f6r\u00fcnd\u00fc\u011f\u00fc gibi de\u011fil ve hi\u00e7bir s\u0131r sonsuza dek sakl\u0131 kalmaz.! Haz\u0131r m\u0131s\u0131n\u0131z? Haz\u0131rsan\u0131z bu defa sadece okuyup ge\u00e7meyeceksiniz, binaenaleyh ya\u015fayacaks\u0131n\u0131z. Vildan Ak\u0131n <\/p>\n","protected":false},"excerpt":{"rendered":"<p>Ger\u00e7ek sand\u0131\u011f\u0131n\u0131z her \u015feyin bir yan\u0131lsama veya izafi oldu\u011funu fark etti\u011finizde&#8230; \u00c7ok ge\u00e7 olabilir.&#8221; Iss\u0131z bir il\u00e7eye ba\u015flayan s\u0131radan bir yolculuk ile ge\u00e7mi\u015fin karanl\u0131k dehlizlerinden y\u00fckselen<span class=\"excerpt-hellip\"> [\u2026]<\/span><\/p>\n","protected":false},"featured_media":0,"template":"","meta":{"_monsterinsights_skip_tracking":false,"_monsterinsights_sitenote_active":false,"_monsterinsights_sitenote_note":"","_monsterinsights_sitenote_category":0},"product_brand":[],"product_cat":[12291,12711],"product_tag":[],"class_list":{"0":"post-777334","1":"product","2":"type-product","3":"status-publish","5":"product_cat-edebiyat","6":"product_cat-roman-oyku","7":"pa_cilt-ciltsiz","8":"pa_tur-kitap","9":"pa_yayinevi-gulnar-yayinlari","10":"pa_yazar-yuksel-koker","12":"first","13":"instock","14":"sale","15":"shipping-taxable","16":"purchasable","17":"product-type-simple"},"_links":{"self":[{"href":"https:\/\/roveyayinevi.com.tr\/index.php\/wp-json\/wp\/v2\/product\/777334","targetHints":{"allow":["GET"]}}],"collection":[{"href":"https:\/\/roveyayinevi.com.tr\/index.php\/wp-json\/wp\/v2\/product"}],"about":[{"href":"https:\/\/roveyayinevi.com.tr\/index.php\/wp-json\/wp\/v2\/types\/product"}],"wp:attachment":[{"href":"https:\/\/roveyayinevi.com.tr\/index.php\/wp-json\/wp\/v2\/media?parent=777334"}],"wp:term":[{"taxonomy":"product_brand","embeddable":true,"href":"https:\/\/roveyayinevi.com.tr\/index.php\/wp-json\/wp\/v2\/product_brand?post=777334"},{"taxonomy":"product_cat","embeddable":true,"href":"https:\/\/roveyayinevi.com.tr\/index.php\/wp-json\/wp\/v2\/product_cat?post=777334"},{"taxonomy":"product_tag","embeddable":true,"href":"https:\/\/roveyayinevi.com.tr\/index.php\/wp-json\/wp\/v2\/product_tag?post=777334"}],"curies":[{"name":"wp","href":"https:\/\/api.w.org\/{rel}","templated":true}]}}