{"id":777331,"date":"2025-10-14T11:28:46","date_gmt":"2025-10-14T08:28:46","guid":{"rendered":"https:\/\/roveyayinevi.com.tr\/index.php\/urun\/kirk-kadin-anlati\/"},"modified":"2026-04-15T03:38:51","modified_gmt":"2026-04-15T00:38:51","slug":"kirk-kadin-anlati","status":"publish","type":"product","link":"https:\/\/roveyayinevi.com.tr\/index.php\/urun\/kirk-kadin-anlati\/","title":{"rendered":"K\u0131rk Kad\u0131n (Anlat\u0131)"},"content":{"rendered":"<p>Sosyolojik de\u011ferlendirmelere, psikolojik yorumlamalara ve de biyolojik s\u0131n\u0131rlamalara s\u0131\u011fmayan s\u0131\u011famayan kad\u0131nlar. Her bir kad\u0131n yeni sosyolojik kuramlara, yeni psikolojik bak\u0131\u015f a\u00e7\u0131lar\u0131na kap\u0131d\u0131r. Ve \u201cY\u00fczde y\u00fcz b\u00f6yledir\u201d, \u201cKad\u0131n budur\u201d denemez onlara. Bug\u00fcn k\u00f6yde b\u00f6yle davran\u0131r, yar\u0131n \u015fehirde \u00f6yle. Bug\u00fcn d\u00fcr\u00fcstl\u00fckten vazge\u00e7mez, yar\u0131n i\u015fine gelmezse d\u00fcr\u00fcstl\u00fc\u011f\u00fc arkas\u0131na saklay\u0131verir. Her biri i\u00e7in ayr\u0131 bir kod, ayr\u0131 bir \u015fifre ve belki de ayr\u0131 bir form\u00fcl vard\u0131r. \u0130sterseniz, s\u00f6zlerimi genelle\u015ftireyim b\u00fct\u00fcn insanlar i\u00e7in \u00f6yle de\u011fil midir? \u00dclkenin geli\u015fmi\u015fli\u011fine ve kalk\u0131nm\u0131\u015fl\u0131\u011f\u0131na giden yol, kad\u0131nlar\u0131n e\u011fitiminden ge\u00e7iyor. Ona ikinci s\u0131n\u0131f vatanda\u015f, perde gerisine itilecek korunakl\u0131 bir mahl\u00fbk ve g\u00f6r\u00fcnmez tellerle \u00f6r\u00fcp kafeslere kapatt\u0131\u011f\u0131m\u0131z bir esir muamelesi yapmad\u0131\u011f\u0131m\u0131z zaman d\u00fcnyam\u0131z da gelece\u011fimiz de daha ayd\u0131nl\u0131k olacakt\u0131r, eminim. <\/p>\n","protected":false},"excerpt":{"rendered":"<p>Sosyolojik de\u011ferlendirmelere, psikolojik yorumlamalara ve de biyolojik s\u0131n\u0131rlamalara s\u0131\u011fmayan s\u0131\u011famayan kad\u0131nlar. Her bir kad\u0131n yeni sosyolojik kuramlara, yeni psikolojik bak\u0131\u015f a\u00e7\u0131lar\u0131na kap\u0131d\u0131r. Ve \u201cY\u00fczde y\u00fcz b\u00f6yledir\u201d,<span class=\"excerpt-hellip\"> [\u2026]<\/span><\/p>\n","protected":false},"featured_media":0,"template":"","meta":{"_monsterinsights_skip_tracking":false,"_monsterinsights_sitenote_active":false,"_monsterinsights_sitenote_note":"","_monsterinsights_sitenote_category":0},"product_brand":[],"product_cat":[13252,12324],"product_tag":[],"class_list":{"0":"post-777331","1":"product","2":"type-product","3":"status-publish","5":"product_cat-kadin-calismalari","6":"product_cat-sosyoloji","7":"pa_cilt-ciltsiz","8":"pa_tur-kitap","9":"pa_yayinevi-berikan-yayinlari","10":"pa_yazar-ayse-ilker","12":"first","13":"instock","14":"sale","15":"shipping-taxable","16":"purchasable","17":"product-type-simple"},"_links":{"self":[{"href":"https:\/\/roveyayinevi.com.tr\/index.php\/wp-json\/wp\/v2\/product\/777331","targetHints":{"allow":["GET"]}}],"collection":[{"href":"https:\/\/roveyayinevi.com.tr\/index.php\/wp-json\/wp\/v2\/product"}],"about":[{"href":"https:\/\/roveyayinevi.com.tr\/index.php\/wp-json\/wp\/v2\/types\/product"}],"wp:attachment":[{"href":"https:\/\/roveyayinevi.com.tr\/index.php\/wp-json\/wp\/v2\/media?parent=777331"}],"wp:term":[{"taxonomy":"product_brand","embeddable":true,"href":"https:\/\/roveyayinevi.com.tr\/index.php\/wp-json\/wp\/v2\/product_brand?post=777331"},{"taxonomy":"product_cat","embeddable":true,"href":"https:\/\/roveyayinevi.com.tr\/index.php\/wp-json\/wp\/v2\/product_cat?post=777331"},{"taxonomy":"product_tag","embeddable":true,"href":"https:\/\/roveyayinevi.com.tr\/index.php\/wp-json\/wp\/v2\/product_tag?post=777331"}],"curies":[{"name":"wp","href":"https:\/\/api.w.org\/{rel}","templated":true}]}}