{"id":777330,"date":"2025-10-14T11:27:22","date_gmt":"2025-10-14T08:27:22","guid":{"rendered":"https:\/\/roveyayinevi.com.tr\/index.php\/urun\/sakli-gufteler\/"},"modified":"2026-04-15T03:38:47","modified_gmt":"2026-04-15T00:38:47","slug":"sakli-gufteler","status":"publish","type":"product","link":"https:\/\/roveyayinevi.com.tr\/index.php\/urun\/sakli-gufteler\/","title":{"rendered":"Sakl\u0131 G\u00fcfteler"},"content":{"rendered":"<p>&#8220;M\u00fbsikimizin sembol\u00fc, b\u00fcy\u00fck bestek\u00e2r Hamm\u00e2m\u00eez\u00e2de \u0130sm\u00e2il Dede Efendi&#8217;nin 247. do\u011fum y\u0131l\u0131nda, eski g\u00fcfte mecmualar\u0131n\u0131n bir k\u00f6\u015fesinde gizlenmi\u015f, onun \u015fark\u0131lar\u0131n\u0131n sakl\u0131 g\u00fcfteleri sizlerle bulu\u015fuyor. B\u00fcy\u00fck k\u00fclt\u00fcr\u00fcm\u00fcz\u00fcn k\u00fc\u00e7\u00fck bir par\u00e7as\u0131n\u0131n daha ortaya \u00e7\u0131km\u0131\u015f olmas\u0131n\u0131n tam zaman\u0131d\u0131r.&#8221; <\/p>\n","protected":false},"excerpt":{"rendered":"<p>&#8220;M\u00fbsikimizin sembol\u00fc, b\u00fcy\u00fck bestek\u00e2r Hamm\u00e2m\u00eez\u00e2de \u0130sm\u00e2il Dede Efendi&#8217;nin 247. do\u011fum y\u0131l\u0131nda, eski g\u00fcfte mecmualar\u0131n\u0131n bir k\u00f6\u015fesinde gizlenmi\u015f, onun \u015fark\u0131lar\u0131n\u0131n sakl\u0131 g\u00fcfteleri sizlerle bulu\u015fuyor. B\u00fcy\u00fck k\u00fclt\u00fcr\u00fcm\u00fcz\u00fcn k\u00fc\u00e7\u00fck<span class=\"excerpt-hellip\"> [\u2026]<\/span><\/p>\n","protected":false},"featured_media":0,"template":"","meta":{"_monsterinsights_skip_tracking":false,"_monsterinsights_sitenote_active":false,"_monsterinsights_sitenote_note":"","_monsterinsights_sitenote_category":0},"product_brand":[],"product_cat":[14556,40131],"product_tag":[],"class_list":{"0":"post-777330","1":"product","2":"type-product","3":"status-publish","5":"product_cat-muzik","6":"product_cat-sanatcilar","7":"pa_cilt-ciltsiz","8":"pa_tur-kitap","9":"pa_yayinevi-berikan-yayinlari","10":"pa_yazar-coskun-bagir","12":"first","13":"instock","14":"sale","15":"shipping-taxable","16":"purchasable","17":"product-type-simple"},"_links":{"self":[{"href":"https:\/\/roveyayinevi.com.tr\/index.php\/wp-json\/wp\/v2\/product\/777330","targetHints":{"allow":["GET"]}}],"collection":[{"href":"https:\/\/roveyayinevi.com.tr\/index.php\/wp-json\/wp\/v2\/product"}],"about":[{"href":"https:\/\/roveyayinevi.com.tr\/index.php\/wp-json\/wp\/v2\/types\/product"}],"wp:attachment":[{"href":"https:\/\/roveyayinevi.com.tr\/index.php\/wp-json\/wp\/v2\/media?parent=777330"}],"wp:term":[{"taxonomy":"product_brand","embeddable":true,"href":"https:\/\/roveyayinevi.com.tr\/index.php\/wp-json\/wp\/v2\/product_brand?post=777330"},{"taxonomy":"product_cat","embeddable":true,"href":"https:\/\/roveyayinevi.com.tr\/index.php\/wp-json\/wp\/v2\/product_cat?post=777330"},{"taxonomy":"product_tag","embeddable":true,"href":"https:\/\/roveyayinevi.com.tr\/index.php\/wp-json\/wp\/v2\/product_tag?post=777330"}],"curies":[{"name":"wp","href":"https:\/\/api.w.org\/{rel}","templated":true}]}}