{"id":777328,"date":"2025-10-14T10:59:02","date_gmt":"2025-10-14T07:59:02","guid":{"rendered":"https:\/\/roveyayinevi.com.tr\/index.php\/urun\/benim-yuzumden\/"},"modified":"2026-04-15T03:34:06","modified_gmt":"2026-04-15T00:34:06","slug":"benim-yuzumden","status":"publish","type":"product","link":"https:\/\/roveyayinevi.com.tr\/index.php\/urun\/benim-yuzumden\/","title":{"rendered":"Benim Y\u00fcz\u00fcmden"},"content":{"rendered":"<p>\u201cSanki bir sardunya k\u0131r\u0131\u011f\u0131yd\u0131m ben; k\u0131r\u0131la k\u0131r\u0131la \u00e7o\u011falacakt\u0131m ba\u015fka saks\u0131larda da hi\u00e7bir zaman yerimi be\u011fenmeyecektim, kuruyup gidiverecektim oralarda buralarda.\u201d Benim Y\u00fcz\u00fcmden klinik psikolog ve yazar Tu\u011f\u00e7e Is\u0131yel\u2019in ilk novellas\u0131. Bir ayr\u0131l\u0131k hik\u00e2yesinin aralanan perdesinden bizi \u00e7ok gerilere g\u00f6t\u00fcren bir yap\u0131t. Yazar, duyula duyula i\u00e7 sese d\u00f6n\u00fc\u015fen d\u0131\u015f seslere veriyor kula\u011f\u0131n\u0131.   Ana karakter \u00fczerinden yaran\u0131n ne kadar derinde oldu\u011funa bakarken buna okuru da \u015fahit ediyor. Deneme yaz\u0131lar\u0131yla tan\u0131nm\u0131\u015f, Vedat G\u00fcnyol J\u00fcri \u00d6zel \u00d6d\u00fcl\u00fc (2023) sahibi psikoterapist Is\u0131yel\u2019in y\u0131llara dayanan g\u00f6zlemlerinden s\u00fcz\u00fclm\u00fc\u015f bir \u201cduygular\u0131n izini s\u00fcrme egzersizi\u201d. \u0130nsan denilen, d\u00f6rt taraf\u0131 ge\u00e7mi\u015fle \u00e7evrili etten bir zaman par\u00e7as\u0131. Hi\u00e7 bilemezsiniz ba\u015fkas\u0131n\u0131n ge\u00e7mi\u015f zaman yazg\u0131s\u0131n\u0131n size s\u0131\u00e7ray\u0131p s\u0131\u00e7ramayaca\u011f\u0131n\u0131.   Hi\u00e7 bilemezsiniz baz\u0131 \u015feylerin hi\u00e7bir zaman kaybolmayaca\u011f\u0131n\u0131. Hi\u00e7 bilemezsiniz g\u00f6z renginizin, burun \u015feklinizin \u00e7ocu\u011funuza ge\u00e7erken sizin ya\u015fad\u0131\u011f\u0131n\u0131z ac\u0131lar\u0131n, su\u00e7luluklar\u0131n da ge\u00e7ip ge\u00e7meyece\u011fini\u2026 Hi\u00e7 bilemezsiniz s\u00f6ylenen bir c\u00fcmlenin nesilden nesile aktar\u0131lan bir mantraya d\u00f6n\u00fc\u015fece\u011fini: Benim y\u00fcz\u00fcmden oldu.<\/p>\n","protected":false},"excerpt":{"rendered":"<p>\u201cSanki bir sardunya k\u0131r\u0131\u011f\u0131yd\u0131m ben; k\u0131r\u0131la k\u0131r\u0131la \u00e7o\u011falacakt\u0131m ba\u015fka saks\u0131larda da hi\u00e7bir zaman yerimi be\u011fenmeyecektim, kuruyup gidiverecektim oralarda buralarda.\u201d Benim Y\u00fcz\u00fcmden klinik psikolog ve yazar Tu\u011f\u00e7e<span class=\"excerpt-hellip\"> [\u2026]<\/span><\/p>\n","protected":false},"featured_media":0,"template":"","meta":{"_monsterinsights_skip_tracking":false,"_monsterinsights_sitenote_active":false,"_monsterinsights_sitenote_note":"","_monsterinsights_sitenote_category":0},"product_brand":[],"product_cat":[12291,18202],"product_tag":[],"class_list":{"0":"post-777328","1":"product","2":"type-product","3":"status-publish","5":"product_cat-edebiyat","6":"product_cat-hikaye","7":"pa_cilt-ciltsiz","8":"pa_tur-kitap","9":"pa_yayinevi-everest-yayinlari","10":"pa_yazar-tugce-isiyel","12":"first","13":"instock","14":"sale","15":"shipping-taxable","16":"purchasable","17":"product-type-simple"},"_links":{"self":[{"href":"https:\/\/roveyayinevi.com.tr\/index.php\/wp-json\/wp\/v2\/product\/777328","targetHints":{"allow":["GET"]}}],"collection":[{"href":"https:\/\/roveyayinevi.com.tr\/index.php\/wp-json\/wp\/v2\/product"}],"about":[{"href":"https:\/\/roveyayinevi.com.tr\/index.php\/wp-json\/wp\/v2\/types\/product"}],"wp:attachment":[{"href":"https:\/\/roveyayinevi.com.tr\/index.php\/wp-json\/wp\/v2\/media?parent=777328"}],"wp:term":[{"taxonomy":"product_brand","embeddable":true,"href":"https:\/\/roveyayinevi.com.tr\/index.php\/wp-json\/wp\/v2\/product_brand?post=777328"},{"taxonomy":"product_cat","embeddable":true,"href":"https:\/\/roveyayinevi.com.tr\/index.php\/wp-json\/wp\/v2\/product_cat?post=777328"},{"taxonomy":"product_tag","embeddable":true,"href":"https:\/\/roveyayinevi.com.tr\/index.php\/wp-json\/wp\/v2\/product_tag?post=777328"}],"curies":[{"name":"wp","href":"https:\/\/api.w.org\/{rel}","templated":true}]}}