{"id":777325,"date":"2025-10-14T10:43:35","date_gmt":"2025-10-14T07:43:35","guid":{"rendered":"https:\/\/roveyayinevi.com.tr\/index.php\/urun\/ebulfez-elcibeye-armagan\/"},"modified":"2026-04-15T03:32:05","modified_gmt":"2026-04-15T00:32:05","slug":"ebulfez-elcibeye-armagan","status":"publish","type":"product","link":"https:\/\/roveyayinevi.com.tr\/index.php\/urun\/ebulfez-elcibeye-armagan\/","title":{"rendered":"Ebulfez El\u00e7ibey\u2019e Arma\u011fan"},"content":{"rendered":"<p>Kendisini \u201cMustafa Kemal\u2019in Askeri\u201d \u015feklinde niteleyen, T\u00fcrkl\u00fc\u011fe ve T\u00fcrk D\u00fcnyas\u0131na kar\u015f\u0131 sevgisi s\u0131n\u0131rs\u0131z olan b\u00f6yle bir ki\u015fi T\u00fcrk milletinin i\u00e7inden ancak y\u00fcz y\u0131lda bir \u00e7\u0131kar. Tarif etmeye \u00e7al\u0131\u015ft\u0131\u011f\u0131m\u0131z bu insan mal\u00fbm oldu\u011fu \u00fczere Ebulfez El\u00e7ibey\u2019dir. Ama ne yaz\u0131k ki bu b\u00fcy\u00fck adam\u0131 millet\u00e7e sahiplenemedik. Yakla\u015f\u0131k 1300 sene \u00f6nce T\u00fcrk milletinin ba\u015f\u0131na gelen felaketler hususunda K\u00f6k T\u00fcrk Yaz\u0131tlar\u0131nda \u015funlar kay\u0131tl\u0131: \u201cTanr\u0131 \u015f\u00f6yle demi\u015f: Han verdim, han\u0131n\u0131 b\u0131rak\u0131p boyun e\u011fdin. Bunun i\u00e7in Tanr\u0131 \u00f6ld\u00fcrm\u00fc\u015ft\u00fcr. T\u00fcrk milleti \u00f6ld\u00fc, mahvoldu, yok oldu\u201d. K\u0131sacas\u0131 insanlar aras\u0131nda birlik ve beraberlik bulunmad\u0131\u011f\u0131, t\u00f6reden ayr\u0131l\u0131nd\u0131\u011f\u0131, idarecilerin d\u00fc\u015f\u00fcncesizli\u011fi ve milletin kendi de\u011ferlerine sahip \u00e7\u0131kmamas\u0131 y\u00fcz\u00fcnden Tanr\u0131 T\u00fcrkleri cezaland\u0131rm\u0131\u015ft\u0131r. Dolay\u0131s\u0131yla bug\u00fcn ba\u015f\u0131m\u0131zda dolanan belalar\u0131n sebebi nedir diye, s\u00f6ylenmeyelim. Nihal Ats\u0131z bir yaz\u0131s\u0131nda \u015f\u00f6yle diyor: \u201cKi\u015fileri lay\u0131k olmad\u0131klar\u0131 yere getiren devlet batar\u201d. Anlayan i\u00e7in bu c\u00fcmlede derin bir mana vard\u0131r. \u00d6yle bir hale geldik ki, b\u0131rak\u0131n \u00fc\u00e7-be\u015f y\u0131l sonras\u0131n\u0131 d\u00fc\u015f\u00fcnmeyi, g\u00fcn\u00fc birlik politikalar ve s\u0131radan nutuklarla zaman\u0131 ge\u00e7irmekteyiz. Biz kimiz, nereden gelip, nereye gidiyoruz, bunun fark\u0131nda de\u011filiz. T\u00fcrk\u2019\u00fcn yarad\u0131l\u0131\u015f gayesini unutup, sadece karn\u0131m\u0131z\u0131 doyurman\u0131n pe\u015finde ko\u015fturuyoruz. <\/p>\n","protected":false},"excerpt":{"rendered":"<p>Kendisini \u201cMustafa Kemal\u2019in Askeri\u201d \u015feklinde niteleyen, T\u00fcrkl\u00fc\u011fe ve T\u00fcrk D\u00fcnyas\u0131na kar\u015f\u0131 sevgisi s\u0131n\u0131rs\u0131z olan b\u00f6yle bir ki\u015fi T\u00fcrk milletinin i\u00e7inden ancak y\u00fcz y\u0131lda bir \u00e7\u0131kar. Tarif<span class=\"excerpt-hellip\"> [\u2026]<\/span><\/p>\n","protected":false},"featured_media":0,"template":"","meta":{"_monsterinsights_skip_tracking":false,"_monsterinsights_sitenote_active":false,"_monsterinsights_sitenote_note":"","_monsterinsights_sitenote_category":0},"product_brand":[],"product_cat":[12304],"product_tag":[],"class_list":{"0":"post-777325","1":"product","2":"type-product","3":"status-publish","5":"product_cat-tarih","6":"pa_cilt-ciltsiz","7":"pa_tur-kitap","8":"pa_yayinevi-berikan-yayinlari","9":"pa_yazar-saadettin-yagmur-gomec","11":"first","12":"instock","13":"sale","14":"shipping-taxable","15":"purchasable","16":"product-type-simple"},"_links":{"self":[{"href":"https:\/\/roveyayinevi.com.tr\/index.php\/wp-json\/wp\/v2\/product\/777325","targetHints":{"allow":["GET"]}}],"collection":[{"href":"https:\/\/roveyayinevi.com.tr\/index.php\/wp-json\/wp\/v2\/product"}],"about":[{"href":"https:\/\/roveyayinevi.com.tr\/index.php\/wp-json\/wp\/v2\/types\/product"}],"wp:attachment":[{"href":"https:\/\/roveyayinevi.com.tr\/index.php\/wp-json\/wp\/v2\/media?parent=777325"}],"wp:term":[{"taxonomy":"product_brand","embeddable":true,"href":"https:\/\/roveyayinevi.com.tr\/index.php\/wp-json\/wp\/v2\/product_brand?post=777325"},{"taxonomy":"product_cat","embeddable":true,"href":"https:\/\/roveyayinevi.com.tr\/index.php\/wp-json\/wp\/v2\/product_cat?post=777325"},{"taxonomy":"product_tag","embeddable":true,"href":"https:\/\/roveyayinevi.com.tr\/index.php\/wp-json\/wp\/v2\/product_tag?post=777325"}],"curies":[{"name":"wp","href":"https:\/\/api.w.org\/{rel}","templated":true}]}}