{"id":777324,"date":"2025-10-14T10:16:30","date_gmt":"2025-10-14T07:16:30","guid":{"rendered":"https:\/\/roveyayinevi.com.tr\/index.php\/urun\/bize-gore-4\/"},"modified":"2026-04-15T03:27:08","modified_gmt":"2026-04-15T00:27:08","slug":"bize-gore-4","status":"publish","type":"product","link":"https:\/\/roveyayinevi.com.tr\/index.php\/urun\/bize-gore-4\/","title":{"rendered":"Bize G\u00f6re"},"content":{"rendered":"<p>Ahmet Ha\u015fim&#8217;in Paris seyahati sonras\u0131nda edindi\u011fi izlenimleri, \u0130kdam gazetesinde yay\u0131nlad\u0131\u011f\u0131 f\u0131kralar halinde payla\u015ft\u0131\u011f\u0131 ve bu yaz\u0131lar\u0131 1928 y\u0131l\u0131nda &#8220;Bize G\u00f6re&#8221; ad\u0131 alt\u0131nda kitapla\u015ft\u0131rd\u0131\u011f\u0131 belirtilmi\u015ftir. &#8220;Bize G\u00f6re&#8221; kitab\u0131n\u0131n i\u00e7eri\u011fi, f\u0131kra \u015feklinde yaz\u0131lm\u0131\u015f ve Paris g\u00fcnlerindeki izlenimlerini i\u00e7ermektedir. Ahmet Ha\u015fim&#8217;in bu eseri, T\u00fcrk edebiyat\u0131nda &#8220;en orijinal \u00fcslup\u00e7usu&#8221; olarak kabul edilmesine neden olan bir dizi n\u00fckteli, zarif ve \u015fiirsel dilde yaz\u0131lar\u0131 i\u00e7ermektedir. Kitap, 1928 Avrupas\u0131&#8217;nda mukayeseli bir sosyal ve siyasal hayat\u0131n aktar\u0131lmas\u0131yla olu\u015fmu\u015ftur. Son olarak, Ahmet Ha\u015fim&#8217;in bu eseri T\u00fcrk edebiyat\u0131nda \u00f6nemli bir yere sahip oldu\u011fundan Milli E\u011fitim Bakanl\u0131\u011f\u0131 taraf\u0131ndan 100 temel eser i\u00e7erisinde yer alm\u0131\u015ft\u0131r. Bu durum, eserin edebi de\u011ferini ve toplumsal \u00f6nemini vurgulayan bir noktad\u0131r. <\/p>\n","protected":false},"excerpt":{"rendered":"<p>Ahmet Ha\u015fim&#8217;in Paris seyahati sonras\u0131nda edindi\u011fi izlenimleri, \u0130kdam gazetesinde yay\u0131nlad\u0131\u011f\u0131 f\u0131kralar halinde payla\u015ft\u0131\u011f\u0131 ve bu yaz\u0131lar\u0131 1928 y\u0131l\u0131nda &#8220;Bize G\u00f6re&#8221; ad\u0131 alt\u0131nda kitapla\u015ft\u0131rd\u0131\u011f\u0131 belirtilmi\u015ftir. &#8220;Bize G\u00f6re&#8221;<span class=\"excerpt-hellip\"> [\u2026]<\/span><\/p>\n","protected":false},"featured_media":0,"template":"","meta":{"_monsterinsights_skip_tracking":false,"_monsterinsights_sitenote_active":false,"_monsterinsights_sitenote_note":"","_monsterinsights_sitenote_category":0},"product_brand":[],"product_cat":[12291],"product_tag":[],"class_list":{"0":"post-777324","1":"product","2":"type-product","3":"status-publish","5":"product_cat-edebiyat","6":"pa_cilt-ciltsiz","7":"pa_tur-kitap","8":"pa_yayinevi-mirhan-kitap","9":"pa_yazar-ahmet-hasim","11":"first","12":"instock","13":"sale","14":"shipping-taxable","15":"purchasable","16":"product-type-simple"},"_links":{"self":[{"href":"https:\/\/roveyayinevi.com.tr\/index.php\/wp-json\/wp\/v2\/product\/777324","targetHints":{"allow":["GET"]}}],"collection":[{"href":"https:\/\/roveyayinevi.com.tr\/index.php\/wp-json\/wp\/v2\/product"}],"about":[{"href":"https:\/\/roveyayinevi.com.tr\/index.php\/wp-json\/wp\/v2\/types\/product"}],"wp:attachment":[{"href":"https:\/\/roveyayinevi.com.tr\/index.php\/wp-json\/wp\/v2\/media?parent=777324"}],"wp:term":[{"taxonomy":"product_brand","embeddable":true,"href":"https:\/\/roveyayinevi.com.tr\/index.php\/wp-json\/wp\/v2\/product_brand?post=777324"},{"taxonomy":"product_cat","embeddable":true,"href":"https:\/\/roveyayinevi.com.tr\/index.php\/wp-json\/wp\/v2\/product_cat?post=777324"},{"taxonomy":"product_tag","embeddable":true,"href":"https:\/\/roveyayinevi.com.tr\/index.php\/wp-json\/wp\/v2\/product_tag?post=777324"}],"curies":[{"name":"wp","href":"https:\/\/api.w.org\/{rel}","templated":true}]}}