{"id":777323,"date":"2025-10-14T10:15:24","date_gmt":"2025-10-14T07:15:24","guid":{"rendered":"https:\/\/roveyayinevi.com.tr\/index.php\/urun\/mhp-turk-siyasi-hayatinin-50-yilinda\/"},"modified":"2026-04-15T03:27:04","modified_gmt":"2026-04-15T00:27:04","slug":"mhp-turk-siyasi-hayatinin-50-yilinda","status":"publish","type":"product","link":"https:\/\/roveyayinevi.com.tr\/index.php\/urun\/mhp-turk-siyasi-hayatinin-50-yilinda\/","title":{"rendered":"Mhp T\u00fcrk Siyasi Hayat\u0131n\u0131n 50.Y\u0131l\u0131nda"},"content":{"rendered":"<p>27 May\u0131s 1960&#8217;ta ger\u00e7ekle\u015fen ve \u201c60\u0130htilali\u201d olarak an\u0131lan  asker\u00ee darbe ile arkas\u0131ndan cuntac\u0131lar\u0131n getirdi\u011fi Anayasa de\u011fi\u015fikli\u011fi, hem hukuk hem de demokrasi tarihimizde \u00f6nemli sonu\u00e7lar do\u011furmu\u015ftur. 60 \u0130htilali\u2019nin T\u00fcrk siyasi hayat\u0131 a\u00e7\u0131s\u0131ndan da belirleyici etkileri olmu\u015ftur.  \u0130htilalin kudretli Albay\u0131 Alparslan T\u00fcrke\u015f, 1963 y\u0131l\u0131nda s\u00fcrg\u00fcnden d\u00f6nd\u00fc\u011f\u00fcnde Cumhuriyet\u00e7i K\u00f6yl\u00fc Millet Partisi(CKMP) saflar\u0131nda siyasete at\u0131lm\u0131\u015f ve bu partiyi yeniden \u00f6rg\u00fctlemi\u015ftir. T\u00fcrke\u015f, karizmatik bir siyasi fig\u00fcr ve g\u00fc\u00e7l\u00fc bir ideolog olarak sahneye \u00e7\u0131km\u0131\u015ft\u0131r. Alparslan T\u00fcrke\u015f; asker\u00ee darbe sonras\u0131 d\u00f6nemde Demokrat Partinin (DP) yerini alan Adalet Partisinin (AP), k\u00f6t\u00fc bir kopya ve eskisiyle ayn\u0131 ihmalk\u00e2r yolda oldu\u011funu g\u00f6zlemleyerek &#8220;T\u00fcrk milliyet\u00e7ili\u011fi&#8221; davas\u0131n\u0131n siyasette temsil edilmesi zaman\u0131n\u0131n geldi\u011fine karar vermi\u015ftir. \u00dclk\u00fcc\u00fc Hareketin fikr\u00ee rehberi olan &#8220;Dokuz I\u015f\u0131k Doktrini&#8221;ni ortaya at\u0131p CKMP&#8217;ye ideolojik ve\u00e7he veren T\u00fcrke\u015f, daha sonra CKMP\u2019yi Milliyet\u00e7i Hareket Partisine(MHP)d\u00f6n\u00fc\u015ft\u00fcrm\u00fc\u015ft\u00fcr. Bayra\u011f\u0131 &#8220;Kurucu Lider&#8221; Alparslan T\u00fcrke\u015f\u2019ten devralan Devlet Bah\u00e7eli de &#8220;Koruyucu Lider&#8221; olarak \u00f6ne \u00e7\u0131km\u0131\u015ft\u0131r. Bah\u00e7eli, T\u00fcrkiye&#8217;yi MHP\u2019nin \u201c21. Y\u00fczy\u0131lda Lider \u00dclke\u201d hedefiyle bulu\u015fturmu\u015ftur. MHP&#8217;yi ma\u015feri vicdan\u0131n sesi ve devletin beka teminat\u0131 h\u00e2line getiren Devlet Bah\u00e7eli, partisinin T\u00fcrk siyasi hayat\u0131ndaki m\u00fcessir rol\u00fcn\u00fc per\u00e7inlemi\u015ftir. Bah\u00e7eli, MHP\u2019nin varl\u0131k sebebi olan \u201cT\u00fcrk Milliyet\u00e7ili\u011fi\u201d \u00fclk\u00fcs\u00fcn\u00fcn toplumsal haf\u0131zaya yerle\u015fmesini ve devlet akl\u0131na \u015fekil vermesini sa\u011flam\u0131\u015ft\u0131r. <\/p>\n","protected":false},"excerpt":{"rendered":"<p>27 May\u0131s 1960&#8217;ta ger\u00e7ekle\u015fen ve \u201c60\u0130htilali\u201d olarak an\u0131lan asker\u00ee darbe ile arkas\u0131ndan cuntac\u0131lar\u0131n getirdi\u011fi Anayasa de\u011fi\u015fikli\u011fi, hem hukuk hem de demokrasi tarihimizde \u00f6nemli sonu\u00e7lar do\u011furmu\u015ftur. 60<span class=\"excerpt-hellip\"> [\u2026]<\/span><\/p>\n","protected":false},"featured_media":0,"template":"","meta":{"_monsterinsights_skip_tracking":false,"_monsterinsights_sitenote_active":false,"_monsterinsights_sitenote_note":"","_monsterinsights_sitenote_category":0},"product_brand":[],"product_cat":[12337],"product_tag":[],"class_list":{"0":"post-777323","1":"product","2":"type-product","3":"status-publish","5":"product_cat-politika-siyaset","6":"pa_cilt-ciltsiz","7":"pa_tur-kitap","8":"pa_yayinevi-berikan-yayinlari","9":"pa_yazar-semih-yalcin","11":"first","12":"instock","13":"sale","14":"shipping-taxable","15":"purchasable","16":"product-type-simple"},"_links":{"self":[{"href":"https:\/\/roveyayinevi.com.tr\/index.php\/wp-json\/wp\/v2\/product\/777323","targetHints":{"allow":["GET"]}}],"collection":[{"href":"https:\/\/roveyayinevi.com.tr\/index.php\/wp-json\/wp\/v2\/product"}],"about":[{"href":"https:\/\/roveyayinevi.com.tr\/index.php\/wp-json\/wp\/v2\/types\/product"}],"wp:attachment":[{"href":"https:\/\/roveyayinevi.com.tr\/index.php\/wp-json\/wp\/v2\/media?parent=777323"}],"wp:term":[{"taxonomy":"product_brand","embeddable":true,"href":"https:\/\/roveyayinevi.com.tr\/index.php\/wp-json\/wp\/v2\/product_brand?post=777323"},{"taxonomy":"product_cat","embeddable":true,"href":"https:\/\/roveyayinevi.com.tr\/index.php\/wp-json\/wp\/v2\/product_cat?post=777323"},{"taxonomy":"product_tag","embeddable":true,"href":"https:\/\/roveyayinevi.com.tr\/index.php\/wp-json\/wp\/v2\/product_tag?post=777323"}],"curies":[{"name":"wp","href":"https:\/\/api.w.org\/{rel}","templated":true}]}}