{"id":777322,"date":"2025-10-14T10:06:14","date_gmt":"2025-10-14T07:06:14","guid":{"rendered":"https:\/\/roveyayinevi.com.tr\/index.php\/urun\/bazi-turk-peygamberler-ve-din-kuruculari\/"},"modified":"2026-04-16T03:13:28","modified_gmt":"2026-04-16T00:13:28","slug":"bazi-turk-peygamberler-ve-din-kuruculari","status":"publish","type":"product","link":"https:\/\/roveyayinevi.com.tr\/index.php\/urun\/bazi-turk-peygamberler-ve-din-kuruculari\/","title":{"rendered":"Baz\u0131 T\u00fcrk Peygamberler ve Din Kurucular\u0131"},"content":{"rendered":"<p>Yery\u00fcz\u00fcnde varl\u0131\u011f\u0131n\u0131 s\u00fcrd\u00fcren, taraftar\u0131 bulunan ve mensuplar\u0131nca \u201ckutsal\u201d kabul edilen dinler, ya bir peygambere ya da bir \u201ckurucu\u201dya atfedilmektedir. Bu peygamberlerin veya din kurucular\u0131n\u0131n hemen hemen hepsi bir kavimle\/milletle ili\u015fkilendirilmektedir.  \u0130sl\u00e2m\u00ee anlay\u0131\u015fa g\u00f6re insano\u011flu i\u00e7in vazge\u00e7ilmez ve do\u011fu\u015ftan gelen\/f\u0131tr\u00ee bir olgu olan dinin ba\u015flang\u0131c\u0131 ilah\u00eedir ve Hz. Adem&#8217;e dayanmaktad\u0131r. Hz. \u00c2dem&#8217;den Hz. Muhammed&#8217;e kadar, hemen her kavme\/millete, onlar\u0131 Allah&#8217;a \u201ckul\u201d olmaya \u00e7a\u011f\u0131ran bir peygamber (nebi, res\u00fbl) g\u00f6nderilmi\u015ftir. Kuran&#8217;da ad\u0131 ge\u00e7en Hz.Adem&#8217;in, Hz.Nuh&#8217;un, Hz.Yafes&#8217;in, Hz. \u0130brahim&#8217;in, Hz. Z\u00fclkarneyn&#8217;in(O\u011fuz Han), Hz. \u0130smail&#8217;in ve Hz. Muhammed&#8217;in \u201cT\u00fcrk Soylu\u201d peygamberlerden oldu\u011fu \u00fczerinde durulurken, Hz. Muhammed&#8217;i; \u00f6z\u00fcyle, s\u00f6z\u00fcyle, y\u00fcksek faziletleriyle, fizik\u00ee \u00f6zellikleriyle, yapt\u0131klar\u0131yla \/ uygulamalar\u0131yla, gelenekleriyle\/ g\u00f6renekleriyle, atalar\u0131yla Hz. \u0130brahim soyundan, S\u00fcmer T\u00fcrkleri&#8217;nden bir T\u00fcrk ve \u201cT\u00fcrk Peygamber\u201d olarak g\u00f6rmek gerekti\u011fi gibi d\u00fcnyada \u201cdin\u201d olarak kabul edilmi\u015f Konf\u00fc\u00e7y\u00fcsc\u00fcl\u00fc\u011f\u00fcn kurucusu Konf\u00fc\u00e7y\u00fcs&#8217;\u00fcn, Zerd\u00fc\u015ft\u00eeli\u011fin kurucusu Zerd\u00fc\u015ft&#8217;\u00fcn, Buddizm&#8217;in kurucusu Budda&#8217;n\u0131n da T\u00fcrkl\u00fc\u011f\u00fc savunulmu\u015f, bunlar\u0131n d\u0131\u015f\u0131nda da T\u00fcrkler aras\u0131ndan \u00e7\u0131kt\u0131\u011f\u0131 ileri s\u00fcr\u00fclen \u201c24 Peygamber\u201d ismi de kaynaklarda zikredilmi\u015ftir\/ zikredilmektedir. T\u00fcrklerin \u0130sl\u00e2m&#8217;\u0131 kabul edi\u015flerinde; \u0130sl\u00e2m&#8217;\u0131n \u00f6zg\u00fcn mesajlar\u0131n\u0131n, sunulu\u015f tarz\u0131n\u0131n, anlat\u0131l\u0131\u015f y\u00f6ntemlerinin yerinin ve \u00f6neminin etkisinin oldu\u011fu kadar, T\u00fcrkler aras\u0131ndan \u00e7\u0131km\u0131\u015f \u201cpeygamberler\u201din, \u201cdin kurucular\u0131\u201dn\u0131n, din\u00ee ve siyas\u00ee liderlerin de etkisi oldu\u011funu vurgulamak bir hakk\u0131n teslimi olacakt\u0131r. Tevrat&#8217;ta, \u0130ncil&#8217;de ve Kuran&#8217;da ad\u0131 ge\u00e7en Peygamberler&#8217;in Mezopotamya-Ortado\u011fu-Anadolu\/Asya b\u00f6lgesinden ve b\u00f6lgeye \u00f6zg\u00fc oldu\u011fu ile Kutsal Kitaplar&#8217;daki k\u0131ssalar\u0131n, olaylar\u0131n, bilgilerin ve anlat\u0131lar\u0131n do\u011fru anla\u015f\u0131lmas\u0131 i\u00e7in pergelin sivri ucunun T\u00fcrkiye&#8217;ye konulmas\u0131 gerekti\u011fi, T\u00fcrkiye ve Urfa&#8217;da varl\u0131\u011f\u0131 12 bin y\u0131l \u00f6ncelere ula\u015ft\u0131\u011f\u0131 belirtilen G\u00f6beklitepe merkezli Asya-Mezopotamya-Ortado\u011fu b\u00f6lgesinde yap\u0131lacak yeni \u00e7al\u0131\u015fmalar\u0131n hem T\u00fcrkiye Dinler Tarihi hem D\u00fcnya Dinler Tarihi hem de d\u00fcnya bilim \u00e7al\u0131\u015fmalar\u0131na yeni ufuk a\u00e7abilece\u011fi unutulmamal\u0131d\u0131r.   Elinizdeki Baz\u0131 T\u00fcrk Peygamberler ve DinKurucular\u0131 isimli bu kitap; \u00f6n ara\u015ft\u0131rmalar\u0131ma g\u00f6re, hem isimler hem muhtevalar\/i\u00e7erikler hem \u00f6ng\u00f6r\u00fcler hem \u00f6neriler hem de iddialar bak\u0131m\u0131ndan T\u00fcrkiye&#8217;de oldu\u011fu gibi d\u00fcnyada da bir ilk olma \u00f6zelli\u011fine sahiptir. Bu kitab\u0131n hem isminin hem de muhtevas\u0131n\u0131n; \u201cmadalyonun di\u011fer y\u00fcz\u00fc\u201dn\u00fcn de olabilece\u011fine, di\u011fer y\u00fcz\u00fcnden de bak\u0131labilece\u011fine, g\u00fcn\u00fcm\u00fcze kadar gelen anlay\u0131\u015fa yeni bir bak\u0131\u015f a\u00e7\u0131s\u0131 sunaca\u011f\u0131na ve bilimsel yeni \u00e7al\u0131\u015fmalara kap\u0131 aralayaca\u011f\u0131na vesile olmas\u0131 samim\u00ee dile\u011fimdir. <\/p>\n","protected":false},"excerpt":{"rendered":"<p>Yery\u00fcz\u00fcnde varl\u0131\u011f\u0131n\u0131 s\u00fcrd\u00fcren, taraftar\u0131 bulunan ve mensuplar\u0131nca \u201ckutsal\u201d kabul edilen dinler, ya bir peygambere ya da bir \u201ckurucu\u201dya atfedilmektedir. Bu peygamberlerin veya din kurucular\u0131n\u0131n hemen hemen<span class=\"excerpt-hellip\"> [\u2026]<\/span><\/p>\n","protected":false},"featured_media":0,"template":"","meta":{"_monsterinsights_skip_tracking":false,"_monsterinsights_sitenote_active":false,"_monsterinsights_sitenote_note":"","_monsterinsights_sitenote_category":0},"product_brand":[],"product_cat":[12718],"product_tag":[],"class_list":{"0":"post-777322","1":"product","2":"type-product","3":"status-publish","5":"product_cat-din","6":"pa_cilt-ciltsiz","7":"pa_tur-kitap","8":"pa_yayinevi-berikan-yayinlari","9":"pa_yazar-abdurrahman-kucuk","11":"first","12":"instock","13":"sale","14":"shipping-taxable","15":"purchasable","16":"product-type-simple"},"_links":{"self":[{"href":"https:\/\/roveyayinevi.com.tr\/index.php\/wp-json\/wp\/v2\/product\/777322","targetHints":{"allow":["GET"]}}],"collection":[{"href":"https:\/\/roveyayinevi.com.tr\/index.php\/wp-json\/wp\/v2\/product"}],"about":[{"href":"https:\/\/roveyayinevi.com.tr\/index.php\/wp-json\/wp\/v2\/types\/product"}],"wp:attachment":[{"href":"https:\/\/roveyayinevi.com.tr\/index.php\/wp-json\/wp\/v2\/media?parent=777322"}],"wp:term":[{"taxonomy":"product_brand","embeddable":true,"href":"https:\/\/roveyayinevi.com.tr\/index.php\/wp-json\/wp\/v2\/product_brand?post=777322"},{"taxonomy":"product_cat","embeddable":true,"href":"https:\/\/roveyayinevi.com.tr\/index.php\/wp-json\/wp\/v2\/product_cat?post=777322"},{"taxonomy":"product_tag","embeddable":true,"href":"https:\/\/roveyayinevi.com.tr\/index.php\/wp-json\/wp\/v2\/product_tag?post=777322"}],"curies":[{"name":"wp","href":"https:\/\/api.w.org\/{rel}","templated":true}]}}