{"id":777321,"date":"2025-10-14T10:05:12","date_gmt":"2025-10-14T07:05:12","guid":{"rendered":"https:\/\/roveyayinevi.com.tr\/index.php\/urun\/fuarin-en-tuhaf-okuru\/"},"modified":"2025-10-18T10:01:13","modified_gmt":"2025-10-18T07:01:13","slug":"fuarin-en-tuhaf-okuru","status":"publish","type":"product","link":"https:\/\/roveyayinevi.com.tr\/index.php\/urun\/fuarin-en-tuhaf-okuru\/","title":{"rendered":"Fuar\u0131n En Tuhaf Okuru"},"content":{"rendered":"<p>Kitap okumay\u0131 \u00e7ok seven Mustafa, babas\u0131yla birlikte ilk kez bir kitap fuar\u0131na gidece\u011fi i\u00e7in olduk\u00e7a heyecanl\u0131d\u0131r. Fuar\u0131n nas\u0131l bir yer oldu\u011funu hayal ederken, kap\u0131dan i\u00e7eri girdi\u011finde bamba\u015fka bir d\u00fcnyaya ad\u0131m att\u0131\u011f\u0131n\u0131n fark\u0131na var\u0131r. Binlerce kitab\u0131 incelemek i\u00e7in sab\u0131rs\u0131zland\u0131\u011f\u0131 s\u0131rada, masada oturan ve ne\u015fesiyle dikkat \u00e7eken k\u0131v\u0131rc\u0131k sa\u00e7l\u0131 bir kad\u0131n onu yan\u0131na \u00e7a\u011f\u0131r\u0131r. Mustafa b\u00f6ylece hayat\u0131nda ilk defa bir yazarla tan\u0131\u015f\u0131r. Bu beklenmedik arkada\u015fl\u0131kla kitaplar\u0131n b\u00fcy\u00fcl\u00fc d\u00fcnyas\u0131na farkl\u0131 bir yerden bakabilme \u015fans\u0131 bulacakt\u0131r. <\/p>\n","protected":false},"excerpt":{"rendered":"<p>Kitap okumay\u0131 \u00e7ok seven Mustafa, babas\u0131yla birlikte ilk kez bir kitap fuar\u0131na gidece\u011fi i\u00e7in olduk\u00e7a heyecanl\u0131d\u0131r. Fuar\u0131n nas\u0131l bir yer oldu\u011funu hayal ederken, kap\u0131dan i\u00e7eri girdi\u011finde<span class=\"excerpt-hellip\"> [\u2026]<\/span><\/p>\n","protected":false},"featured_media":0,"template":"","meta":{"_monsterinsights_skip_tracking":false,"_monsterinsights_sitenote_active":false,"_monsterinsights_sitenote_note":"","_monsterinsights_sitenote_category":0},"product_brand":[],"product_cat":[12274,12284],"product_tag":[],"class_list":{"0":"post-777321","1":"product","2":"type-product","3":"status-publish","5":"product_cat-cocuk-ve-genclik-kitaplari","6":"product_cat-hikayeler","7":"pa_cilt-ciltsiz","8":"pa_tur-kitap","9":"pa_yayinevi-marti-cocuk-yayinlari","10":"pa_yazar-nihan-temiz","12":"first","13":"instock","14":"sale","15":"shipping-taxable","16":"purchasable","17":"product-type-simple"},"_links":{"self":[{"href":"https:\/\/roveyayinevi.com.tr\/index.php\/wp-json\/wp\/v2\/product\/777321","targetHints":{"allow":["GET"]}}],"collection":[{"href":"https:\/\/roveyayinevi.com.tr\/index.php\/wp-json\/wp\/v2\/product"}],"about":[{"href":"https:\/\/roveyayinevi.com.tr\/index.php\/wp-json\/wp\/v2\/types\/product"}],"wp:attachment":[{"href":"https:\/\/roveyayinevi.com.tr\/index.php\/wp-json\/wp\/v2\/media?parent=777321"}],"wp:term":[{"taxonomy":"product_brand","embeddable":true,"href":"https:\/\/roveyayinevi.com.tr\/index.php\/wp-json\/wp\/v2\/product_brand?post=777321"},{"taxonomy":"product_cat","embeddable":true,"href":"https:\/\/roveyayinevi.com.tr\/index.php\/wp-json\/wp\/v2\/product_cat?post=777321"},{"taxonomy":"product_tag","embeddable":true,"href":"https:\/\/roveyayinevi.com.tr\/index.php\/wp-json\/wp\/v2\/product_tag?post=777321"}],"curies":[{"name":"wp","href":"https:\/\/api.w.org\/{rel}","templated":true}]}}