{"id":777320,"date":"2025-10-14T09:18:48","date_gmt":"2025-10-14T06:18:48","guid":{"rendered":"https:\/\/roveyayinevi.com.tr\/index.php\/urun\/kizil-tehlike-soguk-savas-turkiyesinde-komunizmle-mucadele\/"},"modified":"2026-04-16T03:07:20","modified_gmt":"2026-04-16T00:07:20","slug":"kizil-tehlike-soguk-savas-turkiyesinde-komunizmle-mucadele","status":"publish","type":"product","link":"https:\/\/roveyayinevi.com.tr\/index.php\/urun\/kizil-tehlike-soguk-savas-turkiyesinde-komunizmle-mucadele\/","title":{"rendered":"&#8220;K\u0131z\u0131l Tehlike&#8221; So\u011fuk Sava\u015f T\u00fcrkiye\u2019sinde Kom\u00fcnizmle M\u00fccadele"},"content":{"rendered":"<p>20. Y\u00fczy\u0131l siyasi literat\u00fcr\u00fcnde \u00f6nemli bir yere sahip olan So\u011fuk Sava\u015f s\u00fcreci gerek kendi d\u00f6nemi gerekse sonraki geli\u015fmeleri belirlemesi ve \u015fekillendirmesi a\u00e7\u0131s\u0131ndan b\u00fcy\u00fck \u00f6neme sahiptir. D\u00fcnyan\u0131n uluslararas\u0131 ili\u015fkiler anlam\u0131nda Do\u011fu ve Bat\u0131 olarak iki ideolojik kampa ayr\u0131ld\u0131\u011f\u0131 bu d\u00f6nemde kom\u00fcnizm kar\u015f\u0131tl\u0131\u011f\u0131 ba\u015fta bu blokla\u015fman\u0131n mimarlar\u0131ndan olan Amerika Birle\u015fik Devletleri olmak \u00fczere onun etkiledi\u011fi \u00fclkelerde en \u00f6nemli g\u00fcndemi olu\u015fturmu\u015ftur. Bu s\u00fcre\u00e7te Amerika Birle\u015fik Devletleri\u2019nin \u00f6nderli\u011finde y\u00fcr\u00fct\u00fclen kom\u00fcnizm kar\u015f\u0131tl\u0131\u011f\u0131 ba\u015fta Avrupa olmak \u00fczere Sovyet Rusya\u2019n\u0131n tehdidi alt\u0131ndaki t\u00fcm \u00fclkelerde ve bu tehdidin belki de her yerden \u00e7ok daha fazla hissedildi\u011fi T\u00fcrkiye\u2019de de k\u0131sa s\u00fcrede kar\u015f\u0131l\u0131\u011f\u0131n\u0131 bulmu\u015ftur. II. D\u00fcnya Sava\u015f\u0131 y\u0131llar\u0131nda t\u00fcm bask\u0131lara ra\u011fmen ustaca takip etti\u011fi tarafs\u0131zl\u0131k politikas\u0131 \u00e7er\u00e7evesinde sava\u015f\u0131n d\u0131\u015f\u0131nda kalmay\u0131 ba\u015farm\u0131\u015f olan T\u00fcrkiye, sava\u015f sonras\u0131n\u0131n yeni ko\u015fullar\u0131nda bu tarafs\u0131zl\u0131\u011f\u0131n\u0131 bir tarafa b\u0131rakarak iki kampa ayr\u0131lan d\u00fcnyada Liberalizmin temsil edildi\u011fi Bat\u0131 dahas\u0131 ABD yan\u0131nda yer alma karar\u0131 vermi\u015ftir. T\u00fcrkiye\u2019nin bu yeni d\u0131\u015f politika tercihi, i\u00e7 politikada giderek artan tonda kom\u00fcnizm kar\u015f\u0131tl\u0131\u011f\u0131 yapmak ve bu ama\u00e7 \u00e7er\u00e7evesinde g\u00fc\u00e7l\u00fc bir kamuoyu olu\u015fturmak gibi bir mecburiyetle kar\u015f\u0131 kar\u015f\u0131ya kalmas\u0131na neden olmu\u015ftur. D\u0131\u015f politikada a\u011f\u0131rl\u0131kl\u0131 olarak ABD etkisine girmi\u015f olan T\u00fcrkiye\u2019de sistematik bir devlet politikas\u0131 olarak y\u00fcr\u00fct\u00fclen kom\u00fcnizm kar\u015f\u0131tl\u0131\u011f\u0131 ve kom\u00fcnizmle m\u00fccadele bir taraftan milliyet\u00e7i-muhafazak\u00e2r siyasi damar\u0131n siyasette \u00f6n palana \u00e7\u0131kmas\u0131na zemin haz\u0131rlarken, di\u011fer yandan da ABD\u2019nin ve Bat\u0131\u2019n\u0131n temsil etti\u011fi kapitalist k\u00fclt\u00fcr\u00fcn T\u00fcrk siyasal ve toplumsal ya\u015fam\u0131nda belirleyici bir etki olmas\u0131na zemin haz\u0131rlam\u0131\u015ft\u0131r.<\/p>\n","protected":false},"excerpt":{"rendered":"<p>20. Y\u00fczy\u0131l siyasi literat\u00fcr\u00fcnde \u00f6nemli bir yere sahip olan So\u011fuk Sava\u015f s\u00fcreci gerek kendi d\u00f6nemi gerekse sonraki geli\u015fmeleri belirlemesi ve \u015fekillendirmesi a\u00e7\u0131s\u0131ndan b\u00fcy\u00fck \u00f6neme sahiptir. D\u00fcnyan\u0131n<span class=\"excerpt-hellip\"> [\u2026]<\/span><\/p>\n","protected":false},"featured_media":0,"template":"","meta":{"_monsterinsights_skip_tracking":false,"_monsterinsights_sitenote_active":false,"_monsterinsights_sitenote_note":"","_monsterinsights_sitenote_category":0},"product_brand":[],"product_cat":[12337],"product_tag":[],"class_list":{"0":"post-777320","1":"product","2":"type-product","3":"status-publish","5":"product_cat-politika-siyaset","6":"pa_cilt-ciltsiz","7":"pa_tur-kitap","8":"pa_yayinevi-berikan-yayinlari","9":"pa_yazar-ceyda-tuna-kocaoglu","11":"first","12":"instock","13":"sale","14":"shipping-taxable","15":"purchasable","16":"product-type-simple"},"_links":{"self":[{"href":"https:\/\/roveyayinevi.com.tr\/index.php\/wp-json\/wp\/v2\/product\/777320","targetHints":{"allow":["GET"]}}],"collection":[{"href":"https:\/\/roveyayinevi.com.tr\/index.php\/wp-json\/wp\/v2\/product"}],"about":[{"href":"https:\/\/roveyayinevi.com.tr\/index.php\/wp-json\/wp\/v2\/types\/product"}],"wp:attachment":[{"href":"https:\/\/roveyayinevi.com.tr\/index.php\/wp-json\/wp\/v2\/media?parent=777320"}],"wp:term":[{"taxonomy":"product_brand","embeddable":true,"href":"https:\/\/roveyayinevi.com.tr\/index.php\/wp-json\/wp\/v2\/product_brand?post=777320"},{"taxonomy":"product_cat","embeddable":true,"href":"https:\/\/roveyayinevi.com.tr\/index.php\/wp-json\/wp\/v2\/product_cat?post=777320"},{"taxonomy":"product_tag","embeddable":true,"href":"https:\/\/roveyayinevi.com.tr\/index.php\/wp-json\/wp\/v2\/product_tag?post=777320"}],"curies":[{"name":"wp","href":"https:\/\/api.w.org\/{rel}","templated":true}]}}