{"id":777314,"date":"2025-10-14T07:50:52","date_gmt":"2025-10-14T04:50:52","guid":{"rendered":"https:\/\/roveyayinevi.com.tr\/index.php\/urun\/9-isik\/"},"modified":"2026-03-25T14:17:37","modified_gmt":"2026-03-25T11:17:37","slug":"9-isik","status":"publish","type":"product","link":"https:\/\/roveyayinevi.com.tr\/index.php\/urun\/9-isik\/","title":{"rendered":"9 I\u015f\u0131k"},"content":{"rendered":"<p>&#8220;\u2026Bu liberal ve kapitalist d\u00fczenin yerine, Doktriner T\u00fcrk milliyet\u00e7ili\u011fi d\u00fczenini kurmak kavgas\u0131d\u0131r MHP&#8217;nin kavgas\u0131. \u00d6yleyse Genel \u0130dare Kuruluna se\u00e7ilecek olanlara da, hem d\u00fc\u015fman ideoloji ajanlar\u0131n\u0131n s\u0131zmas\u0131n\u0131 \u00f6nlemek i\u00e7in, hem de parti dinamikli-\u011finin s\u00fcreklili\u011fi i\u00e7in Doktriner T\u00fcrk milliyet\u00e7ili\u011fi aranmal\u0131d\u0131r. Doktriner partiler, iktidara gelmeseler, hatta parlamentoya bir grup sokmasalar bile, \u00fclke y\u00f6netiminde etkin olan partilerdir. Kitle partisi olmaya \u00f6zenmeyen partilerdir doktrin partileri! Bu gibi \u00f6zlemlere hayat hakk\u0131 tan\u0131mayan partilerdir. Ve adaylarda se\u00e7ilme \u015fans\u0131 arayan partiler de\u011fil, doktrinle aday aras\u0131nda kesinkes uyum arayan partilerdir. \u015eah\u0131slar\u0131 de\u011fil, fikirleri iktidara getirmek isteyen, bunun kavgas\u0131n\u0131 yapan partilerdir.&#8221; Alparslan T\u00fcrke\u015f&#8217;e g\u00f6re, Milliyet\u00e7i Hareket Partisi, T\u00fcrkiye&#8217;de yeni bir \u00e7a\u011f ba\u015flatm\u0131\u015f olan bir partidir. \u00c7a\u011f milliyet\u00e7i aksiyon \u00e7a\u011f\u0131d\u0131r. Bu \u00e7a\u011f T\u00fcrkiye&#8217;de &#8220;Her \u015fey T\u00fcrk i\u00e7in, T\u00fcrk&#8217;e g\u00f6re ve T\u00fcrk taraf\u0131ndan ilkesine, B\u00fcy\u00fck T\u00fcrkiye idealine dayanan Milli Doktrin \u00e7a\u011f\u0131d\u0131r.&#8221; Milliyet\u00e7i hareket, T\u00fcrkl\u00fc\u011f\u00fcn par\u00e7alanmas\u0131na, T\u00fcrk vatan\u0131n\u0131n herhangi bir devletin uydusu haline sokulmas\u0131na kar\u015f\u0131 ba\u015flat\u0131lm\u0131\u015f kutsal sava\u015f olarak belirmi\u015f ve doktrin b\u00f6yle bir ortamda \u015fekillenmi\u015ftir. <\/p>\n","protected":false},"excerpt":{"rendered":"<p>&#8220;\u2026Bu liberal ve kapitalist d\u00fczenin yerine, Doktriner T\u00fcrk milliyet\u00e7ili\u011fi d\u00fczenini kurmak kavgas\u0131d\u0131r MHP&#8217;nin kavgas\u0131. \u00d6yleyse Genel \u0130dare Kuruluna se\u00e7ilecek olanlara da, hem d\u00fc\u015fman ideoloji ajanlar\u0131n\u0131n s\u0131zmas\u0131n\u0131<span class=\"excerpt-hellip\"> [\u2026]<\/span><\/p>\n","protected":false},"featured_media":0,"template":"","meta":{"_monsterinsights_skip_tracking":false,"_monsterinsights_sitenote_active":false,"_monsterinsights_sitenote_note":"","_monsterinsights_sitenote_category":0},"product_brand":[],"product_cat":[12312,12304],"product_tag":[],"class_list":{"0":"post-777314","1":"product","2":"type-product","3":"status-publish","5":"product_cat-diger","6":"product_cat-tarih","7":"pa_cilt-ciltsiz","8":"pa_tur-kitap","9":"pa_yayinevi-berikan-yayinlari","10":"pa_yazar-alparslan-turkes","12":"first","13":"instock","14":"sale","15":"shipping-taxable","16":"purchasable","17":"product-type-simple"},"_links":{"self":[{"href":"https:\/\/roveyayinevi.com.tr\/index.php\/wp-json\/wp\/v2\/product\/777314","targetHints":{"allow":["GET"]}}],"collection":[{"href":"https:\/\/roveyayinevi.com.tr\/index.php\/wp-json\/wp\/v2\/product"}],"about":[{"href":"https:\/\/roveyayinevi.com.tr\/index.php\/wp-json\/wp\/v2\/types\/product"}],"wp:attachment":[{"href":"https:\/\/roveyayinevi.com.tr\/index.php\/wp-json\/wp\/v2\/media?parent=777314"}],"wp:term":[{"taxonomy":"product_brand","embeddable":true,"href":"https:\/\/roveyayinevi.com.tr\/index.php\/wp-json\/wp\/v2\/product_brand?post=777314"},{"taxonomy":"product_cat","embeddable":true,"href":"https:\/\/roveyayinevi.com.tr\/index.php\/wp-json\/wp\/v2\/product_cat?post=777314"},{"taxonomy":"product_tag","embeddable":true,"href":"https:\/\/roveyayinevi.com.tr\/index.php\/wp-json\/wp\/v2\/product_tag?post=777314"}],"curies":[{"name":"wp","href":"https:\/\/api.w.org\/{rel}","templated":true}]}}