{"id":777312,"date":"2025-10-14T06:57:02","date_gmt":"2025-10-14T03:57:02","guid":{"rendered":"https:\/\/roveyayinevi.com.tr\/index.php\/urun\/aglamak-yagmur-gibidir\/"},"modified":"2025-10-16T15:05:09","modified_gmt":"2025-10-16T12:05:09","slug":"aglamak-yagmur-gibidir","status":"publish","type":"product","link":"https:\/\/roveyayinevi.com.tr\/index.php\/urun\/aglamak-yagmur-gibidir\/","title":{"rendered":"A\u011flamak Ya\u011fmur Gibidir"},"content":{"rendered":"<p>Duygular hava olaylar\u0131 gibidir. Gelip ge\u00e7erler.A\u011flamay\u0131 yanl\u0131\u015f m\u0131 anl\u0131yoruz? \u0130lla ters giden bir \u015feyler oldu\u011fu i\u00e7in mi a\u011flar\u0131z? Oysa ya\u011fmurdan sonra topra\u011f\u0131n tazelenip yenilenmesi gibi a\u011flad\u0131ktan sonra bedenimizde sakinle\u015fip tazelenmez mi?\u00dczg\u00fcn, k\u0131zg\u0131n, yaln\u0131z, kayg\u0131l\u0131 hissedebiliriz ama duygular hava olaylar\u0131 gibidir; gelip ge\u00e7erler. Yeter ki onlar\u0131 anlayal\u0131m ve kabul edelim.Bilin\u00e7li fark\u0131ndal\u0131k (mindfulness) ve duygular \u00fczerine bir hik\u00e2ye<\/p>\n","protected":false},"excerpt":{"rendered":"<p>Duygular hava olaylar\u0131 gibidir. Gelip ge\u00e7erler.A\u011flamay\u0131 yanl\u0131\u015f m\u0131 anl\u0131yoruz? \u0130lla ters giden bir \u015feyler oldu\u011fu i\u00e7in mi a\u011flar\u0131z? Oysa ya\u011fmurdan sonra topra\u011f\u0131n tazelenip yenilenmesi gibi a\u011flad\u0131ktan<span class=\"excerpt-hellip\"> [\u2026]<\/span><\/p>\n","protected":false},"featured_media":0,"template":"","meta":{"_monsterinsights_skip_tracking":false,"_monsterinsights_sitenote_active":false,"_monsterinsights_sitenote_note":"","_monsterinsights_sitenote_category":0},"product_brand":[],"product_cat":[12274,12518],"product_tag":[],"class_list":{"0":"post-777312","1":"product","2":"type-product","3":"status-publish","5":"product_cat-cocuk-ve-genclik-kitaplari","6":"product_cat-okul-oncesi-kitaplar","7":"pa_cilt-ciltsiz","8":"pa_tur-kitap","9":"pa_yayinevi-ilksatir-yayinevi","10":"pa_yazar-kolektif","12":"first","13":"instock","14":"sale","15":"shipping-taxable","16":"purchasable","17":"product-type-simple"},"_links":{"self":[{"href":"https:\/\/roveyayinevi.com.tr\/index.php\/wp-json\/wp\/v2\/product\/777312","targetHints":{"allow":["GET"]}}],"collection":[{"href":"https:\/\/roveyayinevi.com.tr\/index.php\/wp-json\/wp\/v2\/product"}],"about":[{"href":"https:\/\/roveyayinevi.com.tr\/index.php\/wp-json\/wp\/v2\/types\/product"}],"wp:attachment":[{"href":"https:\/\/roveyayinevi.com.tr\/index.php\/wp-json\/wp\/v2\/media?parent=777312"}],"wp:term":[{"taxonomy":"product_brand","embeddable":true,"href":"https:\/\/roveyayinevi.com.tr\/index.php\/wp-json\/wp\/v2\/product_brand?post=777312"},{"taxonomy":"product_cat","embeddable":true,"href":"https:\/\/roveyayinevi.com.tr\/index.php\/wp-json\/wp\/v2\/product_cat?post=777312"},{"taxonomy":"product_tag","embeddable":true,"href":"https:\/\/roveyayinevi.com.tr\/index.php\/wp-json\/wp\/v2\/product_tag?post=777312"}],"curies":[{"name":"wp","href":"https:\/\/api.w.org\/{rel}","templated":true}]}}