{"id":777310,"date":"2025-10-14T06:04:11","date_gmt":"2025-10-14T03:04:11","guid":{"rendered":"https:\/\/roveyayinevi.com.tr\/index.php\/urun\/birinci-dunya-savasi-oncesi-osmanli-devletinin-adalarda-hakimiyet-mucadelesi\/"},"modified":"2025-12-30T10:32:32","modified_gmt":"2025-12-30T07:32:32","slug":"birinci-dunya-savasi-oncesi-osmanli-devletinin-adalarda-hakimiyet-mucadelesi","status":"publish","type":"product","link":"https:\/\/roveyayinevi.com.tr\/index.php\/urun\/birinci-dunya-savasi-oncesi-osmanli-devletinin-adalarda-hakimiyet-mucadelesi\/","title":{"rendered":"Birinci D\u00fcnya Sava\u015f\u0131 \u00d6ncesi Osmanl\u0131 Devleti\u2019nin Adalarda Hakimiyet M\u00fccadelesi"},"content":{"rendered":"<p>Akdeniz\u2019in bir par\u00e7as\u0131 olan ve T\u00fcrkiye ile Yunanistan k\u0131y\u0131lar\u0131yla \u00e7evrili Ege Denizi\u2019nde temel sorun, Yunanistan\u2019\u0131n elindeki Adalar\u0131n Anadolu\u2019ya \u00e7ok yak\u0131n olmas\u0131 ve bu Adalar\u0131n b\u00fct\u00fcn Ege Denizi\u2019ni kontrol edebilecek bir konumda bulunmas\u0131d\u0131r.Adalar meselesinin k\u00f6keninde, Balkan Sava\u015flar\u0131 s\u0131ras\u0131nda Yunanistan taraf\u0131ndan i\u015fgal edilen Adalar\u0131n T\u00fcrkiye\u2019ye geri verilmemesinden kaynaklanan hususlar vard\u0131r. T\u00fcrkiye, I. Balkan Sava\u015f\u0131 sonunda imzalanan Londra Antla\u015fmas\u0131 ile sorunun \u00e7\u00f6z\u00fcm\u00fcn\u00fc B\u00fcy\u00fck Devletlere b\u0131rak\u0131rken, \u00e7ekincelerini ve hassasiyetlerini de ortaya koymu\u015f ve o g\u00fcnk\u00fc \u015fartlar gere\u011fi, hay\u0131rhahane olaca\u011f\u0131 \u00fcmidini ta\u015f\u0131yarak bu i\u015fi B\u00fcy\u00fck Devletlere havale etmeye raz\u0131 olmu\u015ftur. B\u00fcy\u00fck Devletler ise, G\u00f6k\u00e7eada, Bozcaada ve Meis d\u0131\u015f\u0131ndaki Ege Adalar\u0131n\u0131n Yunanistan\u2019a b\u0131rak\u0131lmas\u0131na karar verdiklerini bildirmi\u015flerse de bu karar Osmanl\u0131 H\u00fck\u00fcmeti taraf\u0131ndan kabul edilmemi\u015f, G\u00f6k\u00e7eada, Bozcaada ve Meis\u2019in kendisine b\u0131rak\u0131lmas\u0131n\u0131 senet sayan Bab-\u0131 Ali, hakl\u0131 ve me\u015fru isteklerini kabul ettirmek i\u00e7in \u00e7aba harcayaca\u011f\u0131n\u0131 beyan etmi\u015ftir. Koskoca Balkanlardan vazge\u00e7ebilen T\u00fcrkiye, Adalardan vazge\u00e7memi\u015f ve Adalar\u0131 etle t\u0131rnak gibi, Anadolu\u2019nun b\u00f6l\u00fcnmez par\u00e7alar\u0131 olarak g\u00f6rm\u00fc\u015f, ister Yunanistan\u2019la yap\u0131lacak ikili g\u00f6r\u00fc\u015fmeler yoluyla, isterse sava\u015fla, bu Adalardan hi\u00e7 olmazsa kendi g\u00fcvenli\u011fi a\u00e7\u0131s\u0131ndan elzem olan Sak\u0131z ve Midilli\u2019yi geri almaya \u00e7al\u0131\u015fm\u0131\u015ft\u0131r.Bu ara\u015ft\u0131rmada, g\u00fcn\u00fcm\u00fczdeki T\u00fcrk-Yunan ili\u015fkileri g\u00f6z \u00f6n\u00fcne al\u0131nd\u0131\u011f\u0131nda iki taraf aras\u0131ndaki anla\u015fmazl\u0131klardan belki de en \u00f6nemlisi olan ve etkileri g\u00fcn\u00fcm\u00fcze kadar uzanan Adalar meselesinin I. D\u00fcnya Sava\u015f\u0131\u2019na kadar olan d\u00f6nemi, B\u00fcy\u00fck Devletlerin bu konuda vermi\u015f olduklar\u0131 karar \u00e7er\u00e7evesinde, \u00f6zellikle d\u00f6nemin bas\u0131n\u0131na g\u00f6re ayd\u0131nlat\u0131lmaya ve de\u011ferlendirilmeye \u00e7al\u0131\u015f\u0131lm\u0131\u015ft\u0131r.<\/p>\n","protected":false},"excerpt":{"rendered":"<p>Akdeniz\u2019in bir par\u00e7as\u0131 olan ve T\u00fcrkiye ile Yunanistan k\u0131y\u0131lar\u0131yla \u00e7evrili Ege Denizi\u2019nde temel sorun, Yunanistan\u2019\u0131n elindeki Adalar\u0131n Anadolu\u2019ya \u00e7ok yak\u0131n olmas\u0131 ve bu Adalar\u0131n b\u00fct\u00fcn Ege<span class=\"excerpt-hellip\"> [\u2026]<\/span><\/p>\n","protected":false},"featured_media":0,"template":"","meta":{"_monsterinsights_skip_tracking":false,"_monsterinsights_sitenote_active":false,"_monsterinsights_sitenote_note":"","_monsterinsights_sitenote_category":0},"product_brand":[],"product_cat":[12304,13493],"product_tag":[],"class_list":{"0":"post-777310","1":"product","2":"type-product","3":"status-publish","5":"product_cat-tarih","6":"product_cat-turkiye-ve-cumhuriyet-tarihi","7":"pa_cilt-ciltsiz","8":"pa_tur-kitap","9":"pa_yayinevi-berikan-yayinlari","10":"pa_yazar-mustafa-bostanci","12":"first","13":"instock","14":"sale","15":"shipping-taxable","16":"purchasable","17":"product-type-simple"},"_links":{"self":[{"href":"https:\/\/roveyayinevi.com.tr\/index.php\/wp-json\/wp\/v2\/product\/777310","targetHints":{"allow":["GET"]}}],"collection":[{"href":"https:\/\/roveyayinevi.com.tr\/index.php\/wp-json\/wp\/v2\/product"}],"about":[{"href":"https:\/\/roveyayinevi.com.tr\/index.php\/wp-json\/wp\/v2\/types\/product"}],"wp:attachment":[{"href":"https:\/\/roveyayinevi.com.tr\/index.php\/wp-json\/wp\/v2\/media?parent=777310"}],"wp:term":[{"taxonomy":"product_brand","embeddable":true,"href":"https:\/\/roveyayinevi.com.tr\/index.php\/wp-json\/wp\/v2\/product_brand?post=777310"},{"taxonomy":"product_cat","embeddable":true,"href":"https:\/\/roveyayinevi.com.tr\/index.php\/wp-json\/wp\/v2\/product_cat?post=777310"},{"taxonomy":"product_tag","embeddable":true,"href":"https:\/\/roveyayinevi.com.tr\/index.php\/wp-json\/wp\/v2\/product_tag?post=777310"}],"curies":[{"name":"wp","href":"https:\/\/api.w.org\/{rel}","templated":true}]}}