{"id":777308,"date":"2025-10-14T05:04:21","date_gmt":"2025-10-14T02:04:21","guid":{"rendered":"https:\/\/roveyayinevi.com.tr\/index.php\/urun\/davaya-adanmis-omur-devlet-bahceli\/"},"modified":"2026-04-16T02:25:10","modified_gmt":"2026-04-15T23:25:10","slug":"davaya-adanmis-omur-devlet-bahceli","status":"publish","type":"product","link":"https:\/\/roveyayinevi.com.tr\/index.php\/urun\/davaya-adanmis-omur-devlet-bahceli\/","title":{"rendered":"Davaya Adanm\u0131\u015f \u00d6m\u00fcr &#8211; Devlet Bah\u00e7eli"},"content":{"rendered":"<p>\u201cBa\u015fbu\u011f\u2019un b\u0131rakt\u0131\u011f\u0131 kutlu sanca\u011f\u0131; dava adaml\u0131\u011f\u0131n\u0131n, davaya adanm\u0131\u015fl\u0131\u011f\u0131n\u0131n ilk y\u0131llar\u0131ndan beri Bilge Ka\u011fan misali yemeyip yediren, i\u00e7meyip i\u00e7iren, giymeyip giydiren Devlet Bah\u00e7eli devrald\u0131.Gece uyumad\u0131, g\u00fcnd\u00fcz oturmad\u0131, \u00dclk\u00fcda\u015flar\u0131n\u0131 ve milletini tehlikelerden korumak i\u00e7in \u00e7\u0131rp\u0131nd\u0131.\u00d6n\u00fcne d\u00fc\u015ft\u00fc\u011f\u00fc camiay\u0131 her kaos ve sars\u0131nt\u0131da Tanr\u0131\u2019n\u0131n izniyle bir \u0130lteber misali derleyip toparlad\u0131.Ulu a\u011fac\u0131n dallar\u0131; Ardahan\u2019dan Edirne\u2019ye, oradan b\u00fct\u00fcn T\u00fcrk d\u00fcnyas\u0131na uzand\u0131.Milleti kucaklayan, g\u00f6lgesinde cem eden bir koca \u00e7\u0131nar oldu.Milliyet\u00e7i-\u00dclk\u00fcc\u00fc camiay\u0131, bilgeli\u011fin sakin g\u00f6lgesinde toplad\u0131.Geminin d\u00fcmenini siyasetin engin denizlerine k\u0131rd\u0131.Devlet Bah\u00e7eli; parti taban\u0131ndaki unvan\u0131yla T\u00fcrkmen Beyi, MHP gemisinin dalgal\u0131 sulara s\u00fcr\u00fcklenmesine izin vermedi.<\/p>\n","protected":false},"excerpt":{"rendered":"<p>\u201cBa\u015fbu\u011f\u2019un b\u0131rakt\u0131\u011f\u0131 kutlu sanca\u011f\u0131; dava adaml\u0131\u011f\u0131n\u0131n, davaya adanm\u0131\u015fl\u0131\u011f\u0131n\u0131n ilk y\u0131llar\u0131ndan beri Bilge Ka\u011fan misali yemeyip yediren, i\u00e7meyip i\u00e7iren, giymeyip giydiren Devlet Bah\u00e7eli devrald\u0131.Gece uyumad\u0131, g\u00fcnd\u00fcz oturmad\u0131,<span class=\"excerpt-hellip\"> [\u2026]<\/span><\/p>\n","protected":false},"featured_media":0,"template":"","meta":{"_monsterinsights_skip_tracking":false,"_monsterinsights_sitenote_active":false,"_monsterinsights_sitenote_note":"","_monsterinsights_sitenote_category":0},"product_brand":[],"product_cat":[14009,12291],"product_tag":[],"class_list":{"0":"post-777308","1":"product","2":"type-product","3":"status-publish","5":"product_cat-biyografi-otobiyografi-edebiyat","6":"product_cat-edebiyat","7":"pa_cilt-ciltsiz","8":"pa_tur-kitap","9":"pa_yayinevi-berikan-yayinlari","10":"pa_yazar-e-semih-yalcin","12":"first","13":"instock","14":"sale","15":"shipping-taxable","16":"purchasable","17":"product-type-simple"},"_links":{"self":[{"href":"https:\/\/roveyayinevi.com.tr\/index.php\/wp-json\/wp\/v2\/product\/777308","targetHints":{"allow":["GET"]}}],"collection":[{"href":"https:\/\/roveyayinevi.com.tr\/index.php\/wp-json\/wp\/v2\/product"}],"about":[{"href":"https:\/\/roveyayinevi.com.tr\/index.php\/wp-json\/wp\/v2\/types\/product"}],"wp:attachment":[{"href":"https:\/\/roveyayinevi.com.tr\/index.php\/wp-json\/wp\/v2\/media?parent=777308"}],"wp:term":[{"taxonomy":"product_brand","embeddable":true,"href":"https:\/\/roveyayinevi.com.tr\/index.php\/wp-json\/wp\/v2\/product_brand?post=777308"},{"taxonomy":"product_cat","embeddable":true,"href":"https:\/\/roveyayinevi.com.tr\/index.php\/wp-json\/wp\/v2\/product_cat?post=777308"},{"taxonomy":"product_tag","embeddable":true,"href":"https:\/\/roveyayinevi.com.tr\/index.php\/wp-json\/wp\/v2\/product_tag?post=777308"}],"curies":[{"name":"wp","href":"https:\/\/api.w.org\/{rel}","templated":true}]}}