{"id":777307,"date":"2025-10-14T04:55:16","date_gmt":"2025-10-14T01:55:16","guid":{"rendered":"https:\/\/roveyayinevi.com.tr\/index.php\/urun\/kiyam-et-u-isaret-1\/"},"modified":"2025-12-30T10:17:50","modified_gmt":"2025-12-30T07:17:50","slug":"kiyam-et-u-isaret-1","status":"publish","type":"product","link":"https:\/\/roveyayinevi.com.tr\/index.php\/urun\/kiyam-et-u-isaret-1\/","title":{"rendered":"K\u0131yam-et U \u0130\u015faret 1"},"content":{"rendered":"<p>\u0130nsan&#8230; \u0130nsan aray\u0131\u015f demektir. Yolcu demektir&#8230; \u201c\u00c7oklu\u011funu\u201d bulmak i\u00e7in \u201cyoklu\u011funu\u201d arar bu hayat yolculu\u011funda&#8230; Ve o, t\u00fcm hayat\u0131 boyunca hayallerini d\u0131\u015far\u0131da zannederken kar\u015f\u0131la\u015ft\u0131\u011f\u0131 ac\u0131larda da ald\u0131\u011f\u0131 yaralarda da ba\u015fka bir istikamete de\u011fil asl\u0131nda hakiki kendine, \u201c\u00f6z\u201d\u00fcne yolculuk etti\u011fini fark eder bir g\u00fcn. Hayallerinin, \u00f6zlemlerinin ve herkesin pe\u015finde oldu\u011fu Kafda\u011f\u0131\u2019n\u0131n ard\u0131ndaki o me\u015fhur \u201chazine\u201dnin izini s\u00fcrerken, asl\u0131nda a\u015f\u0131lmas\u0131 gereken tek Kafda\u011f\u0131\u2019n\u0131n kendi nefsi oldu\u011funu fark eder. \u0130\u015fte bu yolda ilerlerken insan, onu bekleyen HAZ\u0130NEN\u0130N SAH\u0130B\u0130N\u0130N, ona \u201ckelam\u201d\u0131yla, \u201cel\u00e7i\u201dleriyle \u0130\u015eARETLER b\u0131rakt\u0131\u011f\u0131n\u0131 g\u00f6rmeye ba\u015flar. Ve her \u015feyin onun i\u00e7in \u00e7ok \u00f6nceden b\u00fcy\u00fck bir sevgi ve \u015fefkatle haz\u0131rlanm\u0131\u015f ve d\u00fc\u015f\u00fcn\u00fclm\u00fc\u015f oldu\u011funu&#8230; E\u011fer ki in\u015fa ettikleriniz sars\u0131l\u0131yorsa&#8230; E\u011fer ki hayat\u0131n\u0131zdan vazge\u00e7ilmez sand\u0131klar\u0131n\u0131z uzakla\u015f\u0131yor, kay\u0131p sand\u0131klar\u0131n\u0131z art\u0131yorsa&#8230; Bilin ki asl\u0131n\u0131za Hicret\u2019tesiniz; giden herkes ve her \u015fey, sizin HAZ\u0130NEN\u0130N TEK SAH\u0130B\u0130 Allah\u2019a, kanatlan\u0131p u\u00e7man\u0131za y\u00fck olan a\u011f\u0131rl\u0131klard\u0131r. B\u0131rak\u0131n gitsinler&#8230; R\u00fczg\u00e2r ve ruh birbirine benzer. E\u011fer kendinizi O\u2019nun nefesine, ruhuna b\u0131rak\u0131rsan\u0131z O size yeni kanatlar verir ve kanatlar\u0131n\u0131z alt\u0131ndaki r\u00fczg\u00e2r olur. \u00c7\u00fcnk\u00fc O\u2019nun her \u015feye g\u00fcc\u00fc yeter&#8230;   Bedenimde n\u00e2r Ruhumdaysa y\u00e2r var Bana buras\u0131 yery\u00fcz\u00fc diyorlar Oysaki her yer Y\u00c2R-y\u00fcz\u00fc Bilmiyorlar&#8230;<\/p>\n","protected":false},"excerpt":{"rendered":"<p>\u0130nsan&#8230; \u0130nsan aray\u0131\u015f demektir. Yolcu demektir&#8230; \u201c\u00c7oklu\u011funu\u201d bulmak i\u00e7in \u201cyoklu\u011funu\u201d arar bu hayat yolculu\u011funda&#8230; Ve o, t\u00fcm hayat\u0131 boyunca hayallerini d\u0131\u015far\u0131da zannederken kar\u015f\u0131la\u015ft\u0131\u011f\u0131 ac\u0131larda da ald\u0131\u011f\u0131<span class=\"excerpt-hellip\"> [\u2026]<\/span><\/p>\n","protected":false},"featured_media":0,"template":"","meta":{"_monsterinsights_skip_tracking":false,"_monsterinsights_sitenote_active":false,"_monsterinsights_sitenote_note":"","_monsterinsights_sitenote_category":0},"product_brand":[],"product_cat":[12364,12376],"product_tag":[],"class_list":{"0":"post-777307","1":"product","2":"type-product","3":"status-publish","5":"product_cat-genel-konular","6":"product_cat-kisisel-gelisim","7":"pa_cilt-ciltsiz","8":"pa_tur-kitap","9":"pa_yayinevi-mona-kitap","10":"pa_yazar-deniz-erten","12":"first","13":"instock","14":"sale","15":"shipping-taxable","16":"purchasable","17":"product-type-simple"},"_links":{"self":[{"href":"https:\/\/roveyayinevi.com.tr\/index.php\/wp-json\/wp\/v2\/product\/777307","targetHints":{"allow":["GET"]}}],"collection":[{"href":"https:\/\/roveyayinevi.com.tr\/index.php\/wp-json\/wp\/v2\/product"}],"about":[{"href":"https:\/\/roveyayinevi.com.tr\/index.php\/wp-json\/wp\/v2\/types\/product"}],"wp:attachment":[{"href":"https:\/\/roveyayinevi.com.tr\/index.php\/wp-json\/wp\/v2\/media?parent=777307"}],"wp:term":[{"taxonomy":"product_brand","embeddable":true,"href":"https:\/\/roveyayinevi.com.tr\/index.php\/wp-json\/wp\/v2\/product_brand?post=777307"},{"taxonomy":"product_cat","embeddable":true,"href":"https:\/\/roveyayinevi.com.tr\/index.php\/wp-json\/wp\/v2\/product_cat?post=777307"},{"taxonomy":"product_tag","embeddable":true,"href":"https:\/\/roveyayinevi.com.tr\/index.php\/wp-json\/wp\/v2\/product_tag?post=777307"}],"curies":[{"name":"wp","href":"https:\/\/api.w.org\/{rel}","templated":true}]}}