{"id":777306,"date":"2025-10-14T04:26:11","date_gmt":"2025-10-14T01:26:11","guid":{"rendered":"https:\/\/roveyayinevi.com.tr\/index.php\/urun\/basbug-alparslan-turkes\/"},"modified":"2025-12-30T10:11:04","modified_gmt":"2025-12-30T07:11:04","slug":"basbug-alparslan-turkes","status":"publish","type":"product","link":"https:\/\/roveyayinevi.com.tr\/index.php\/urun\/basbug-alparslan-turkes\/","title":{"rendered":"Ba\u015fbu\u011f Alparslan T\u00fcrke\u015f"},"content":{"rendered":"<p>Alparslan T\u00fcrke\u015f, tarihimizin yeti\u015ftirdi\u011fi b\u00fcy\u00fck devlet, siyaset ve d\u00fc\u015f\u00fcnce adamlar\u0131ndan birisidir.Ortaya koydu\u011fu fikirleriyle T\u00fcrk milletinin g\u00f6nl\u00fcnde taht kurmu\u015f, T\u00fcrk siyasetine damgas\u0131n\u0131 vurmu\u015f bir\u015fahsiyettir. Alparslan T\u00fcrke\u015f\u2019in \u00fcn\u00fc sadece T\u00fcrkiye T\u00fcrkl\u00fc\u011f\u00fc ile s\u0131n\u0131rl\u0131 kalmam\u0131\u015ft\u0131r. O T\u00fcrk D\u00fcnyas\u0131\u2019n\u0131ntamam\u0131nda hakl\u0131 bir sevgi ve sayg\u0131 kazanm\u0131\u015ft\u0131r. K\u0131br\u0131s T\u00fcrkl\u00fc\u011f\u00fcn\u00fcn ba\u011fr\u0131nda d\u00fcnyaya g\u00f6zlerini a\u00e7an T\u00fcrke\u015f,T\u00fcrkl\u00fc\u011f\u00fcn b\u00fct\u00fcn meseleleri ile ilk gen\u00e7lik y\u0131llar\u0131ndan itibaren ilgilenmi\u015f ve Azerbaycan&#8217;dan Tacikistan&#8217;a kadarher T\u00fcrk ilinde derin bir iz b\u0131rakm\u0131\u015ft\u0131r.Ziya G\u00f6kalp, Atat\u00fcrk, Ats\u0131z \u00e7izgisinde geli\u015fen T\u00fcrk Milliyet\u00e7ili\u011fi d\u00fc\u015f\u00fcnce sisteminin siyaset sahnesineyans\u0131t\u0131lmas\u0131 Merhum T\u00fcrke\u015f sayesinde olmu\u015f; O, gen\u00e7li\u011fin T\u00fcrkl\u00fc\u011f\u00fcn meseleleri ile hemhal olmas\u0131 veyeti\u015ftirilmesinde \u00dclk\u00fc Ocaklar\u0131 ile bir \u00e7\u0131\u011f\u0131r a\u00e7m\u0131\u015f ve hakl\u0131 olarak \u201cBa\u015fbu\u011f\u201d olmu\u015ftur.\u0130\u00e7inde bulundu\u011fumuz 2017 y\u0131l\u0131 Rahmetli Ba\u015fbu\u011fumuz Alparslan T\u00fcrke\u015f Bey\u2019in 100. Do\u011fum ve 20. Vefaty\u0131ld\u00f6n\u00fcm\u00fcd\u00fcr. Merhum Ba\u015fbu\u011fumuzun eseri emin ellerdedir. MHP ve Lideri Say\u0131n Devlet Bah\u00e7eli Bey \u201cT\u00fcrke\u015fMiras\u0131\u201dn\u0131n sahibi, b\u00fct\u00fcn \u00dclk\u00fcc\u00fcler O\u2019nun manevi evlatlar\u0131d\u0131r.Be kitap O\u2019nu anmak, hat\u0131ras\u0131na ve misyonuna sahip \u00e7\u0131kmak ve O\u2019nu ve eserini gen\u00e7 \u00dclk\u00fcc\u00fcleretan\u0131tmak amac\u0131yla haz\u0131rlanm\u0131\u015ft\u0131r. Allah rahmet eylesin. Mek\u00e2n\u0131 Cennet olsun. <\/p>\n","protected":false},"excerpt":{"rendered":"<p>Alparslan T\u00fcrke\u015f, tarihimizin yeti\u015ftirdi\u011fi b\u00fcy\u00fck devlet, siyaset ve d\u00fc\u015f\u00fcnce adamlar\u0131ndan birisidir.Ortaya koydu\u011fu fikirleriyle T\u00fcrk milletinin g\u00f6nl\u00fcnde taht kurmu\u015f, T\u00fcrk siyasetine damgas\u0131n\u0131 vurmu\u015f bir\u015fahsiyettir. Alparslan T\u00fcrke\u015f\u2019in \u00fcn\u00fc<span class=\"excerpt-hellip\"> [\u2026]<\/span><\/p>\n","protected":false},"featured_media":0,"template":"","meta":{"_monsterinsights_skip_tracking":false,"_monsterinsights_sitenote_active":false,"_monsterinsights_sitenote_note":"","_monsterinsights_sitenote_category":0},"product_brand":[],"product_cat":[12337,14543],"product_tag":[],"class_list":{"0":"post-777306","1":"product","2":"type-product","3":"status-publish","5":"product_cat-politika-siyaset","6":"product_cat-turkiye-siyaseti-ve-politikasi","7":"pa_cilt-ciltsiz","8":"pa_tur-kitap","9":"pa_yayinevi-berikan-yayinlari","10":"pa_yazar-e-semih-yalcin","12":"first","13":"instock","14":"sale","15":"shipping-taxable","16":"purchasable","17":"product-type-simple"},"_links":{"self":[{"href":"https:\/\/roveyayinevi.com.tr\/index.php\/wp-json\/wp\/v2\/product\/777306","targetHints":{"allow":["GET"]}}],"collection":[{"href":"https:\/\/roveyayinevi.com.tr\/index.php\/wp-json\/wp\/v2\/product"}],"about":[{"href":"https:\/\/roveyayinevi.com.tr\/index.php\/wp-json\/wp\/v2\/types\/product"}],"wp:attachment":[{"href":"https:\/\/roveyayinevi.com.tr\/index.php\/wp-json\/wp\/v2\/media?parent=777306"}],"wp:term":[{"taxonomy":"product_brand","embeddable":true,"href":"https:\/\/roveyayinevi.com.tr\/index.php\/wp-json\/wp\/v2\/product_brand?post=777306"},{"taxonomy":"product_cat","embeddable":true,"href":"https:\/\/roveyayinevi.com.tr\/index.php\/wp-json\/wp\/v2\/product_cat?post=777306"},{"taxonomy":"product_tag","embeddable":true,"href":"https:\/\/roveyayinevi.com.tr\/index.php\/wp-json\/wp\/v2\/product_tag?post=777306"}],"curies":[{"name":"wp","href":"https:\/\/api.w.org\/{rel}","templated":true}]}}