{"id":777304,"date":"2025-10-14T03:27:50","date_gmt":"2025-10-14T00:27:50","guid":{"rendered":"https:\/\/roveyayinevi.com.tr\/index.php\/urun\/dedem-korkut-kitabi-bibliyografyasi-uzerine-bir-deneme\/"},"modified":"2026-04-16T02:12:27","modified_gmt":"2026-04-15T23:12:27","slug":"dedem-korkut-kitabi-bibliyografyasi-uzerine-bir-deneme","status":"publish","type":"product","link":"https:\/\/roveyayinevi.com.tr\/index.php\/urun\/dedem-korkut-kitabi-bibliyografyasi-uzerine-bir-deneme\/","title":{"rendered":"Dedem Korkut Kitab\u0131 : Bibliyografyas\u0131 \u00dczerine Bir Deneme"},"content":{"rendered":"<p>Dedem Korkut Kitab\u0131, destan\u00ee nitelikte hik\u00e2yelerden olu\u015fmu\u015f bir mecmuad\u0131r. Kitab\u0131n i\u00e7indeki \u201cboy\/hik\u00e2yet\u201dler (destan\u00ee hik\u00e2yeler), Korkut ad\u0131n\u0131 ta\u015f\u0131yan bir T\u00fcrk ozan\u0131na atfedildi\u011fi i\u00e7in bu adla an\u0131lagelmi\u015ftir. Biri Dresden di\u011feri Vatikan\u2019da olmak \u00fczere iki n\u00fcshas\u0131 mevcuttur. Dresden n\u00fcshas\u0131n\u0131n tam ba\u015fl\u0131\u011f\u0131 \u201cKit\u00e2b-\u0131 Dedem Korkud \u2018al\u00e2 Lis\u00e2n-\u0131 T\u00e2ife-i O\u011fuz\u00e2n (=O\u011fuz boyunun\/O\u011fuzlar\u0131n diliyle Dedem Korkud Kitab\u0131)\u201dd\u0131r. Bu ba\u015fl\u0131k iki k\u0131s\u0131mdan olu\u015fmaktad\u0131r. Kitab\u0131n \u00fcst ana ba\u015fl\u0131\u011f\u0131 \u201cKit\u00e2b-\u0131 Dedem Korkud\u201d, a\u00e7\u0131klama yap\u0131lan alt ba\u015fl\u0131\u011f\u0131 ise \u201c\u2018al\u00e2 Lis\u00e2n-\u0131 T\u00e2ife-i O\u011fuz\u00e2n\u201d bi\u00e7imindedir. Vatikan n\u00fcshas\u0131n\u0131n tam ba\u015fl\u0131\u011f\u0131 \u201cHikayet-i O\u011fuz N\u00e2me Kazan Be\u011f ve Gayr\u0131 (=O\u011fuzname hik\u00e2yesi, Kazan Bey ve di\u011ferleri)\u201ddir. Dresden n\u00fcshas\u0131nda oldu\u011fu gibi Vatikan n\u00fcshas\u0131n\u0131n ba\u015fl\u0131\u011f\u0131 da iki k\u0131s\u0131mdan olu\u015fmaktad\u0131r. N\u00fcshas\u0131n\u0131n \u00fcst ana ba\u015fl\u0131\u011f\u0131 \u201cHikayet-i O\u011fuz N\u00e2me\u201d; a\u00e7\u0131klama yap\u0131lan alt ba\u015fl\u0131\u011f\u0131 ise \u201cKazan Be\u011f ve Gayri\u201ddir. <\/p>\n","protected":false},"excerpt":{"rendered":"<p>Dedem Korkut Kitab\u0131, destan\u00ee nitelikte hik\u00e2yelerden olu\u015fmu\u015f bir mecmuad\u0131r. Kitab\u0131n i\u00e7indeki \u201cboy\/hik\u00e2yet\u201dler (destan\u00ee hik\u00e2yeler), Korkut ad\u0131n\u0131 ta\u015f\u0131yan bir T\u00fcrk ozan\u0131na atfedildi\u011fi i\u00e7in bu adla an\u0131lagelmi\u015ftir. Biri<span class=\"excerpt-hellip\"> [\u2026]<\/span><\/p>\n","protected":false},"featured_media":0,"template":"","meta":{"_monsterinsights_skip_tracking":false,"_monsterinsights_sitenote_active":false,"_monsterinsights_sitenote_note":"","_monsterinsights_sitenote_category":0},"product_brand":[],"product_cat":[12291,12292],"product_tag":[],"class_list":{"0":"post-777304","1":"product","2":"type-product","3":"status-publish","5":"product_cat-edebiyat","6":"product_cat-turk-edebiyati","7":"pa_tur-kitap","8":"pa_yayinevi-berikan-yayinlari","9":"pa_yazar-salahaddin-bekki","11":"first","12":"instock","13":"sale","14":"shipping-taxable","15":"purchasable","16":"product-type-simple"},"_links":{"self":[{"href":"https:\/\/roveyayinevi.com.tr\/index.php\/wp-json\/wp\/v2\/product\/777304","targetHints":{"allow":["GET"]}}],"collection":[{"href":"https:\/\/roveyayinevi.com.tr\/index.php\/wp-json\/wp\/v2\/product"}],"about":[{"href":"https:\/\/roveyayinevi.com.tr\/index.php\/wp-json\/wp\/v2\/types\/product"}],"wp:attachment":[{"href":"https:\/\/roveyayinevi.com.tr\/index.php\/wp-json\/wp\/v2\/media?parent=777304"}],"wp:term":[{"taxonomy":"product_brand","embeddable":true,"href":"https:\/\/roveyayinevi.com.tr\/index.php\/wp-json\/wp\/v2\/product_brand?post=777304"},{"taxonomy":"product_cat","embeddable":true,"href":"https:\/\/roveyayinevi.com.tr\/index.php\/wp-json\/wp\/v2\/product_cat?post=777304"},{"taxonomy":"product_tag","embeddable":true,"href":"https:\/\/roveyayinevi.com.tr\/index.php\/wp-json\/wp\/v2\/product_tag?post=777304"}],"curies":[{"name":"wp","href":"https:\/\/api.w.org\/{rel}","templated":true}]}}