{"id":777303,"date":"2025-10-14T03:26:20","date_gmt":"2025-10-14T00:26:20","guid":{"rendered":"https:\/\/roveyayinevi.com.tr\/index.php\/urun\/yildizlararasi-bilimi\/"},"modified":"2026-04-16T02:11:51","modified_gmt":"2026-04-15T23:11:51","slug":"yildizlararasi-bilimi","status":"publish","type":"product","link":"https:\/\/roveyayinevi.com.tr\/index.php\/urun\/yildizlararasi-bilimi\/","title":{"rendered":"Y\u0131ld\u0131zlararas\u0131 Bilimi"},"content":{"rendered":"<p>\u0130zleyiciler taraf\u0131ndan \u00e7ok be\u011fenilen Y\u0131ld\u0131zlararas\u0131(Interstellar) filmi gerek i\u00e7eri\u011fi, gerekse g\u00f6rsel yap\u0131s\u0131 ve bilime yapt\u0131\u011f\u0131 katk\u0131larla ses getirdi. Filmin bilim dan\u0131\u015fman\u0131 \u00fcnl\u00fc fizik\u00e7i Kip Thorne bu kitapta filmdeki hemen her sahnenin bilimsel arkaplan\u0131n\u0131 a\u00e7\u0131kl\u0131yor.Thorne&#8217;un 1984&#8217;te Carl Sagan&#8217;a Mesaj roman\u0131 i\u00e7in verdi\u011fi solucan deli\u011fi fikri o g\u00fcnden bu yana bilimkurgunun vazge\u00e7ilmez unsuru olmu\u015ftur. Y\u0131ld\u0131zlararas\u0131&#8217;nda da, di\u011fer bilimkurgu romanlar\u0131nda ve filmlerinde oldu\u011fu gibi \u0131\u015f\u0131ktan h\u0131zl\u0131 seyahat etmek i\u00e7in solucandeli\u011fi kullan\u0131lmakta. Y\u0131ld\u0131zlararas\u0131 filmi ba\u015ftan sona bilimsel kuramlara dayan\u0131yor. Kip Thorne bilimsel kuramlar\u0131 \u00fc\u00e7e ay\u0131r\u0131yor:Kan\u0131tlanm\u0131\u015flar ve kan\u0131tlanabilecek gibi g\u00f6z\u00fckenler ve \u00fc\u00e7\u00fcnc\u00fc t\u00fcr bilimsel kuramlar. Di\u011fer bilimsel kuramlarla \u00e7eli\u015fmeyen, ancak hen\u00fcz kan\u0131tlanmam\u0131\u015f \u00fc\u00e7\u00fcnc\u00fc t\u00fcr kuramlar\u0131n en bilinenleri: sicim kuramlar\u0131, 5 veya 11 boyutlu uzayzamand\u0131r. Bu kuramlar\u0131n do\u011frulanaca\u011f\u0131na dair bir kan\u0131t yok elimizde. Ancak di\u011fer kuramlarla uyum i\u00e7inde olduklar\u0131ndan dolay\u0131 bunlara fantezi veya hayal \u00fcr\u00fcn\u00fc olarak bakamay\u0131z. Belki ilerde yanl\u0131\u015flanacaklar ve yerlerini ba\u015fka kuramlara b\u0131rakacaklar, ama \u015fu anda bunlar\u0131 kullanarak evrene ili\u015fkin baz\u0131 oldular\u0131 a\u00e7\u0131klamaya \u00e7al\u0131\u015fmakta bir sak\u0131nca yok. Kip Thorne hem filmde hem de kitapta bunu \u00e7ok iyi yap\u0131yor.<\/p>\n","protected":false},"excerpt":{"rendered":"<p>\u0130zleyiciler taraf\u0131ndan \u00e7ok be\u011fenilen Y\u0131ld\u0131zlararas\u0131(Interstellar) filmi gerek i\u00e7eri\u011fi, gerekse g\u00f6rsel yap\u0131s\u0131 ve bilime yapt\u0131\u011f\u0131 katk\u0131larla ses getirdi. Filmin bilim dan\u0131\u015fman\u0131 \u00fcnl\u00fc fizik\u00e7i Kip Thorne bu kitapta<span class=\"excerpt-hellip\"> [\u2026]<\/span><\/p>\n","protected":false},"featured_media":0,"template":"","meta":{"_monsterinsights_skip_tracking":false,"_monsterinsights_sitenote_active":false,"_monsterinsights_sitenote_note":"","_monsterinsights_sitenote_category":0},"product_brand":[],"product_cat":[22249,13527],"product_tag":[],"class_list":{"0":"post-777303","1":"product","2":"type-product","3":"status-publish","5":"product_cat-bilim","6":"product_cat-sureli-yayinlar","7":"pa_cilt-ciltsiz","8":"pa_tur-kitap","9":"pa_yayinevi-alfa-yayinlari","10":"pa_yazar-kip-thorne","12":"first","13":"instock","14":"sale","15":"shipping-taxable","16":"purchasable","17":"product-type-simple"},"_links":{"self":[{"href":"https:\/\/roveyayinevi.com.tr\/index.php\/wp-json\/wp\/v2\/product\/777303","targetHints":{"allow":["GET"]}}],"collection":[{"href":"https:\/\/roveyayinevi.com.tr\/index.php\/wp-json\/wp\/v2\/product"}],"about":[{"href":"https:\/\/roveyayinevi.com.tr\/index.php\/wp-json\/wp\/v2\/types\/product"}],"wp:attachment":[{"href":"https:\/\/roveyayinevi.com.tr\/index.php\/wp-json\/wp\/v2\/media?parent=777303"}],"wp:term":[{"taxonomy":"product_brand","embeddable":true,"href":"https:\/\/roveyayinevi.com.tr\/index.php\/wp-json\/wp\/v2\/product_brand?post=777303"},{"taxonomy":"product_cat","embeddable":true,"href":"https:\/\/roveyayinevi.com.tr\/index.php\/wp-json\/wp\/v2\/product_cat?post=777303"},{"taxonomy":"product_tag","embeddable":true,"href":"https:\/\/roveyayinevi.com.tr\/index.php\/wp-json\/wp\/v2\/product_tag?post=777303"}],"curies":[{"name":"wp","href":"https:\/\/api.w.org\/{rel}","templated":true}]}}