{"id":777302,"date":"2025-10-14T03:12:29","date_gmt":"2025-10-14T00:12:29","guid":{"rendered":"https:\/\/roveyayinevi.com.tr\/index.php\/urun\/kirgiz-turkleri-tarihi\/"},"modified":"2026-04-16T02:10:00","modified_gmt":"2026-04-15T23:10:00","slug":"kirgiz-turkleri-tarihi","status":"publish","type":"product","link":"https:\/\/roveyayinevi.com.tr\/index.php\/urun\/kirgiz-turkleri-tarihi\/","title":{"rendered":"K\u0131rg\u0131z T\u00fcrkleri Tarihi"},"content":{"rendered":"<p>T\u00fcrk tarihinde pek derin izler b\u0131rakmasa da Hun, K\u00f6k T\u00fcrk ve Uygurlar\u0131n devam\u0131 hi\u00e7 \u015f\u00fcphesiz K\u0131rg\u0131zlard\u0131r. Asya\u2019n\u0131n en eski T\u00fcrk boylar\u0131ndan birisi olan ve mazideki T\u00fcrk yurtlar\u0131n\u0131 k\u0131sa bir zaman idare eden K\u0131rg\u0131zlar konusundaki bilgilerimiz maalesef \u00e7ok azd\u0131r. Hem T\u00fcrk\u00e7e belgelerde, hem de \u00c7in kaynaklar\u0131nda onlar hakk\u0131nda anlat\u0131lanlar bize g\u00f6re yetersiz kal\u0131yor. Dolay\u0131s\u0131yla K\u0131rg\u0131z d\u00f6nemi T\u00fcrk tarihi konusunda hen\u00fcz pek\u00e7ok \u015fey karanl\u0131kt\u0131r. Bununla beraber di\u011fer T\u00fcrk kavimleriyle kar\u015f\u0131la\u015ft\u0131rd\u0131\u011f\u0131m\u0131zda ve \u00c7ince vesikalara bak\u0131nca en k\u00f6kl\u00fc bilgilerin K\u0131rg\u0131zlara ait oldu\u011funu da s\u00f6yleyebiliriz. \u00c7\u00fcnk\u00fc K\u0131rg\u0131z etnik ad\u0131 Hunlardan itibaren takip edilebiliyor. Ancak K\u0131rg\u0131zlar\u0131n konumu di\u011fer T\u00fcrk boylar\u0131ndan farkl\u0131 bir durum sergilemektedir. Onlar\u0131n \u00e7a\u011fda\u015f\u0131 veya daha sonra tarihte kar\u015f\u0131m\u0131za \u00e7\u0131kan bir k\u0131s\u0131m T\u00fcrk kabileleri zamanlar\u0131na g\u00f6re \u00e7ok ileri bir d\u00fczeyde olduklar\u0131 gibi, \u00e7a\u011fa da ayak uydurabilmi\u015flerdir. K\u0131rg\u0131zlarda ne yaz\u0131k ki, bu \u00f6zelli\u011fe rastlam\u0131yoruz. Tarihte ve g\u00fcn\u00fcm\u00fczde sosyal konum itibar\u0131yla olduk\u00e7a zay\u0131ft\u0131rlar. Daha Hunlar devrinde, T\u00fcrk-Hun birli\u011fi i\u00e7erisinde g\u00f6rd\u00fc\u011f\u00fcm\u00fcz K\u0131rg\u0131z T\u00fcrkleri, sonradan K\u00f6k T\u00fcrklerin, arkas\u0131ndan da Uygurlar\u0131n idaresi alt\u0131nda ya\u015fad\u0131lar. Fakat bulunduklar\u0131 devletlerin yap\u0131s\u0131nda her vakit huzursuzluk \u00e7\u0131kard\u0131klar\u0131 bir ger\u00e7ektir. Bu durum itibara al\u0131n\u0131nca, belki Oguzlarla \u00f6rt\u00fc\u015fen taraflar\u0131 oldu\u011funu s\u00f6yleyebiliriz. Ne uzun bir vakit kendileri devletle\u015febildi, ne de ba\u015fkalar\u0131n\u0131 kabullendiler. T\u00fcrk boylar\u0131 aras\u0131ndaki bu tarihi rekabet ve anla\u015fmazl\u0131k \u00e7ok eski zamanlardan beri s\u00fcre-gelmektedir. T\u00fcrk milletinin pek\u00e7ok g\u00fczel huyuna kar\u015f\u0131l\u0131k, bu durum onun \u00f6nemli bir eksikli\u011fidir. <\/p>\n","protected":false},"excerpt":{"rendered":"<p>T\u00fcrk tarihinde pek derin izler b\u0131rakmasa da Hun, K\u00f6k T\u00fcrk ve Uygurlar\u0131n devam\u0131 hi\u00e7 \u015f\u00fcphesiz K\u0131rg\u0131zlard\u0131r. Asya\u2019n\u0131n en eski T\u00fcrk boylar\u0131ndan birisi olan ve mazideki T\u00fcrk<span class=\"excerpt-hellip\"> [\u2026]<\/span><\/p>\n","protected":false},"featured_media":0,"template":"","meta":{"_monsterinsights_skip_tracking":false,"_monsterinsights_sitenote_active":false,"_monsterinsights_sitenote_note":"","_monsterinsights_sitenote_category":0},"product_brand":[],"product_cat":[12370,12304],"product_tag":[],"class_list":{"0":"post-777302","1":"product","2":"type-product","3":"status-publish","5":"product_cat-arastirma-inceleme","6":"product_cat-tarih","7":"pa_cilt-ciltsiz","8":"pa_tur-kitap","9":"pa_yayinevi-berikan-yayinlari","10":"pa_yazar-saadettin-yagmur-gomec","12":"first","13":"instock","14":"sale","15":"shipping-taxable","16":"purchasable","17":"product-type-simple"},"_links":{"self":[{"href":"https:\/\/roveyayinevi.com.tr\/index.php\/wp-json\/wp\/v2\/product\/777302","targetHints":{"allow":["GET"]}}],"collection":[{"href":"https:\/\/roveyayinevi.com.tr\/index.php\/wp-json\/wp\/v2\/product"}],"about":[{"href":"https:\/\/roveyayinevi.com.tr\/index.php\/wp-json\/wp\/v2\/types\/product"}],"wp:attachment":[{"href":"https:\/\/roveyayinevi.com.tr\/index.php\/wp-json\/wp\/v2\/media?parent=777302"}],"wp:term":[{"taxonomy":"product_brand","embeddable":true,"href":"https:\/\/roveyayinevi.com.tr\/index.php\/wp-json\/wp\/v2\/product_brand?post=777302"},{"taxonomy":"product_cat","embeddable":true,"href":"https:\/\/roveyayinevi.com.tr\/index.php\/wp-json\/wp\/v2\/product_cat?post=777302"},{"taxonomy":"product_tag","embeddable":true,"href":"https:\/\/roveyayinevi.com.tr\/index.php\/wp-json\/wp\/v2\/product_tag?post=777302"}],"curies":[{"name":"wp","href":"https:\/\/api.w.org\/{rel}","templated":true}]}}