{"id":777298,"date":"2025-10-14T02:43:08","date_gmt":"2025-10-13T23:43:08","guid":{"rendered":"https:\/\/roveyayinevi.com.tr\/index.php\/urun\/basucumda-muzik\/"},"modified":"2026-04-16T02:05:49","modified_gmt":"2026-04-15T23:05:49","slug":"basucumda-muzik","status":"publish","type":"product","link":"https:\/\/roveyayinevi.com.tr\/index.php\/urun\/basucumda-muzik\/","title":{"rendered":"Ba\u015fucumda M\u00fczik"},"content":{"rendered":"<p>\u201cE\u011fer, hayat\u0131m\u0131z\u0131n bir an\u2019\u0131na gidip orada sonsuza dek kalacaks\u0131n\u0131z deseler yaln\u0131zca iki \u015feyden birini se\u00e7mek isterdim. Biri, o \u00e7ocuklu\u011fun bah\u00e7esindeki a\u011fac\u0131n dal\u0131na as\u0131l\u0131 sal\u0131ncakta sallan\u0131rken\u2026 \u00d6teki, b\u00fct\u00fcn hayat\u0131m boyunca en \u00e7ok sevdi\u011fim adamla \u00f6p\u00fc\u015ft\u00fc\u011f\u00fcm ilk g\u00fcn\u2026 Herkes \u00e2\u015f\u0131k olman\u0131n ortak dilini bulup yazmaya \u00e7al\u0131\u015f\u0131yordu. Ama asl\u0131nda bu kadar basitti i\u015fte: Birini \u00f6pt\u00fc\u011f\u00fcnde sal\u0131ncakta sallan\u0131r gibi hissediyorsan \u00e2\u015f\u0131ks\u0131n.\u201d<\/p>\n","protected":false},"excerpt":{"rendered":"<p>\u201cE\u011fer, hayat\u0131m\u0131z\u0131n bir an\u2019\u0131na gidip orada sonsuza dek kalacaks\u0131n\u0131z deseler yaln\u0131zca iki \u015feyden birini se\u00e7mek isterdim. Biri, o \u00e7ocuklu\u011fun bah\u00e7esindeki a\u011fac\u0131n dal\u0131na as\u0131l\u0131 sal\u0131ncakta sallan\u0131rken\u2026 \u00d6teki,<span class=\"excerpt-hellip\"> [\u2026]<\/span><\/p>\n","protected":false},"featured_media":0,"template":"","meta":{"_monsterinsights_skip_tracking":false,"_monsterinsights_sitenote_active":false,"_monsterinsights_sitenote_note":"","_monsterinsights_sitenote_category":0},"product_brand":[],"product_cat":[12291,12292],"product_tag":[],"class_list":{"0":"post-777298","1":"product","2":"type-product","3":"status-publish","5":"product_cat-edebiyat","6":"product_cat-turk-edebiyati","7":"pa_cilt-ciltsiz","8":"pa_tur-kitap","9":"pa_yayinevi-everest-yayinlari","10":"pa_yazar-kursat-basar","12":"first","13":"instock","14":"sale","15":"shipping-taxable","16":"purchasable","17":"product-type-simple"},"_links":{"self":[{"href":"https:\/\/roveyayinevi.com.tr\/index.php\/wp-json\/wp\/v2\/product\/777298","targetHints":{"allow":["GET"]}}],"collection":[{"href":"https:\/\/roveyayinevi.com.tr\/index.php\/wp-json\/wp\/v2\/product"}],"about":[{"href":"https:\/\/roveyayinevi.com.tr\/index.php\/wp-json\/wp\/v2\/types\/product"}],"wp:attachment":[{"href":"https:\/\/roveyayinevi.com.tr\/index.php\/wp-json\/wp\/v2\/media?parent=777298"}],"wp:term":[{"taxonomy":"product_brand","embeddable":true,"href":"https:\/\/roveyayinevi.com.tr\/index.php\/wp-json\/wp\/v2\/product_brand?post=777298"},{"taxonomy":"product_cat","embeddable":true,"href":"https:\/\/roveyayinevi.com.tr\/index.php\/wp-json\/wp\/v2\/product_cat?post=777298"},{"taxonomy":"product_tag","embeddable":true,"href":"https:\/\/roveyayinevi.com.tr\/index.php\/wp-json\/wp\/v2\/product_tag?post=777298"}],"curies":[{"name":"wp","href":"https:\/\/api.w.org\/{rel}","templated":true}]}}