{"id":777296,"date":"2025-10-14T02:09:26","date_gmt":"2025-10-13T23:09:26","guid":{"rendered":"https:\/\/roveyayinevi.com.tr\/index.php\/urun\/hindistanda-turkler\/"},"modified":"2026-04-16T01:59:56","modified_gmt":"2026-04-15T22:59:56","slug":"hindistanda-turkler","status":"publish","type":"product","link":"https:\/\/roveyayinevi.com.tr\/index.php\/urun\/hindistanda-turkler\/","title":{"rendered":"Hindistan\u2019da T\u00fcrkler"},"content":{"rendered":"<p>Hindistan b\u00f6lgesi, T\u00fcrk tarih\u00e7ili\u011finde \u00fczerinde en az durulan ve ara\u015ft\u0131r\u0131lan konulardan biridir. Ancak son zamanlarda burayla ilgili yeni birka\u00e7 \u00e7al\u0131\u015fma yap\u0131ld\u0131\u011f\u0131n\u0131 da g\u00f6rmekteyiz. Bununla beraber Osmanl\u0131 Devleti\u2019nin son devirlerine do\u011fru y\u00fckselen T\u00fcrk\u00e7\u00fcl\u00fck ak\u0131m\u0131n\u0131n tesiriyle, d\u00fcnyadaki T\u00fcrklere ve T\u00fcrk k\u00fclt\u00fcr\u00fcne artan alaka sebebiyle, ba\u015fta Babur \u015eah olmak \u00fczere, Hindistan\u2019daki T\u00fcrk hanedanl\u0131klar\u0131 hakk\u0131nda baz\u0131 eserler kaleme al\u0131nm\u0131\u015ft\u0131r. \u0130\u015fte bunlardan biriside M\u00fcbarek Galip Bey\u2019in Hindistan\u2019daki T\u00fcrk H\u00fck\u00fcmdarlar\u0131 adl\u0131 kitab\u0131d\u0131r. Alt ba\u015fl\u0131\u011f\u0131 ise Timurilerin Hindistan\u2019a D\u00e2hil Olduklar\u0131 Zamana Kadar ve 603-962(1206-1555) Senelerinde Delhi\u2019de \u0130cra-i Sal\u00actanat Eden H\u00fck\u00fcmdarlar ,\u015feklindedir.<\/p>\n","protected":false},"excerpt":{"rendered":"<p>Hindistan b\u00f6lgesi, T\u00fcrk tarih\u00e7ili\u011finde \u00fczerinde en az durulan ve ara\u015ft\u0131r\u0131lan konulardan biridir. Ancak son zamanlarda burayla ilgili yeni birka\u00e7 \u00e7al\u0131\u015fma yap\u0131ld\u0131\u011f\u0131n\u0131 da g\u00f6rmekteyiz. Bununla beraber Osmanl\u0131<span class=\"excerpt-hellip\"> [\u2026]<\/span><\/p>\n","protected":false},"featured_media":0,"template":"","meta":{"_monsterinsights_skip_tracking":false,"_monsterinsights_sitenote_active":false,"_monsterinsights_sitenote_note":"","_monsterinsights_sitenote_category":0},"product_brand":[],"product_cat":[12370,12304],"product_tag":[],"class_list":{"0":"post-777296","1":"product","2":"type-product","3":"status-publish","5":"product_cat-arastirma-inceleme","6":"product_cat-tarih","7":"pa_cilt-ciltsiz","8":"pa_tur-kitap","9":"pa_yayinevi-berikan-yayinlari","10":"pa_yazar-mubarek-galip","12":"first","13":"instock","14":"sale","15":"shipping-taxable","16":"purchasable","17":"product-type-simple"},"_links":{"self":[{"href":"https:\/\/roveyayinevi.com.tr\/index.php\/wp-json\/wp\/v2\/product\/777296","targetHints":{"allow":["GET"]}}],"collection":[{"href":"https:\/\/roveyayinevi.com.tr\/index.php\/wp-json\/wp\/v2\/product"}],"about":[{"href":"https:\/\/roveyayinevi.com.tr\/index.php\/wp-json\/wp\/v2\/types\/product"}],"wp:attachment":[{"href":"https:\/\/roveyayinevi.com.tr\/index.php\/wp-json\/wp\/v2\/media?parent=777296"}],"wp:term":[{"taxonomy":"product_brand","embeddable":true,"href":"https:\/\/roveyayinevi.com.tr\/index.php\/wp-json\/wp\/v2\/product_brand?post=777296"},{"taxonomy":"product_cat","embeddable":true,"href":"https:\/\/roveyayinevi.com.tr\/index.php\/wp-json\/wp\/v2\/product_cat?post=777296"},{"taxonomy":"product_tag","embeddable":true,"href":"https:\/\/roveyayinevi.com.tr\/index.php\/wp-json\/wp\/v2\/product_tag?post=777296"}],"curies":[{"name":"wp","href":"https:\/\/api.w.org\/{rel}","templated":true}]}}