{"id":777292,"date":"2025-10-13T11:36:26","date_gmt":"2025-10-13T08:36:26","guid":{"rendered":"https:\/\/roveyayinevi.com.tr\/index.php\/urun\/koy-seyirlik-oyunlari\/"},"modified":"2026-04-15T03:43:14","modified_gmt":"2026-04-15T00:43:14","slug":"koy-seyirlik-oyunlari","status":"publish","type":"product","link":"https:\/\/roveyayinevi.com.tr\/index.php\/urun\/koy-seyirlik-oyunlari\/","title":{"rendered":"K\u00f6y Seyirlik Oyunlar\u0131"},"content":{"rendered":"<p>K\u00f6y Seyirlik Oyunlar\u0131, yakla\u015f\u0131k yedi y\u0131l devam eden s\u00fcrekli bir ara\u015ft\u0131rman\u0131n \u00fcr\u00fcn\u00fcd\u00fcr. Kitapta yer alan seyirlik oyunlar\u0131n b\u00fcy\u00fck bir b\u00f6l\u00fcm\u00fc oynanma zamanlar\u0131nda, kendi y\u00f6relerinde g\u00f6zlemlenerek saptanm\u0131\u015ft\u0131r. Kitab\u0131n haz\u0131rlanmas\u0131 i\u00e7in yirmiden fazla yerde ara\u015ft\u0131rma yap\u0131lm\u0131\u015ft\u0131r. K\u00f6y seyirlik oyunlar\u0131n\u0131n \u00f6z\u00fc, k\u00f6keni, bi\u00e7imi, oynan\u0131\u015f nedenleri ve zaman\u0131, oynanma teknikleri kat\u0131l\u0131mc\u0131 g\u00f6zlem ve m\u00fclakatlarla derlenmi\u015f, bilimsel y\u00f6ntemlerle ara\u015ft\u0131r\u0131lm\u0131\u015f ve metinler oldu\u011fu gibi kitaba koyulmu\u015ftur. Bu anlam\u0131yla sadece tiyatro sanat\u0131n\u0131 de\u011fil, ayn\u0131 zamanda antropoloji bilimini de ilgilendiren bir \u00e7al\u0131\u015fmad\u0131r. Yazar, uzun y\u0131llara yay\u0131lan ara\u015ft\u0131rmas\u0131n\u0131n amac\u0131n\u0131 \u015f\u00f6yle anlatmaktad\u0131r: Seyircisiyle b\u00fct\u00fcnle\u015fen; onun d\u00fc\u015f\u00fcnsel ve pratik ya\u015fant\u0131s\u0131na katk\u0131da bulunan, ya\u015fam\u0131n\u0131 daha ileri g\u00f6t\u00fcren, solukklu, etkin ve yayg\u0131n bir ulusal tiyatroya kavu\u015fma yolunda seyirlik oyunlar\u0131m\u0131z\u0131n incelenmesi, ara\u015ft\u0131r\u0131lmas\u0131, i\u015flenmesi, geni\u015f kitlelerin gereksinmesi, \u00fcr\u00fcn\u00fc olabilmesi inanc\u0131 ile \u00e7al\u0131\u015fmalar\u0131m\u0131 y\u00fcr\u00fctt\u00fcm.<\/p>\n","protected":false},"excerpt":{"rendered":"<p>K\u00f6y Seyirlik Oyunlar\u0131, yakla\u015f\u0131k yedi y\u0131l devam eden s\u00fcrekli bir ara\u015ft\u0131rman\u0131n \u00fcr\u00fcn\u00fcd\u00fcr. Kitapta yer alan seyirlik oyunlar\u0131n b\u00fcy\u00fck bir b\u00f6l\u00fcm\u00fc oynanma zamanlar\u0131nda, kendi y\u00f6relerinde g\u00f6zlemlenerek saptanm\u0131\u015ft\u0131r.<span class=\"excerpt-hellip\"> [\u2026]<\/span><\/p>\n","protected":false},"featured_media":0,"template":"","meta":{"_monsterinsights_skip_tracking":false,"_monsterinsights_sitenote_active":false,"_monsterinsights_sitenote_note":"","_monsterinsights_sitenote_category":0},"product_brand":[],"product_cat":[12409,12408],"product_tag":[],"class_list":{"0":"post-777292","1":"product","2":"type-product","3":"status-publish","5":"product_cat-fotograf-sinema-tiyatro","6":"product_cat-sanat","7":"pa_cilt-ciltsiz","8":"pa_tur-kitap","9":"pa_yayinevi-koyusiyah-kitap","10":"pa_yazar-nurhan-karadag","12":"first","13":"instock","14":"sale","15":"shipping-taxable","16":"purchasable","17":"product-type-simple"},"_links":{"self":[{"href":"https:\/\/roveyayinevi.com.tr\/index.php\/wp-json\/wp\/v2\/product\/777292","targetHints":{"allow":["GET"]}}],"collection":[{"href":"https:\/\/roveyayinevi.com.tr\/index.php\/wp-json\/wp\/v2\/product"}],"about":[{"href":"https:\/\/roveyayinevi.com.tr\/index.php\/wp-json\/wp\/v2\/types\/product"}],"wp:attachment":[{"href":"https:\/\/roveyayinevi.com.tr\/index.php\/wp-json\/wp\/v2\/media?parent=777292"}],"wp:term":[{"taxonomy":"product_brand","embeddable":true,"href":"https:\/\/roveyayinevi.com.tr\/index.php\/wp-json\/wp\/v2\/product_brand?post=777292"},{"taxonomy":"product_cat","embeddable":true,"href":"https:\/\/roveyayinevi.com.tr\/index.php\/wp-json\/wp\/v2\/product_cat?post=777292"},{"taxonomy":"product_tag","embeddable":true,"href":"https:\/\/roveyayinevi.com.tr\/index.php\/wp-json\/wp\/v2\/product_tag?post=777292"}],"curies":[{"name":"wp","href":"https:\/\/api.w.org\/{rel}","templated":true}]}}