{"id":777289,"date":"2025-10-13T11:35:37","date_gmt":"2025-10-13T08:35:37","guid":{"rendered":"https:\/\/roveyayinevi.com.tr\/index.php\/urun\/motosiklet-gunlukleri-bir-latin-amerika-seyahati-uzerine-notlar\/"},"modified":"2026-04-15T03:43:08","modified_gmt":"2026-04-15T00:43:08","slug":"motosiklet-gunlukleri-bir-latin-amerika-seyahati-uzerine-notlar","status":"publish","type":"product","link":"https:\/\/roveyayinevi.com.tr\/index.php\/urun\/motosiklet-gunlukleri-bir-latin-amerika-seyahati-uzerine-notlar\/","title":{"rendered":"Motosiklet G\u00fcnl\u00fckleri \u2013 Bir Latin Amerika Seyahati \u00dczerine Notlar"},"content":{"rendered":"<p>Toz, asfalt ve motorun keskin sesi\u2026 Yol insan\u0131 de\u011fi\u015ftirir. Her kilometre bir s\u0131n\u0131r, her viraj yeni bir karar\u2026Che\u2019nin g\u00fcnl\u00fc\u011f\u00fc, sadece Latin Amerika\u2019y\u0131 kat etti\u011fi bir yol hik\u00e2yesi de\u011fil; gen\u00e7li\u011fin \u00e7\u0131plak, h\u0131r\u00e7\u0131n ve s\u0131n\u0131r tan\u0131maz bir portresi. R\u00fczg\u00e2r y\u00fcz\u00fcn\u00fc keserken, d\u00fc\u015f\u00fcnceleri de keskinle\u015fiyor. Her sayfa, kalbinin ritmiyle \u00e7arp\u0131yor; her not, bir cesaret testi, bir sorgulama. Motosiklet G\u00fcnl\u00fckleri, gen\u00e7 bir adam\u0131n macera ararken adaletsizlikle y\u00fczle\u015fti\u011fi, devrimin ilk k\u0131v\u0131lc\u0131m\u0131n\u0131 kaydetti\u011fi bir defter. Che ve yolda\u015f\u0131 Alberto, yoksullu\u011fun, hastal\u0131\u011f\u0131n, adaletsizli\u011fin yans\u0131malar\u0131na tan\u0131k olurken asl\u0131nda bir k\u0131tan\u0131n hakikatiyle y\u00fcz y\u00fcze geliyorlar. Motorun g\u00fcr\u00fclt\u00fcs\u00fc, b\u00fcy\u00fcyen bir isyana e\u015flik ediyor.Bu yolculukta haritalar i\u015fe yaram\u0131yor, yaln\u0131zca yolda olmak ve kendinle y\u00fczle\u015fmek \u00f6nemli. Arzular, ne\u015fe ve h\u00fcz\u00fcn birbirine kar\u0131\u015f\u0131yor; \u00f6zg\u00fcrl\u00fck ve sorumluluk ayn\u0131 anda omuzlar\u0131na y\u00fckleniyor seyyahlar\u0131n. Gen\u00e7 Ernesto hen\u00fcz Che de\u011fil, ama bu yolculu\u011fun ard\u0131ndan yeni bir yolun \u00f6n\u00fcnde belirdi\u011fini hissediyor. \u0130\u015fte bu kitap tam da o d\u00f6n\u00fc\u015f\u00fcm\u00fcn sat\u0131rba\u015flar\u0131n\u0131 i\u00e7eriyor.Yol boyunca okuyucu, bir yolcudan daha fazlas\u0131 oluyor; yaln\u0131zca Latin Amerika\u2019y\u0131 de\u011fil, kendi s\u0131n\u0131rlar\u0131n\u0131, cesaretini ve d\u00fcnyaya kar\u015f\u0131 duru\u015funu sorguluyor. Her sat\u0131r sizi s\u00fcr\u00fckl\u00fcyor, hem d\u0131\u015f d\u00fcnyada hem de kendi i\u00e7inizde ke\u015ffe \u00e7\u0131kar\u0131yor.S\u0131n\u0131rlar\u0131 zorlamaya haz\u0131r olun.<\/p>\n","protected":false},"excerpt":{"rendered":"<p>Toz, asfalt ve motorun keskin sesi\u2026 Yol insan\u0131 de\u011fi\u015ftirir. Her kilometre bir s\u0131n\u0131r, her viraj yeni bir karar\u2026Che\u2019nin g\u00fcnl\u00fc\u011f\u00fc, sadece Latin Amerika\u2019y\u0131 kat etti\u011fi bir yol<span class=\"excerpt-hellip\"> [\u2026]<\/span><\/p>\n","protected":false},"featured_media":0,"template":"","meta":{"_monsterinsights_skip_tracking":false,"_monsterinsights_sitenote_active":false,"_monsterinsights_sitenote_note":"","_monsterinsights_sitenote_category":0},"product_brand":[],"product_cat":[14009,12291],"product_tag":[],"class_list":{"0":"post-777289","1":"product","2":"type-product","3":"status-publish","5":"product_cat-biyografi-otobiyografi-edebiyat","6":"product_cat-edebiyat","7":"pa_cilt-ciltsiz","8":"pa_tur-kitap","9":"pa_yayinevi-minotor-kitap","10":"pa_yazar-ernesto-che-guevara","12":"first","13":"instock","14":"sale","15":"shipping-taxable","16":"purchasable","17":"product-type-simple"},"_links":{"self":[{"href":"https:\/\/roveyayinevi.com.tr\/index.php\/wp-json\/wp\/v2\/product\/777289","targetHints":{"allow":["GET"]}}],"collection":[{"href":"https:\/\/roveyayinevi.com.tr\/index.php\/wp-json\/wp\/v2\/product"}],"about":[{"href":"https:\/\/roveyayinevi.com.tr\/index.php\/wp-json\/wp\/v2\/types\/product"}],"wp:attachment":[{"href":"https:\/\/roveyayinevi.com.tr\/index.php\/wp-json\/wp\/v2\/media?parent=777289"}],"wp:term":[{"taxonomy":"product_brand","embeddable":true,"href":"https:\/\/roveyayinevi.com.tr\/index.php\/wp-json\/wp\/v2\/product_brand?post=777289"},{"taxonomy":"product_cat","embeddable":true,"href":"https:\/\/roveyayinevi.com.tr\/index.php\/wp-json\/wp\/v2\/product_cat?post=777289"},{"taxonomy":"product_tag","embeddable":true,"href":"https:\/\/roveyayinevi.com.tr\/index.php\/wp-json\/wp\/v2\/product_tag?post=777289"}],"curies":[{"name":"wp","href":"https:\/\/api.w.org\/{rel}","templated":true}]}}