{"id":777285,"date":"2025-10-13T11:35:29","date_gmt":"2025-10-13T08:35:29","guid":{"rendered":"https:\/\/roveyayinevi.com.tr\/index.php\/urun\/alfa-ayinin-kabileleri\/"},"modified":"2026-04-15T03:43:08","modified_gmt":"2026-04-15T00:43:08","slug":"alfa-ayinin-kabileleri","status":"publish","type":"product","link":"https:\/\/roveyayinevi.com.tr\/index.php\/urun\/alfa-ayinin-kabileleri\/","title":{"rendered":"Alfa Ay\u0131n\u0131n Kabileleri"},"content":{"rendered":"<p>Ger\u00e7eklik ile yan\u0131lsama aras\u0131ndaki \u00e7izgiyi s\u00fcrekli sorgulayan, bilimkurgunun en \u00f6nde gelen isimlerinden Philip K. Dick, So\u011fuk Sava\u015f\u2019\u0131n ve toplumsal krizlerin g\u00f6lgesinde insan do\u011fas\u0131n\u0131 mercek alt\u0131na ald\u0131. Bir\u00e7ok roman\u0131 kendisini \u00e7a\u011f\u0131n\u0131n \u00f6tesine ta\u015f\u0131yan sorularla doluydu. En \u00fcnl\u00fc romanlar\u0131ndan Y\u00fcksek \u015eatodaki Adam, alternatif bir tarihte Nazilerin sava\u015f\u0131 kazand\u0131\u011f\u0131 bir d\u00fcnyay\u0131 resmederken, k\u00fclt eseri Androidler Elektrikli Koyun D\u00fc\u015fler mi? insan olman\u0131n \u00f6z\u00fcn\u00fc sorgulayan karanl\u0131k bir gelecek tasvir ediyordu. Dick\u2019in b\u00fct\u00fcn eserlerinde ortak bir tema vard\u0131: ger\u00e7ekli\u011fin k\u0131r\u0131lganl\u0131\u011f\u0131, otoritelerin manip\u00fclasyonu ve bireyin kimli\u011fini koruma m\u00fccadelesi. Alfa sisteminde, ak\u0131l hastanesi olarak kullan\u0131lan bir gezegenin zorlu \u015fartlar\u0131 alt\u0131nda hayatta kalmaya \u00e7al\u0131\u015fan bir koloni, zamanla s\u0131rad\u0131\u015f\u0131 bir sosyal d\u00fczen geli\u015ftirmi\u015ftir. Fakat bu d\u00fczen, sadece teknolojinin ya da ekolojik ihtiya\u00e7lar\u0131n sonucu de\u011fildir; g\u00fc\u00e7l\u00fc fig\u00fcrlerin yaratt\u0131\u011f\u0131 mitler, t\u00f6rensel \u015fiddet ve dini g\u00f6r\u00fcn\u00fcml\u00fc bir hiyerar\u015fi taraf\u0131ndan ayakta tutulur. \u0130nsanlar, korkular\u0131n\u0131 ve arzular\u0131n\u0131 kabilelerin liderlerine aktararak kendi ger\u00e7ekliklerini bi\u00e7imlendirir. Ancak D\u00fcnya ile Alfal\u0131lar aras\u0131nda sava\u015f \u00e7\u0131kt\u0131\u011f\u0131nda d\u00f6rt bir yana da\u011f\u0131lan hastalar, her bir ak\u0131l hastal\u0131\u011f\u0131na dayal\u0131 rakip gruplardan olu\u015fan kendi toplumlar\u0131n\u0131 kurarlar. D\u00fcnya, koloniyi geri almak ad\u0131na bir heyet g\u00f6nderdi\u011finde, ak\u0131l hastalar\u0131n\u0131n istilac\u0131 olarak g\u00f6rd\u00fckleri D\u00fcnyal\u0131lar\u0131 p\u00fcsk\u00fcrtmek i\u00e7in neleri g\u00f6ze alaca\u011f\u0131n\u0131 anlayacakt\u0131r. \u201cD\u00fcnyada yazd\u0131\u011f\u0131 her bilimkurgu \u015fahane olan tek yazar.\u201d \u2013John Brunner<\/p>\n","protected":false},"excerpt":{"rendered":"<p>Ger\u00e7eklik ile yan\u0131lsama aras\u0131ndaki \u00e7izgiyi s\u00fcrekli sorgulayan, bilimkurgunun en \u00f6nde gelen isimlerinden Philip K. Dick, So\u011fuk Sava\u015f\u2019\u0131n ve toplumsal krizlerin g\u00f6lgesinde insan do\u011fas\u0131n\u0131 mercek alt\u0131na ald\u0131.<span class=\"excerpt-hellip\"> [\u2026]<\/span><\/p>\n","protected":false},"featured_media":0,"template":"","meta":{"_monsterinsights_skip_tracking":false,"_monsterinsights_sitenote_active":false,"_monsterinsights_sitenote_note":"","_monsterinsights_sitenote_category":0},"product_brand":[],"product_cat":[12540,12291],"product_tag":[],"class_list":{"0":"post-777285","1":"product","2":"type-product","3":"status-publish","5":"product_cat-bilim-kurgu","6":"product_cat-edebiyat","7":"pa_cilt-ciltsiz","8":"pa_tur-kitap","9":"pa_yayinevi-ithaki-yayinlari","10":"pa_yazar-philip-k-dick","12":"first","13":"instock","14":"sale","15":"shipping-taxable","16":"purchasable","17":"product-type-simple"},"_links":{"self":[{"href":"https:\/\/roveyayinevi.com.tr\/index.php\/wp-json\/wp\/v2\/product\/777285","targetHints":{"allow":["GET"]}}],"collection":[{"href":"https:\/\/roveyayinevi.com.tr\/index.php\/wp-json\/wp\/v2\/product"}],"about":[{"href":"https:\/\/roveyayinevi.com.tr\/index.php\/wp-json\/wp\/v2\/types\/product"}],"wp:attachment":[{"href":"https:\/\/roveyayinevi.com.tr\/index.php\/wp-json\/wp\/v2\/media?parent=777285"}],"wp:term":[{"taxonomy":"product_brand","embeddable":true,"href":"https:\/\/roveyayinevi.com.tr\/index.php\/wp-json\/wp\/v2\/product_brand?post=777285"},{"taxonomy":"product_cat","embeddable":true,"href":"https:\/\/roveyayinevi.com.tr\/index.php\/wp-json\/wp\/v2\/product_cat?post=777285"},{"taxonomy":"product_tag","embeddable":true,"href":"https:\/\/roveyayinevi.com.tr\/index.php\/wp-json\/wp\/v2\/product_tag?post=777285"}],"curies":[{"name":"wp","href":"https:\/\/api.w.org\/{rel}","templated":true}]}}