{"id":777284,"date":"2025-10-13T11:35:26","date_gmt":"2025-10-13T08:35:26","guid":{"rendered":"https:\/\/roveyayinevi.com.tr\/index.php\/urun\/karanligi-taramak-2\/"},"modified":"2026-04-15T03:43:08","modified_gmt":"2026-04-15T00:43:08","slug":"karanligi-taramak-2","status":"publish","type":"product","link":"https:\/\/roveyayinevi.com.tr\/index.php\/urun\/karanligi-taramak-2\/","title":{"rendered":"Karanl\u0131\u011f\u0131 Taramak"},"content":{"rendered":"<p>Ger\u00e7eklik ile yan\u0131lsama aras\u0131ndaki \u00e7izgiyi s\u00fcrekli sorgulayan, bilimkurgunun en \u00f6nde gelen isimlerinden Philip K. Dick, So\u011fuk Sava\u015f\u2019\u0131n ve toplumsal krizlerin g\u00f6lgesinde insan do\u011fas\u0131n\u0131 mercek alt\u0131na ald\u0131. Bir\u00e7ok roman\u0131 kendisini \u00e7a\u011f\u0131n\u0131n \u00f6tesine ta\u015f\u0131yan sorularla doluydu. En \u00fcnl\u00fc romanlar\u0131ndan Y\u00fcksek \u015eatodaki Adam, alternatif bir tarihte Nazilerin sava\u015f\u0131 kazand\u0131\u011f\u0131 bir d\u00fcnyay\u0131 resmederken, k\u00fclt eseri Androidler Elektrikli Koyun D\u00fc\u015fler mi? insan olman\u0131n \u00f6z\u00fcn\u00fc sorgulayan karanl\u0131k bir gelecek tasvir ediyordu. Dick\u2019in b\u00fct\u00fcn eserlerinde ortak bir tema vard\u0131: ger\u00e7ekli\u011fin k\u0131r\u0131lganl\u0131\u011f\u0131, otoritelerin manip\u00fclasyonu ve bireyin kimli\u011fini koruma m\u00fccadelesi. \u00d6 Maddesi\u2019nin \u00d6l\u00fcm olarak an\u0131lmas\u0131 bo\u015funa de\u011fildir. M\u00fcptezellerin tabiriyle \u201cAheste \u00d6l\u00fcm\u201d, Los Angeles sokaklar\u0131na d\u00fc\u015fm\u00fc\u015f en zehirli uyu\u015fturucudur. Beynin iki yar\u0131mk\u00fcresi aras\u0131ndaki ba\u011flant\u0131lar\u0131 yok eder, ard\u0131ndan da tam ve geri d\u00f6n\u00fc\u015fs\u00fcz beyin hasar\u0131na yol a\u00e7ar. Bob Arctor, \u00d6 Maddesi kullanan bir ke\u015ftir, Fred ise Bob\u2019u \u00e7\u00f6kertmekle g\u00f6revlendirilmi\u015f bir narkotik ajan\u0131. \u0130lk bak\u0131\u015fta s\u0131radan bir dava gibi g\u00f6r\u00fcnse de tek sorun, Bob ve Fred\u2019in ayn\u0131 ki\u015fi olmas\u0131d\u0131r. Bob, Fred\u2019den ka\u00e7maya, Fred de ku\u015fkucu patronlar\u0131ndan saklanmaya \u00e7al\u0131\u015f\u0131rken her iki taraf da giderek paranoyakla\u015facakt\u0131r. \u201cKaranl\u0131\u011f\u0131 Taramak, t\u00fcketim toplumunun derin korkular\u0131na \u00fcz\u00fcc\u00fc bir seyahat. Kar\u015f\u0131 k\u00fclt\u00fcr\u00fcn b\u00fcy\u00fcleyici bir portresi.\u201d \u2013The Guardian<\/p>\n","protected":false},"excerpt":{"rendered":"<p>Ger\u00e7eklik ile yan\u0131lsama aras\u0131ndaki \u00e7izgiyi s\u00fcrekli sorgulayan, bilimkurgunun en \u00f6nde gelen isimlerinden Philip K. Dick, So\u011fuk Sava\u015f\u2019\u0131n ve toplumsal krizlerin g\u00f6lgesinde insan do\u011fas\u0131n\u0131 mercek alt\u0131na ald\u0131.<span class=\"excerpt-hellip\"> [\u2026]<\/span><\/p>\n","protected":false},"featured_media":0,"template":"","meta":{"_monsterinsights_skip_tracking":false,"_monsterinsights_sitenote_active":false,"_monsterinsights_sitenote_note":"","_monsterinsights_sitenote_category":0},"product_brand":[],"product_cat":[12540,12291],"product_tag":[],"class_list":{"0":"post-777284","1":"product","2":"type-product","3":"status-publish","5":"product_cat-bilim-kurgu","6":"product_cat-edebiyat","7":"pa_cilt-ciltsiz","8":"pa_tur-kitap","9":"pa_yayinevi-ithaki-yayinlari","10":"pa_yazar-philip-k-dick","12":"first","13":"instock","14":"sale","15":"shipping-taxable","16":"purchasable","17":"product-type-simple"},"_links":{"self":[{"href":"https:\/\/roveyayinevi.com.tr\/index.php\/wp-json\/wp\/v2\/product\/777284","targetHints":{"allow":["GET"]}}],"collection":[{"href":"https:\/\/roveyayinevi.com.tr\/index.php\/wp-json\/wp\/v2\/product"}],"about":[{"href":"https:\/\/roveyayinevi.com.tr\/index.php\/wp-json\/wp\/v2\/types\/product"}],"wp:attachment":[{"href":"https:\/\/roveyayinevi.com.tr\/index.php\/wp-json\/wp\/v2\/media?parent=777284"}],"wp:term":[{"taxonomy":"product_brand","embeddable":true,"href":"https:\/\/roveyayinevi.com.tr\/index.php\/wp-json\/wp\/v2\/product_brand?post=777284"},{"taxonomy":"product_cat","embeddable":true,"href":"https:\/\/roveyayinevi.com.tr\/index.php\/wp-json\/wp\/v2\/product_cat?post=777284"},{"taxonomy":"product_tag","embeddable":true,"href":"https:\/\/roveyayinevi.com.tr\/index.php\/wp-json\/wp\/v2\/product_tag?post=777284"}],"curies":[{"name":"wp","href":"https:\/\/api.w.org\/{rel}","templated":true}]}}