{"id":777280,"date":"2025-10-12T11:41:14","date_gmt":"2025-10-12T08:41:14","guid":{"rendered":"https:\/\/roveyayinevi.com.tr\/index.php\/urun\/disney-karlar-ulkesi-2-tehlikeli-sirlar\/"},"modified":"2026-04-15T03:43:15","modified_gmt":"2026-04-15T00:43:15","slug":"disney-karlar-ulkesi-2-tehlikeli-sirlar","status":"publish","type":"product","link":"https:\/\/roveyayinevi.com.tr\/index.php\/urun\/disney-karlar-ulkesi-2-tehlikeli-sirlar\/","title":{"rendered":"Disney Karlar \u00dclkesi 2 &#8211; Tehlikeli S\u0131rlar"},"content":{"rendered":"<p>Kaybedecek \u00e7ok fazla ama kazanacak daha da fazla \u015feyiniz oldu\u011funda ne olur?On alt\u0131 ya\u015f\u0131ndaki Iduna karanl\u0131k bir s\u0131r sakl\u0131yordu. G\u00f6r\u00fcn\u00fc\u015fte o Erindelli bir k\u00f6yl\u00fc k\u0131z\u0131, hevesli bir mucit ve Prens Agnarr\u2019\u0131n en iyi arkada\u015f\u0131yd\u0131 ama o ayn\u0131 zamanda gizliden gizliye bir Northuldra\u2019yd\u0131. Orman\u0131n d\u00fc\u015ft\u00fc\u011f\u00fc g\u00fcnden beri Erindelliler intikam hissiyle Northuldra\u2019y\u0131 k\u00fc\u00e7\u00fcmseyip g\u00fcvenmediler. Onlar i\u00e7in Northuldra\u2019n\u0131n, Erindel\u2019in bir k\u0131sm\u0131 ile birlikte, Sihirli Orman\u2019da a\u015f\u0131lmaz bir sis duvar\u0131n\u0131n ard\u0131nda mahsur kalmas\u0131n\u0131n bir \u00f6nemi yoktu. Iduna sisin neden da\u011f\u0131lmay\u0131 reddetti\u011fini veya daha en ba\u015fta neden duvar gibi indi\u011fini bilmiyordu. Kesin olan bir \u015fey varsa o da kimli\u011fini herkesten saklamas\u0131 gerekti\u011fiydi; Agnarr\u2019dan bile. Hayat\u0131 buna ba\u011fl\u0131yd\u0131.Neyse ki Agnarr, Iduna\u2019n\u0131n, y\u0131llar \u00f6nce kutlamalar\u0131n felakete d\u00f6n\u00fc\u015ft\u00fc\u011f\u00fc o g\u00fcnde, r\u00fczg\u00e2rda u\u00e7uyormu\u015f gibi g\u00f6r\u00fcnen o Northuldral\u0131 k\u0131z oldu\u011funu bilmiyordu. Agnarr\u2019\u0131n babas\u0131n\u0131, Kral\u2019\u0131 kaybetti\u011fi o g\u00fcn. Kendisinin de neredeyse \u00f6lmek \u00fczere oldu\u011fu g\u00fcn. Agnarr\u2019\u0131n bildi\u011fi tek \u015fey, yirmi bir ya\u015f\u0131na bas\u0131p Erindel\u2019in taht\u0131na ge\u00e7ene kadar kendisinin yerine \u00fclkeyi y\u00f6neten bask\u0131c\u0131 konseyin ve iyi niyetli kral vekilinin beklentilerinin ve onu bekleyen kraliyet sorumluluklar\u0131n\u0131n \u00f6tesinde Iduna\u2019n\u0131n ger\u00e7ek bir dost oldu\u011fuydu.<\/p>\n","protected":false},"excerpt":{"rendered":"<p>Kaybedecek \u00e7ok fazla ama kazanacak daha da fazla \u015feyiniz oldu\u011funda ne olur?On alt\u0131 ya\u015f\u0131ndaki Iduna karanl\u0131k bir s\u0131r sakl\u0131yordu. G\u00f6r\u00fcn\u00fc\u015fte o Erindelli bir k\u00f6yl\u00fc k\u0131z\u0131, hevesli<span class=\"excerpt-hellip\"> [\u2026]<\/span><\/p>\n","protected":false},"featured_media":0,"template":"","meta":{"_monsterinsights_skip_tracking":false,"_monsterinsights_sitenote_active":false,"_monsterinsights_sitenote_note":"","_monsterinsights_sitenote_category":0},"product_brand":[],"product_cat":[12291,15117],"product_tag":[],"class_list":{"0":"post-777280","1":"product","2":"type-product","3":"status-publish","5":"product_cat-edebiyat","6":"product_cat-genclik-edebiyati","7":"pa_cilt-ciltsiz","8":"pa_tur-kitap","9":"pa_yayinevi-beta-byou","10":"pa_yazar-mari-mancusi","12":"first","13":"instock","14":"sale","15":"shipping-taxable","16":"purchasable","17":"product-type-simple"},"_links":{"self":[{"href":"https:\/\/roveyayinevi.com.tr\/index.php\/wp-json\/wp\/v2\/product\/777280","targetHints":{"allow":["GET"]}}],"collection":[{"href":"https:\/\/roveyayinevi.com.tr\/index.php\/wp-json\/wp\/v2\/product"}],"about":[{"href":"https:\/\/roveyayinevi.com.tr\/index.php\/wp-json\/wp\/v2\/types\/product"}],"wp:attachment":[{"href":"https:\/\/roveyayinevi.com.tr\/index.php\/wp-json\/wp\/v2\/media?parent=777280"}],"wp:term":[{"taxonomy":"product_brand","embeddable":true,"href":"https:\/\/roveyayinevi.com.tr\/index.php\/wp-json\/wp\/v2\/product_brand?post=777280"},{"taxonomy":"product_cat","embeddable":true,"href":"https:\/\/roveyayinevi.com.tr\/index.php\/wp-json\/wp\/v2\/product_cat?post=777280"},{"taxonomy":"product_tag","embeddable":true,"href":"https:\/\/roveyayinevi.com.tr\/index.php\/wp-json\/wp\/v2\/product_tag?post=777280"}],"curies":[{"name":"wp","href":"https:\/\/api.w.org\/{rel}","templated":true}]}}