{"id":777278,"date":"2025-10-12T11:41:09","date_gmt":"2025-10-12T08:41:09","guid":{"rendered":"https:\/\/roveyayinevi.com.tr\/index.php\/urun\/diyaloglar-1\/"},"modified":"2026-01-30T04:15:41","modified_gmt":"2026-01-30T01:15:41","slug":"diyaloglar-1","status":"publish","type":"product","link":"https:\/\/roveyayinevi.com.tr\/index.php\/urun\/diyaloglar-1\/","title":{"rendered":"Diyaloglar 1"},"content":{"rendered":"<p>\u201cKonu\u015ftuklar\u0131m\u0131z kaydediliyor, yani bir anlamda hem s\u00f6zl\u00fc hem de yaz\u0131l\u0131 haldeler; konu\u015furken ayn\u0131 zamanda da yaz\u0131yoruz.\u201d Borges\u2019e g\u00f6re insanl\u0131\u011f\u0131n en b\u00fcy\u00fck ke\u015ffi: Diyalog. Tarihin gelgitlerine kar\u015f\u0131n nesilden nesle aktar\u0131lan o kadim gelenek. Ele\u015ftirel d\u00fc\u015f\u00fcncenin \u00f6nc\u00fcl\u00fc. Osvaldo Ferrari bu y\u00fcce gelenek ve i\u00e7ten sorular\u0131 arac\u0131l\u0131\u011f\u0131yla Borges\u2019in hem edebiyat\u0131na hem de Buenos Aires\u2019le kurdu\u011fu yak\u0131n ili\u015fkiye mercek tutuyor. Arjantinli olman\u0131n ne anlama geldi\u011finden, Japonya\u2019ya yapt\u0131\u011f\u0131 seyahate, belle\u011finin k\u0131r\u0131lgan dokusundan k\u00f6rl\u00fc\u011f\u00fcne, ya\u015fl\u0131l\u0131\u011f\u0131na ve esin kaynaklar\u0131na dek uzanan diyaloglardan olu\u015fan bu kitap, Borges\u2019in s\u00f6z\u00fcn\u00fcn de yaz\u0131n\u0131ndan a\u015fa\u011f\u0131 kal\u0131r yan\u0131 olmad\u0131\u011f\u0131n\u0131n kan\u0131t\u0131 niteli\u011finde. Osvaldo Ferrari\u2019nin \u00f6nyarg\u0131s\u0131z hat\u0131rlatmalar\u0131na Borges\u2019in entelekt\u00fcel inceli\u011fi ve ironisi e\u015flik ediyor. Elinizdeki bu kitap, yaln\u0131zca bir yazar\u0131n de\u011fil, bir \u201cd\u00fc\u015f kurma bi\u00e7imi\u201dnin manifestosu. Hi\u00e7 umutsuzlu\u011fa kap\u0131lmam\u0131\u015f olanlar, hi\u00e7 umut beslememi\u015f olanlard\u0131r.<\/p>\n","protected":false},"excerpt":{"rendered":"<p>\u201cKonu\u015ftuklar\u0131m\u0131z kaydediliyor, yani bir anlamda hem s\u00f6zl\u00fc hem de yaz\u0131l\u0131 haldeler; konu\u015furken ayn\u0131 zamanda da yaz\u0131yoruz.\u201d Borges\u2019e g\u00f6re insanl\u0131\u011f\u0131n en b\u00fcy\u00fck ke\u015ffi: Diyalog. Tarihin gelgitlerine kar\u015f\u0131n<span class=\"excerpt-hellip\"> [\u2026]<\/span><\/p>\n","protected":false},"featured_media":0,"template":"","meta":{"_monsterinsights_skip_tracking":false,"_monsterinsights_sitenote_active":false,"_monsterinsights_sitenote_note":"","_monsterinsights_sitenote_category":0},"product_brand":[],"product_cat":[12291,30969],"product_tag":[],"class_list":{"0":"post-777278","1":"product","2":"type-product","3":"status-publish","5":"product_cat-edebiyat","6":"product_cat-soylesi-edebiyat","7":"pa_cilt-ciltsiz","8":"pa_tur-kitap","9":"pa_yayinevi-everest-yayinlari","10":"pa_yazar-jorge-luis-borges-osvaldo-ferrari","12":"first","13":"instock","14":"sale","15":"shipping-taxable","16":"purchasable","17":"product-type-simple"},"_links":{"self":[{"href":"https:\/\/roveyayinevi.com.tr\/index.php\/wp-json\/wp\/v2\/product\/777278","targetHints":{"allow":["GET"]}}],"collection":[{"href":"https:\/\/roveyayinevi.com.tr\/index.php\/wp-json\/wp\/v2\/product"}],"about":[{"href":"https:\/\/roveyayinevi.com.tr\/index.php\/wp-json\/wp\/v2\/types\/product"}],"wp:attachment":[{"href":"https:\/\/roveyayinevi.com.tr\/index.php\/wp-json\/wp\/v2\/media?parent=777278"}],"wp:term":[{"taxonomy":"product_brand","embeddable":true,"href":"https:\/\/roveyayinevi.com.tr\/index.php\/wp-json\/wp\/v2\/product_brand?post=777278"},{"taxonomy":"product_cat","embeddable":true,"href":"https:\/\/roveyayinevi.com.tr\/index.php\/wp-json\/wp\/v2\/product_cat?post=777278"},{"taxonomy":"product_tag","embeddable":true,"href":"https:\/\/roveyayinevi.com.tr\/index.php\/wp-json\/wp\/v2\/product_tag?post=777278"}],"curies":[{"name":"wp","href":"https:\/\/api.w.org\/{rel}","templated":true}]}}