{"id":777277,"date":"2025-10-12T11:41:08","date_gmt":"2025-10-12T08:41:08","guid":{"rendered":"https:\/\/roveyayinevi.com.tr\/index.php\/urun\/ayna-cikmazi\/"},"modified":"2026-04-15T03:43:14","modified_gmt":"2026-04-15T00:43:14","slug":"ayna-cikmazi","status":"publish","type":"product","link":"https:\/\/roveyayinevi.com.tr\/index.php\/urun\/ayna-cikmazi\/","title":{"rendered":"Ayna \u00c7\u0131kmaz\u0131"},"content":{"rendered":"<p>\u0130nsano\u011flu ucu buca\u011f\u0131 olmayan k\u00f6r bir kuyu; ne kadar derine inersen in sonuna varamad\u0131\u011f\u0131n, varsan bile hep bir eksikli\u011fin ba\u015f g\u00f6sterdi\u011fi bilinmezler diyar\u0131\u2026  Birbirini tan\u0131mayan \u00c2dem, Rabia ve Musa\u2019n\u0131n hayatlar\u0131 esrarengiz ve efsunlu bir yer olan Ayna \u00c7\u0131kmaz\u0131 Soka\u011f\u0131\u2019ndaki Ayna K\u00f6\u015fk\u00fc\u2019nde kesi\u015fir. Burada ger\u00e7ekle\u015fen gizemli bir olay bu \u00fc\u00e7l\u00fcy\u00fc i\u00e7 d\u00fcnyalar\u0131nda bir yolculu\u011fa \u00e7\u0131kar\u0131r. Bu i\u00e7sel yolculuk onlar\u0131 o g\u00fcne kadar kendilerinin dahi fark\u0131nda olmad\u0131klar\u0131, gerilerde sakl\u0131 \u00f6teki benlikleriyle y\u00fczle\u015ftirir ve onlar\u0131 \u015fu sorunun yan\u0131t\u0131n\u0131 aramaya te\u015fvik eder:  \u0130nsan, ya\u015fam\u0131 boyunca kendini ger\u00e7ek anlamda, bir b\u00fct\u00fcn olarak ne kadar iyi tan\u0131yabilir?<\/p>\n","protected":false},"excerpt":{"rendered":"<p>\u0130nsano\u011flu ucu buca\u011f\u0131 olmayan k\u00f6r bir kuyu; ne kadar derine inersen in sonuna varamad\u0131\u011f\u0131n, varsan bile hep bir eksikli\u011fin ba\u015f g\u00f6sterdi\u011fi bilinmezler diyar\u0131\u2026 Birbirini tan\u0131mayan \u00c2dem,<span class=\"excerpt-hellip\"> [\u2026]<\/span><\/p>\n","protected":false},"featured_media":0,"template":"","meta":{"_monsterinsights_skip_tracking":false,"_monsterinsights_sitenote_active":false,"_monsterinsights_sitenote_note":"","_monsterinsights_sitenote_category":0},"product_brand":[],"product_cat":[141304],"product_tag":[],"class_list":{"0":"post-777277","1":"product","2":"type-product","3":"status-publish","5":"product_cat-yeni-cikanlar","6":"pa_cilt-ciltsiz","7":"pa_tur-kitap","8":"pa_yayinevi-mona-kitap","9":"pa_yazar-ismet-vural","11":"first","12":"instock","13":"sale","14":"shipping-taxable","15":"purchasable","16":"product-type-simple"},"_links":{"self":[{"href":"https:\/\/roveyayinevi.com.tr\/index.php\/wp-json\/wp\/v2\/product\/777277","targetHints":{"allow":["GET"]}}],"collection":[{"href":"https:\/\/roveyayinevi.com.tr\/index.php\/wp-json\/wp\/v2\/product"}],"about":[{"href":"https:\/\/roveyayinevi.com.tr\/index.php\/wp-json\/wp\/v2\/types\/product"}],"wp:attachment":[{"href":"https:\/\/roveyayinevi.com.tr\/index.php\/wp-json\/wp\/v2\/media?parent=777277"}],"wp:term":[{"taxonomy":"product_brand","embeddable":true,"href":"https:\/\/roveyayinevi.com.tr\/index.php\/wp-json\/wp\/v2\/product_brand?post=777277"},{"taxonomy":"product_cat","embeddable":true,"href":"https:\/\/roveyayinevi.com.tr\/index.php\/wp-json\/wp\/v2\/product_cat?post=777277"},{"taxonomy":"product_tag","embeddable":true,"href":"https:\/\/roveyayinevi.com.tr\/index.php\/wp-json\/wp\/v2\/product_tag?post=777277"}],"curies":[{"name":"wp","href":"https:\/\/api.w.org\/{rel}","templated":true}]}}