{"id":777275,"date":"2025-10-12T11:41:06","date_gmt":"2025-10-12T08:41:06","guid":{"rendered":"https:\/\/roveyayinevi.com.tr\/index.php\/urun\/varolusun-sakin-dalgalari\/"},"modified":"2025-10-16T20:11:58","modified_gmt":"2025-10-16T17:11:58","slug":"varolusun-sakin-dalgalari","status":"publish","type":"product","link":"https:\/\/roveyayinevi.com.tr\/index.php\/urun\/varolusun-sakin-dalgalari\/","title":{"rendered":"Varolu\u015fun Sakin Dalgalar\u0131"},"content":{"rendered":"<p>\u201cS\u00fck\u00fbnet, bilgelik yolculu\u011funun anahtar\u0131d\u0131r.\u201d Her t\u00fcrl\u00fc ba\u015far\u0131n\u0131n anahtar\u0131, ruh h\u00e2limizin s\u00fck\u00fbnetidir. S\u00fck\u00fbnet, do\u011fru d\u00fc\u015f\u00fcncenin ve bilimsel \u00e7al\u0131\u015fmalar\u0131n temelidir. Evrenin nizam\u0131n\u0131 fark ederek, var olana sayg\u0131 g\u00f6sterip bilginin \u0131\u015f\u0131\u011f\u0131n\u0131 i\u00e7imize almak; insan olman\u0131n en b\u00fcy\u00fck erdemlerindendir. Bu kitap, size evrensel s\u00fck\u00fbnetin rehberli\u011finde d\u00fc\u015f\u00fcnmeyi, hakikate sorular sormay\u0131 ve ak\u0131lc\u0131 d\u00fc\u015f\u00fcnceye ge\u00e7i\u015fin yollar\u0131n\u0131 g\u00f6sterir. Her nefesin bize ya\u015fam\u0131 hat\u0131rlatt\u0131\u011f\u0131n\u0131 bilerek; zaman\u0131, bilgiyi, sevgiyi ve sabr\u0131 hayat\u0131m\u0131za ta\u015f\u0131man\u0131n \u00f6nemini vurgular. B\u00fcy\u00fck \u00fcstad, Aikido Shihan M. Lemi Ba\u011fdatl\u0131lar; insan ruhunun geli\u015fim yolculu\u011funu ve varolu\u015fa sayg\u0131y\u0131, felsefe, bilim ve bilincin \u0131\u015f\u0131\u011f\u0131nda ele al\u0131yor. Bu yolculukta okur, d\u00fc\u015f\u00fcncelerinin enginliklerine a\u00e7\u0131l\u0131r; bilgi sevgisi ve merakla kendi i\u00e7indeki zaman\u0131n fark\u0131na var\u0131r. \u201cZaman, evrende de\u011fi\u015fimi y\u00f6neten mutlak kuvvettir. Zamana sayg\u0131; insana, hayata ve varolu\u015fa sayg\u0131d\u0131r.\u201d<\/p>\n","protected":false},"excerpt":{"rendered":"<p>\u201cS\u00fck\u00fbnet, bilgelik yolculu\u011funun anahtar\u0131d\u0131r.\u201d Her t\u00fcrl\u00fc ba\u015far\u0131n\u0131n anahtar\u0131, ruh h\u00e2limizin s\u00fck\u00fbnetidir. S\u00fck\u00fbnet, do\u011fru d\u00fc\u015f\u00fcncenin ve bilimsel \u00e7al\u0131\u015fmalar\u0131n temelidir. Evrenin nizam\u0131n\u0131 fark ederek, var olana sayg\u0131 g\u00f6sterip<span class=\"excerpt-hellip\"> [\u2026]<\/span><\/p>\n","protected":false},"featured_media":0,"template":"","meta":{"_monsterinsights_skip_tracking":false,"_monsterinsights_sitenote_active":false,"_monsterinsights_sitenote_note":"","_monsterinsights_sitenote_category":0},"product_brand":[],"product_cat":[12364,12376],"product_tag":[],"class_list":{"0":"post-777275","1":"product","2":"type-product","3":"status-publish","5":"product_cat-genel-konular","6":"product_cat-kisisel-gelisim","7":"pa_cilt-ciltsiz","8":"pa_tur-kitap","9":"pa_yayinevi-kitapita-yayinlari","10":"pa_yazar-m-lemi-bagdatlilar","12":"first","13":"instock","14":"sale","15":"shipping-taxable","16":"purchasable","17":"product-type-simple"},"_links":{"self":[{"href":"https:\/\/roveyayinevi.com.tr\/index.php\/wp-json\/wp\/v2\/product\/777275","targetHints":{"allow":["GET"]}}],"collection":[{"href":"https:\/\/roveyayinevi.com.tr\/index.php\/wp-json\/wp\/v2\/product"}],"about":[{"href":"https:\/\/roveyayinevi.com.tr\/index.php\/wp-json\/wp\/v2\/types\/product"}],"wp:attachment":[{"href":"https:\/\/roveyayinevi.com.tr\/index.php\/wp-json\/wp\/v2\/media?parent=777275"}],"wp:term":[{"taxonomy":"product_brand","embeddable":true,"href":"https:\/\/roveyayinevi.com.tr\/index.php\/wp-json\/wp\/v2\/product_brand?post=777275"},{"taxonomy":"product_cat","embeddable":true,"href":"https:\/\/roveyayinevi.com.tr\/index.php\/wp-json\/wp\/v2\/product_cat?post=777275"},{"taxonomy":"product_tag","embeddable":true,"href":"https:\/\/roveyayinevi.com.tr\/index.php\/wp-json\/wp\/v2\/product_tag?post=777275"}],"curies":[{"name":"wp","href":"https:\/\/api.w.org\/{rel}","templated":true}]}}