{"id":777274,"date":"2025-10-12T11:41:04","date_gmt":"2025-10-12T08:41:04","guid":{"rendered":"https:\/\/roveyayinevi.com.tr\/index.php\/urun\/superiletisimciler\/"},"modified":"2025-10-16T20:11:58","modified_gmt":"2025-10-16T17:11:58","slug":"superiletisimciler","status":"publish","type":"product","link":"https:\/\/roveyayinevi.com.tr\/index.php\/urun\/superiletisimciler\/","title":{"rendered":"S\u00fcperileti\u015fimciler"},"content":{"rendered":"<p>S\u00fcper \u0130leti\u015fimcilerBa\u011flant\u0131n\u0131n Gizli Dili Nas\u0131l \u00c7\u00f6z\u00fcl\u00fcrNew York T\u0131mes Bestseller Npr Y\u0131l\u0131n En \u0130yi Kitaplar\u0131 Sabew En \u0130yi \u0130\u015f Kitab\u0131 \u00d6d\u00fcl\u00fc FinalistiAl\u0131\u015fkanl\u0131klar\u0131n G\u00fcc\u00fc  kitab\u0131n\u0131n yazar\u0131 Charles Duhigg&#8217;den ileti\u015fimi etkili k\u0131lan unsurlara ve i\u015fte ve hayatta s\u00fcperileti\u015fimciler olmay\u0131 nas\u0131l \u00f6\u011frenebilece\u011fimize dair b\u00fcy\u00fcleyici bir ke\u015fif.Bir j\u00fcri \u00fcyesi, \u00e7\u0131kmaza girmi\u015f j\u00fcriyi uzla\u015fmaya g\u00f6t\u00fcr\u00fcyor. Gen\u00e7 bir CIA g\u00f6revlisi, isteksiz bir yabanc\u0131 ajan\u0131 kazanmaya \u00e7abal\u0131yor. Ve deneyimli bir cerrah, bir kanser hastas\u0131n\u0131 daha az riskli tedaviye ikna etmekte yine ba\u015far\u0131s\u0131z oluyor. S\u00fcperileti\u015fimciler\u2019de Charles Duhigg, \u00e7arp\u0131c\u0131 \u00f6rnekler, g\u00fc\u00e7l\u00fc hik\u00e2ye anlat\u0131c\u0131l\u0131\u011f\u0131 ve  derin ara\u015ft\u0131rmalar\u0131 ustaca harmanlayarak, ileti\u015fimin gizli katmanlar\u0131n\u0131 g\u00f6zler \u00f6n\u00fcne seriyor.\u0130leti\u015fim bir s\u00fcper g\u00fc\u00e7t\u00fcr. En iyi ileti\u015fimciler her sohbetin asl\u0131nda \u00fc\u00e7 farkl\u0131 konu\u015fma i\u00e7erdi\u011fini bilir:  Pratik: Buradaki as\u0131l mesele ne? Duygusal: Nas\u0131l hissediyoruz? Sosyal: Biz kimiz? Hangi t\u00fcrden bir konu\u015fman\u0131n i\u00e7inde oldu\u011funuzu fark etmedi\u011finizde ba\u011f kurmak zorla\u015f\u0131r. S\u00fcper ileti\u015fimciler ise bu konu\u015fmalar\u0131 ay\u0131rt etmenin ve uyum sa\u011flaman\u0131n hayati \u00f6nemini bilir. S\u00f6ylediklerimizi ve dinlediklerimizi y\u00f6nlendiren duygular\u0131, ince m\u00fczakereleri ve gizli inan\u00e7lar\u0131 duymay\u0131 \u00f6\u011frenmi\u015flerdir. Deneyimlerimiz, de\u011ferlerimiz, duygusal hayat\u0131m\u0131z, kendimizi ve ba\u015fkalar\u0131n\u0131 nas\u0131l g\u00f6rd\u00fc\u011f\u00fcm\u00fcz her konu\u015fmay\u0131 \u015fekillendirir: \u00c7ocuklar\u0131 okuldan kimin alaca\u011f\u0131ndan i\u015f yerinde bize nas\u0131l davran\u0131lmas\u0131n\u0131 istedi\u011fimize kadar. Bu kitapta, baz\u0131 insanlar\u0131n neden kendilerini bu kadar net ifade edebildi\u011fini ve ba\u015fkalar\u0131n\u0131 da ayn\u0131 netlikte dinleyebildi\u011fini \u00f6\u011freneceksiniz.The Big Bang Theory senarist odas\u0131ndan \u00f6nde gelen evlilik terapistlerinin koltuklar\u0131na uzanan hik\u00e2yelerle Duhigg, okurlara bu \u00fc\u00e7 t\u00fcr konu\u015fmay\u0131 nas\u0131l ay\u0131rt edebileceklerini g\u00f6steriyor ve bunlar\u0131 daha ba\u015far\u0131l\u0131 y\u00f6netmeleri i\u00e7in gereken becerileri \u00f6\u011fretiyor. Sonunda basit ama \u00e7arp\u0131c\u0131 bir ger\u00e7e\u011fi ortaya koyuyor: \u0130leti\u015fim bir s\u00fcper g\u00fc\u00e7t\u00fcr.  Do\u011fru ara\u00e7larla herkesle ba\u011f kurmak m\u00fcmk\u00fcn.<\/p>\n","protected":false},"excerpt":{"rendered":"<p>S\u00fcper \u0130leti\u015fimcilerBa\u011flant\u0131n\u0131n Gizli Dili Nas\u0131l \u00c7\u00f6z\u00fcl\u00fcrNew York T\u0131mes Bestseller Npr Y\u0131l\u0131n En \u0130yi Kitaplar\u0131 Sabew En \u0130yi \u0130\u015f Kitab\u0131 \u00d6d\u00fcl\u00fc FinalistiAl\u0131\u015fkanl\u0131klar\u0131n G\u00fcc\u00fc kitab\u0131n\u0131n yazar\u0131 Charles Duhigg&#8217;den<span class=\"excerpt-hellip\"> [\u2026]<\/span><\/p>\n","protected":false},"featured_media":0,"template":"","meta":{"_monsterinsights_skip_tracking":false,"_monsterinsights_sitenote_active":false,"_monsterinsights_sitenote_note":"","_monsterinsights_sitenote_category":0},"product_brand":[],"product_cat":[12364,12376],"product_tag":[],"class_list":{"0":"post-777274","1":"product","2":"type-product","3":"status-publish","5":"product_cat-genel-konular","6":"product_cat-kisisel-gelisim","7":"pa_cilt-ciltsiz","8":"pa_tur-kitap","9":"pa_yayinevi-boyner-yayinlari","10":"pa_yazar-charles-duhigg","12":"first","13":"instock","14":"sale","15":"shipping-taxable","16":"purchasable","17":"product-type-simple"},"_links":{"self":[{"href":"https:\/\/roveyayinevi.com.tr\/index.php\/wp-json\/wp\/v2\/product\/777274","targetHints":{"allow":["GET"]}}],"collection":[{"href":"https:\/\/roveyayinevi.com.tr\/index.php\/wp-json\/wp\/v2\/product"}],"about":[{"href":"https:\/\/roveyayinevi.com.tr\/index.php\/wp-json\/wp\/v2\/types\/product"}],"wp:attachment":[{"href":"https:\/\/roveyayinevi.com.tr\/index.php\/wp-json\/wp\/v2\/media?parent=777274"}],"wp:term":[{"taxonomy":"product_brand","embeddable":true,"href":"https:\/\/roveyayinevi.com.tr\/index.php\/wp-json\/wp\/v2\/product_brand?post=777274"},{"taxonomy":"product_cat","embeddable":true,"href":"https:\/\/roveyayinevi.com.tr\/index.php\/wp-json\/wp\/v2\/product_cat?post=777274"},{"taxonomy":"product_tag","embeddable":true,"href":"https:\/\/roveyayinevi.com.tr\/index.php\/wp-json\/wp\/v2\/product_tag?post=777274"}],"curies":[{"name":"wp","href":"https:\/\/api.w.org\/{rel}","templated":true}]}}