{"id":777272,"date":"2025-10-12T11:41:01","date_gmt":"2025-10-12T08:41:01","guid":{"rendered":"https:\/\/roveyayinevi.com.tr\/index.php\/urun\/iyi-yasamin-bilimi-wellness\/"},"modified":"2025-10-16T20:11:58","modified_gmt":"2025-10-16T17:11:58","slug":"iyi-yasamin-bilimi-wellness","status":"publish","type":"product","link":"https:\/\/roveyayinevi.com.tr\/index.php\/urun\/iyi-yasamin-bilimi-wellness\/","title":{"rendered":"\u0130yi Ya\u015fam\u0131n Bilimi: Wellness"},"content":{"rendered":"<p>\u0130nsan, kendi \u00f6n\u00fcnden \u00e7ekilip ilkel benli\u011fini a\u015ft\u0131\u011f\u0131nda ve k\u00fclt\u00fcrel geli\u015fimle dengelendi\u011finde; ya\u015fam\u0131n amac\u0131, anlam\u0131 ve de\u011feri, d\u0131\u015fsal tatmin aray\u0131\u015flar\u0131ndan s\u0131yr\u0131larak i\u00e7sel bir b\u00fct\u00fcnl\u00fc\u011fe d\u00f6n\u00fc\u015f\u00fcr. Bu yolculu\u011fun farkl\u0131 rotalar\u0131n\u0131 g\u00f6steren d\u00fcnya haritas\u0131 wellness iken, en g\u00fcvenilir rehber ise wellness dan\u0131\u015fmanl\u0131\u011f\u0131d\u0131r.<\/p>\n","protected":false},"excerpt":{"rendered":"<p>\u0130nsan, kendi \u00f6n\u00fcnden \u00e7ekilip ilkel benli\u011fini a\u015ft\u0131\u011f\u0131nda ve k\u00fclt\u00fcrel geli\u015fimle dengelendi\u011finde; ya\u015fam\u0131n amac\u0131, anlam\u0131 ve de\u011feri, d\u0131\u015fsal tatmin aray\u0131\u015flar\u0131ndan s\u0131yr\u0131larak i\u00e7sel bir b\u00fct\u00fcnl\u00fc\u011fe d\u00f6n\u00fc\u015f\u00fcr. Bu yolculu\u011fun<span class=\"excerpt-hellip\"> [\u2026]<\/span><\/p>\n","protected":false},"featured_media":0,"template":"","meta":{"_monsterinsights_skip_tracking":false,"_monsterinsights_sitenote_active":false,"_monsterinsights_sitenote_note":"","_monsterinsights_sitenote_category":0},"product_brand":[],"product_cat":[12364,12376],"product_tag":[],"class_list":{"0":"post-777272","1":"product","2":"type-product","3":"status-publish","5":"product_cat-genel-konular","6":"product_cat-kisisel-gelisim","7":"pa_cilt-ciltsiz","8":"pa_tur-kitap","9":"pa_yayinevi-kitapita-yayinlari","10":"pa_yazar-ibrahim-can","12":"first","13":"instock","14":"sale","15":"shipping-taxable","16":"purchasable","17":"product-type-simple"},"_links":{"self":[{"href":"https:\/\/roveyayinevi.com.tr\/index.php\/wp-json\/wp\/v2\/product\/777272","targetHints":{"allow":["GET"]}}],"collection":[{"href":"https:\/\/roveyayinevi.com.tr\/index.php\/wp-json\/wp\/v2\/product"}],"about":[{"href":"https:\/\/roveyayinevi.com.tr\/index.php\/wp-json\/wp\/v2\/types\/product"}],"wp:attachment":[{"href":"https:\/\/roveyayinevi.com.tr\/index.php\/wp-json\/wp\/v2\/media?parent=777272"}],"wp:term":[{"taxonomy":"product_brand","embeddable":true,"href":"https:\/\/roveyayinevi.com.tr\/index.php\/wp-json\/wp\/v2\/product_brand?post=777272"},{"taxonomy":"product_cat","embeddable":true,"href":"https:\/\/roveyayinevi.com.tr\/index.php\/wp-json\/wp\/v2\/product_cat?post=777272"},{"taxonomy":"product_tag","embeddable":true,"href":"https:\/\/roveyayinevi.com.tr\/index.php\/wp-json\/wp\/v2\/product_tag?post=777272"}],"curies":[{"name":"wp","href":"https:\/\/api.w.org\/{rel}","templated":true}]}}