{"id":777271,"date":"2025-10-12T11:41:00","date_gmt":"2025-10-12T08:41:00","guid":{"rendered":"https:\/\/roveyayinevi.com.tr\/index.php\/urun\/ikna-etme-anla\/"},"modified":"2025-10-16T20:11:58","modified_gmt":"2025-10-16T17:11:58","slug":"ikna-etme-anla","status":"publish","type":"product","link":"https:\/\/roveyayinevi.com.tr\/index.php\/urun\/ikna-etme-anla\/","title":{"rendered":"\u0130kna Etme, Anla!"},"content":{"rendered":"<p>\u0130kna Etme, Anla!\u0130kna etmeye \u00e7al\u0131\u015fanlar satabilir\u2026Ama g\u00fcven kuranlar iz b\u0131rak\u0131r!Bu kitap sat\u0131\u015f \u00f6\u011fretmiyor. \u0130nsanla kurdu\u011fun ba\u011f\u0131 yeniden tan\u0131ml\u0131yor. Sat\u0131\u015f\u0131n sadece kelimelerden ibaret olmad\u0131\u011f\u0131n\u0131, iknan\u0131n de\u011fil anlaman\u0131n d\u00f6n\u00fc\u015ft\u00fcr\u00fcc\u00fc oldu\u011funu, ger\u00e7ek kazanc\u0131n ise g\u00fcvenle ba\u015flad\u0131\u011f\u0131n\u0131 anlat\u0131yor.Ezberlenmi\u015f tekniklerin de\u011fil, ger\u00e7ek ili\u015fkilerin ne kazand\u0131rd\u0131\u011f\u0131n\u0131 g\u00f6steriyor.Anlatmak de\u011fil, fark ettirmenin g\u00fcc\u00fcn\u00fc vurguluyor.Onur Kay\u0131\u015fo\u011flu\u2019 nun 34 y\u0131ll\u0131k sahada biriken deneyimiyle yaz\u0131lm\u0131\u015f bu kitap, sana bir kapan\u0131\u015f tekni\u011fi de\u011fil, bir bak\u0131\u015f a\u00e7\u0131s\u0131 veriyor.Satt\u0131\u011f\u0131n \u00fcr\u00fcnden \u00f6nce, kim oldu\u011funu fark etmeni sa\u011fl\u0131yor.Her b\u00f6l\u00fcm bir hik\u00e2ye\u2026Her hik\u00e2ye bir i\u00e7 g\u00f6r\u00fc\u2026Ve her i\u00e7 g\u00f6r\u00fc, seni sadece daha iyi bir sat\u0131\u015f\u00e7\u0131ya de\u011fil, daha iyi bir insana d\u00f6n\u00fc\u015ft\u00fcr\u00fcyor.\u00c7\u00fcnk\u00fc bazen bir kitap sadece i\u015fini de\u011fil, hayat\u0131n\u0131 da de\u011fi\u015ftirir.<\/p>\n","protected":false},"excerpt":{"rendered":"<p>\u0130kna Etme, Anla!\u0130kna etmeye \u00e7al\u0131\u015fanlar satabilir\u2026Ama g\u00fcven kuranlar iz b\u0131rak\u0131r!Bu kitap sat\u0131\u015f \u00f6\u011fretmiyor. \u0130nsanla kurdu\u011fun ba\u011f\u0131 yeniden tan\u0131ml\u0131yor. Sat\u0131\u015f\u0131n sadece kelimelerden ibaret olmad\u0131\u011f\u0131n\u0131, iknan\u0131n de\u011fil anlaman\u0131n<span class=\"excerpt-hellip\"> [\u2026]<\/span><\/p>\n","protected":false},"featured_media":0,"template":"","meta":{"_monsterinsights_skip_tracking":false,"_monsterinsights_sitenote_active":false,"_monsterinsights_sitenote_note":"","_monsterinsights_sitenote_category":0},"product_brand":[],"product_cat":[12364,12376],"product_tag":[],"class_list":{"0":"post-777271","1":"product","2":"type-product","3":"status-publish","5":"product_cat-genel-konular","6":"product_cat-kisisel-gelisim","7":"pa_cilt-ciltsiz","8":"pa_tur-kitap","9":"pa_yayinevi-kitapita-yayinlari","10":"pa_yazar-onur-kayisoglu","12":"first","13":"instock","14":"sale","15":"shipping-taxable","16":"purchasable","17":"product-type-simple"},"_links":{"self":[{"href":"https:\/\/roveyayinevi.com.tr\/index.php\/wp-json\/wp\/v2\/product\/777271","targetHints":{"allow":["GET"]}}],"collection":[{"href":"https:\/\/roveyayinevi.com.tr\/index.php\/wp-json\/wp\/v2\/product"}],"about":[{"href":"https:\/\/roveyayinevi.com.tr\/index.php\/wp-json\/wp\/v2\/types\/product"}],"wp:attachment":[{"href":"https:\/\/roveyayinevi.com.tr\/index.php\/wp-json\/wp\/v2\/media?parent=777271"}],"wp:term":[{"taxonomy":"product_brand","embeddable":true,"href":"https:\/\/roveyayinevi.com.tr\/index.php\/wp-json\/wp\/v2\/product_brand?post=777271"},{"taxonomy":"product_cat","embeddable":true,"href":"https:\/\/roveyayinevi.com.tr\/index.php\/wp-json\/wp\/v2\/product_cat?post=777271"},{"taxonomy":"product_tag","embeddable":true,"href":"https:\/\/roveyayinevi.com.tr\/index.php\/wp-json\/wp\/v2\/product_tag?post=777271"}],"curies":[{"name":"wp","href":"https:\/\/api.w.org\/{rel}","templated":true}]}}