{"id":777269,"date":"2025-10-12T11:40:57","date_gmt":"2025-10-12T08:40:57","guid":{"rendered":"https:\/\/roveyayinevi.com.tr\/index.php\/urun\/buyuk-hamle-savas-ve-patriyarka-teshir-ve-meydan-okuma\/"},"modified":"2025-10-16T20:11:57","modified_gmt":"2025-10-16T17:11:57","slug":"buyuk-hamle-savas-ve-patriyarka-teshir-ve-meydan-okuma","status":"publish","type":"product","link":"https:\/\/roveyayinevi.com.tr\/index.php\/urun\/buyuk-hamle-savas-ve-patriyarka-teshir-ve-meydan-okuma\/","title":{"rendered":"B\u00fcy\u00fck Hamle &#8211; Sava\u015f ve Patriyarka: Te\u015fhir ve Meydan Okuma"},"content":{"rendered":"<p>Militarizme feminist a\u00e7\u0131dan bakmak Muzlar, Plajlar ve \u00dcsler, Latin Amerika\u2019da Askeri Diktat\u00f6rl\u00fck ve Kad\u0131n, Manevralar adl\u0131 kitaplar\u0131yla T\u00fcrkiye\u2019de de tan\u0131nan ABD\u2019li feminist yazar Cynthia Enloe\u2019nin B\u00fcy\u00fck Hamle Sava\u015f ve Patriyarka: Te\u015fhir ve Meydan Okuma adl\u0131 kitab\u0131 G\u00fcld\u00fcnya Yay\u0131nlar\u0131\u2019ndan \u00e7\u0131kt\u0131. Akademik kariyerinin ba\u015f\u0131nda etnik ve \u0131rksal politikalar konusuna yo\u011funla\u015fan, ABD\u2019nin Vietnam\u2019a sald\u0131rd\u0131\u011f\u0131 d\u00f6nemde feminist d\u00fc\u015f\u00fcnceyle tan\u0131\u015fan, siyaset teorisyeni profes\u00f6r Cynthia Enloe toplumsal cinsiyet ve militarizm \u00fczerine yapt\u0131\u011f\u0131 \u00e7al\u0131\u015fmalar ve feminist uluslararas\u0131 ili\u015fkiler alan\u0131na yapt\u0131\u011f\u0131 katk\u0131larla tan\u0131n\u0131yor. D\u00fcnyan\u0131n farkl\u0131 b\u00f6lgelerindeki ve bu arada T\u00fcrkiye\u2019deki kad\u0131n m\u00fccadelesini de takip eden yazar B\u00fcy\u00fck Hamle\u2019ye bu tan\u0131\u015f\u0131kl\u0131\u011f\u0131n izlerini de ta\u015f\u0131m\u0131\u015f. B\u00fcy\u00fck Hamle, sava\u015flar\u0131n hi\u00e7 dinmedi\u011fi bir b\u00f6lgede ya\u015fayan okurlar i\u00e7in \u00e7ok ilgin\u00e7 bilgi ve analizler ta\u015f\u0131yan bir kitap.<\/p>\n","protected":false},"excerpt":{"rendered":"<p>Militarizme feminist a\u00e7\u0131dan bakmak Muzlar, Plajlar ve \u00dcsler, Latin Amerika\u2019da Askeri Diktat\u00f6rl\u00fck ve Kad\u0131n, Manevralar adl\u0131 kitaplar\u0131yla T\u00fcrkiye\u2019de de tan\u0131nan ABD\u2019li feminist yazar Cynthia Enloe\u2019nin B\u00fcy\u00fck<span class=\"excerpt-hellip\"> [\u2026]<\/span><\/p>\n","protected":false},"featured_media":0,"template":"","meta":{"_monsterinsights_skip_tracking":false,"_monsterinsights_sitenote_active":false,"_monsterinsights_sitenote_note":"","_monsterinsights_sitenote_category":0},"product_brand":[],"product_cat":[13590,12337],"product_tag":[],"class_list":{"0":"post-777269","1":"product","2":"type-product","3":"status-publish","5":"product_cat-arastirma-inceleme-politika-siyaset","6":"product_cat-politika-siyaset","7":"pa_cilt-ciltsiz","8":"pa_tur-kitap","9":"pa_yayinevi-guldunya-yayinlari","10":"pa_yazar-cynthia-enloe","12":"first","13":"instock","14":"sale","15":"shipping-taxable","16":"purchasable","17":"product-type-simple"},"_links":{"self":[{"href":"https:\/\/roveyayinevi.com.tr\/index.php\/wp-json\/wp\/v2\/product\/777269","targetHints":{"allow":["GET"]}}],"collection":[{"href":"https:\/\/roveyayinevi.com.tr\/index.php\/wp-json\/wp\/v2\/product"}],"about":[{"href":"https:\/\/roveyayinevi.com.tr\/index.php\/wp-json\/wp\/v2\/types\/product"}],"wp:attachment":[{"href":"https:\/\/roveyayinevi.com.tr\/index.php\/wp-json\/wp\/v2\/media?parent=777269"}],"wp:term":[{"taxonomy":"product_brand","embeddable":true,"href":"https:\/\/roveyayinevi.com.tr\/index.php\/wp-json\/wp\/v2\/product_brand?post=777269"},{"taxonomy":"product_cat","embeddable":true,"href":"https:\/\/roveyayinevi.com.tr\/index.php\/wp-json\/wp\/v2\/product_cat?post=777269"},{"taxonomy":"product_tag","embeddable":true,"href":"https:\/\/roveyayinevi.com.tr\/index.php\/wp-json\/wp\/v2\/product_tag?post=777269"}],"curies":[{"name":"wp","href":"https:\/\/api.w.org\/{rel}","templated":true}]}}