{"id":777268,"date":"2025-10-12T11:40:54","date_gmt":"2025-10-12T08:40:54","guid":{"rendered":"https:\/\/roveyayinevi.com.tr\/index.php\/urun\/akil-oyunlarini-boz\/"},"modified":"2025-10-16T20:11:57","modified_gmt":"2025-10-16T17:11:57","slug":"akil-oyunlarini-boz","status":"publish","type":"product","link":"https:\/\/roveyayinevi.com.tr\/index.php\/urun\/akil-oyunlarini-boz\/","title":{"rendered":"Ak\u0131l Oyunlar\u0131n\u0131 Boz"},"content":{"rendered":"<p>Her g\u00fcn i\u015f yerine ad\u0131m\u0131n\u0131 atarken g\u00f6r\u00fcnmez bir arenaya m\u0131 giriyorsun?Masum bir toplant\u0131da bile sinsice oynanan ak\u0131l oyunlar\u0131n\u0131n kurban\u0131 m\u0131 oluyorsun?Mobbing, d\u0131\u015flama, sayg\u0131s\u0131zl\u0131k ve narsist y\u00f6neticilerin bitmeyen kaprisleriyle mi u\u011fra\u015f\u0131yorsun?Art\u0131k yeter.Bu kitap, onlar\u0131n kurdu\u011fu kirli oyunu bozman i\u00e7in yaz\u0131ld\u0131.\u201cAk\u0131l Oyunlar\u0131n\u0131 Boz\u201d, seni k\u00f6\u015feye s\u0131k\u0131\u015ft\u0131ran sahte dostlar\u0131n, ayak kayd\u0131rmaya \u00e7al\u0131\u015fan sinsilerin, makam\u0131n\u0131 kullanarak sayg\u0131s\u0131zl\u0131k eden y\u00f6neticilerin b\u00fct\u00fcn stratejilerini bir bir de\u015fifre ediyor.Onlar\u0131n taktiklerini tan\u0131yacak, maskelerini d\u00fc\u015f\u00fcrecek ve sana kar\u015f\u0131 kurduklar\u0131 oyunlar\u0131 tersine \u00e7evireceksin.\u00c7\u00fcnk\u00fc bu kitap sana \u015funu hat\u0131rlat\u0131yor:Sen oyunun piyonu de\u011fil, akl\u0131n efendisisin.Haz\u0131r ol.Zorbal\u0131\u011f\u0131n, manip\u00fclasyonun ve mobbingin h\u00fckm\u00fcn\u00fc y\u0131kmaya; \u00f6zg\u00fcrl\u00fc\u011f\u00fcn\u00fc ve onurunu geri almaya\u2026 <\/p>\n","protected":false},"excerpt":{"rendered":"<p>Her g\u00fcn i\u015f yerine ad\u0131m\u0131n\u0131 atarken g\u00f6r\u00fcnmez bir arenaya m\u0131 giriyorsun?Masum bir toplant\u0131da bile sinsice oynanan ak\u0131l oyunlar\u0131n\u0131n kurban\u0131 m\u0131 oluyorsun?Mobbing, d\u0131\u015flama, sayg\u0131s\u0131zl\u0131k ve narsist y\u00f6neticilerin<span class=\"excerpt-hellip\"> [\u2026]<\/span><\/p>\n","protected":false},"featured_media":0,"template":"","meta":{"_monsterinsights_skip_tracking":false,"_monsterinsights_sitenote_active":false,"_monsterinsights_sitenote_note":"","_monsterinsights_sitenote_category":0},"product_brand":[],"product_cat":[12364,12376],"product_tag":[],"class_list":{"0":"post-777268","1":"product","2":"type-product","3":"status-publish","5":"product_cat-genel-konular","6":"product_cat-kisisel-gelisim","7":"pa_cilt-ciltsiz","8":"pa_tur-kitap","9":"pa_yayinevi-kitapita-yayinlari","10":"pa_yazar-selim-gecimli","12":"first","13":"instock","14":"sale","15":"shipping-taxable","16":"purchasable","17":"product-type-simple"},"_links":{"self":[{"href":"https:\/\/roveyayinevi.com.tr\/index.php\/wp-json\/wp\/v2\/product\/777268","targetHints":{"allow":["GET"]}}],"collection":[{"href":"https:\/\/roveyayinevi.com.tr\/index.php\/wp-json\/wp\/v2\/product"}],"about":[{"href":"https:\/\/roveyayinevi.com.tr\/index.php\/wp-json\/wp\/v2\/types\/product"}],"wp:attachment":[{"href":"https:\/\/roveyayinevi.com.tr\/index.php\/wp-json\/wp\/v2\/media?parent=777268"}],"wp:term":[{"taxonomy":"product_brand","embeddable":true,"href":"https:\/\/roveyayinevi.com.tr\/index.php\/wp-json\/wp\/v2\/product_brand?post=777268"},{"taxonomy":"product_cat","embeddable":true,"href":"https:\/\/roveyayinevi.com.tr\/index.php\/wp-json\/wp\/v2\/product_cat?post=777268"},{"taxonomy":"product_tag","embeddable":true,"href":"https:\/\/roveyayinevi.com.tr\/index.php\/wp-json\/wp\/v2\/product_tag?post=777268"}],"curies":[{"name":"wp","href":"https:\/\/api.w.org\/{rel}","templated":true}]}}