{"id":777267,"date":"2025-10-12T11:40:53","date_gmt":"2025-10-12T08:40:53","guid":{"rendered":"https:\/\/roveyayinevi.com.tr\/index.php\/urun\/8-deha\/"},"modified":"2025-10-16T20:11:57","modified_gmt":"2025-10-16T17:11:57","slug":"8-deha","status":"publish","type":"product","link":"https:\/\/roveyayinevi.com.tr\/index.php\/urun\/8-deha\/","title":{"rendered":"8 Deha"},"content":{"rendered":"<p>D\u00fcnyay\u0131 \u015eekillendiren Ak\u0131llardan Hayat DersleriPeki senin yolunu kim ayd\u0131nlatacak?Bir futbol topuyla imk\u00e2ns\u0131z\u0131 ba\u015faran Cristiano Ronaldo\u2019dan, cebindeki son kuru\u015fla devrim yaratan Steve Jobs\u2019a\u2026Bir \u00fcniversite yurdundan milyarlarca insan\u0131 birbirine ba\u011flayan Mark Zuckerberg\u2019den, Mars hayaliyle d\u00fcnyay\u0131 sarsan Elon Musk\u2019a\u2026D\u00fcnyan\u0131n en b\u00fcy\u00fck ticaret imparatorlu\u011funu kuran Jeff Bezos\u2019dan, \u00e7a\u011f\u0131n\u0131 a\u015fan vizyonuyla tarihe y\u00f6n veren Fatih Sultan Mehmet\u2019e\u2026Bir garajda ba\u015flayan yolculukla teknoloji devine d\u00f6n\u00fc\u015fen Bill Gates\u2019ten, dijital para ile ekonomiyi k\u00f6kten de\u011fi\u015ftiren Vitalik Buterin\u2019e\u2026Onlar\u0131n hayatlar\u0131n\u0131 okumak yetmez.As\u0131l mesele, kendi hayat\u0131na y\u00f6n verecek dersleri \u00e7\u0131karmakt\u0131r.Bu kitap zihnini ate\u015fleyecek, merak\u0131n\u0131 kam\u00e7\u0131layacak ve sana \u201cBenim de ba\u015farabilece\u011fim \u015feyler var!\u201d dedirtecek bir yol haritas\u0131.Ba\u015far\u0131n\u0131n \u015fifreleri, yenilginin s\u0131rlar\u0131 ve yeniden do\u011fu\u015fun ipu\u00e7lar\u0131 burada sakl\u0131.Peki, sen de bu 8 dehan\u0131n ayak izlerinde y\u00fcr\u00fcmeye haz\u0131r m\u0131s\u0131n?Canten Kaya<\/p>\n","protected":false},"excerpt":{"rendered":"<p>D\u00fcnyay\u0131 \u015eekillendiren Ak\u0131llardan Hayat DersleriPeki senin yolunu kim ayd\u0131nlatacak?Bir futbol topuyla imk\u00e2ns\u0131z\u0131 ba\u015faran Cristiano Ronaldo\u2019dan, cebindeki son kuru\u015fla devrim yaratan Steve Jobs\u2019a\u2026Bir \u00fcniversite yurdundan milyarlarca insan\u0131<span class=\"excerpt-hellip\"> [\u2026]<\/span><\/p>\n","protected":false},"featured_media":0,"template":"","meta":{"_monsterinsights_skip_tracking":false,"_monsterinsights_sitenote_active":false,"_monsterinsights_sitenote_note":"","_monsterinsights_sitenote_category":0},"product_brand":[],"product_cat":[141304],"product_tag":[],"class_list":{"0":"post-777267","1":"product","2":"type-product","3":"status-publish","5":"product_cat-yeni-cikanlar","6":"pa_cilt-ciltsiz","7":"pa_tur-kitap","8":"pa_yayinevi-kitapita-yayinlari","9":"pa_yazar-canten-kaya","11":"first","12":"instock","13":"sale","14":"shipping-taxable","15":"purchasable","16":"product-type-simple"},"_links":{"self":[{"href":"https:\/\/roveyayinevi.com.tr\/index.php\/wp-json\/wp\/v2\/product\/777267","targetHints":{"allow":["GET"]}}],"collection":[{"href":"https:\/\/roveyayinevi.com.tr\/index.php\/wp-json\/wp\/v2\/product"}],"about":[{"href":"https:\/\/roveyayinevi.com.tr\/index.php\/wp-json\/wp\/v2\/types\/product"}],"wp:attachment":[{"href":"https:\/\/roveyayinevi.com.tr\/index.php\/wp-json\/wp\/v2\/media?parent=777267"}],"wp:term":[{"taxonomy":"product_brand","embeddable":true,"href":"https:\/\/roveyayinevi.com.tr\/index.php\/wp-json\/wp\/v2\/product_brand?post=777267"},{"taxonomy":"product_cat","embeddable":true,"href":"https:\/\/roveyayinevi.com.tr\/index.php\/wp-json\/wp\/v2\/product_cat?post=777267"},{"taxonomy":"product_tag","embeddable":true,"href":"https:\/\/roveyayinevi.com.tr\/index.php\/wp-json\/wp\/v2\/product_tag?post=777267"}],"curies":[{"name":"wp","href":"https:\/\/api.w.org\/{rel}","templated":true}]}}