{"id":777258,"date":"2025-10-12T11:40:35","date_gmt":"2025-10-12T08:40:35","guid":{"rendered":"https:\/\/roveyayinevi.com.tr\/index.php\/urun\/disney-pixar-arabalar-3-cizgi-roman\/"},"modified":"2026-04-15T03:43:12","modified_gmt":"2026-04-15T00:43:12","slug":"disney-pixar-arabalar-3-cizgi-roman","status":"publish","type":"product","link":"https:\/\/roveyayinevi.com.tr\/index.php\/urun\/disney-pixar-arabalar-3-cizgi-roman\/","title":{"rendered":"Disney Pixar Arabalar 3 &#8211; \u00c7izgi Roman"},"content":{"rendered":"<p>Yeni nesil yar\u0131\u015f\u00e7\u0131 Jackson F\u0131rt\u0131na pistlere \u00e7\u0131kt\u0131\u011f\u0131nda \u015eim\u015fek McQueen, Piston Kupas\u0131\u2019n\u0131n en h\u0131zl\u0131 yar\u0131\u015f\u00e7\u0131s\u0131n\u0131n art\u0131k kendisi olmad\u0131\u011f\u0131n\u0131 g\u00f6rd\u00fc. Ge\u00e7irdi\u011fi korkun\u00e7 kazan\u0131n ard\u0131ndan 95 Numara, ak\u0131l hocas\u0131 Muhte\u015fem Hudson Hornet\u2019\u0131n y\u0131llar \u00f6nce yapt\u0131\u011f\u0131 gibi yar\u0131\u015flara veda m\u0131 etmeli? Yoksa sevdi\u011fi spora devam edip F\u0131rt\u0131na ile tekrar m\u0131 kar\u015f\u0131la\u015fmal\u0131? \u015eim\u015fek arad\u0131\u011f\u0131 yan\u0131t\u0131, gen\u00e7 ve h\u0131zl\u0131 Cruz Ramirez\u2019le \u00e7al\u0131\u015f\u0131rken bulacak\u2026<\/p>\n","protected":false},"excerpt":{"rendered":"<p>Yeni nesil yar\u0131\u015f\u00e7\u0131 Jackson F\u0131rt\u0131na pistlere \u00e7\u0131kt\u0131\u011f\u0131nda \u015eim\u015fek McQueen, Piston Kupas\u0131\u2019n\u0131n en h\u0131zl\u0131 yar\u0131\u015f\u00e7\u0131s\u0131n\u0131n art\u0131k kendisi olmad\u0131\u011f\u0131n\u0131 g\u00f6rd\u00fc. Ge\u00e7irdi\u011fi korkun\u00e7 kazan\u0131n ard\u0131ndan 95 Numara, ak\u0131l hocas\u0131<span class=\"excerpt-hellip\"> [\u2026]<\/span><\/p>\n","protected":false},"featured_media":0,"template":"","meta":{"_monsterinsights_skip_tracking":false,"_monsterinsights_sitenote_active":false,"_monsterinsights_sitenote_note":"","_monsterinsights_sitenote_category":0},"product_brand":[],"product_cat":[12689,12274],"product_tag":[],"class_list":{"0":"post-777258","1":"product","2":"type-product","3":"status-publish","5":"product_cat-cizgi-roman-cocuk-ve-genclik-kitaplari","6":"product_cat-cocuk-ve-genclik-kitaplari","7":"pa_cilt-ciltsiz","8":"pa_tur-kitap","9":"pa_yayinevi-beta-kids","10":"pa_yazar-kolektif","12":"first","13":"instock","14":"sale","15":"shipping-taxable","16":"purchasable","17":"product-type-simple"},"_links":{"self":[{"href":"https:\/\/roveyayinevi.com.tr\/index.php\/wp-json\/wp\/v2\/product\/777258","targetHints":{"allow":["GET"]}}],"collection":[{"href":"https:\/\/roveyayinevi.com.tr\/index.php\/wp-json\/wp\/v2\/product"}],"about":[{"href":"https:\/\/roveyayinevi.com.tr\/index.php\/wp-json\/wp\/v2\/types\/product"}],"wp:attachment":[{"href":"https:\/\/roveyayinevi.com.tr\/index.php\/wp-json\/wp\/v2\/media?parent=777258"}],"wp:term":[{"taxonomy":"product_brand","embeddable":true,"href":"https:\/\/roveyayinevi.com.tr\/index.php\/wp-json\/wp\/v2\/product_brand?post=777258"},{"taxonomy":"product_cat","embeddable":true,"href":"https:\/\/roveyayinevi.com.tr\/index.php\/wp-json\/wp\/v2\/product_cat?post=777258"},{"taxonomy":"product_tag","embeddable":true,"href":"https:\/\/roveyayinevi.com.tr\/index.php\/wp-json\/wp\/v2\/product_tag?post=777258"}],"curies":[{"name":"wp","href":"https:\/\/api.w.org\/{rel}","templated":true}]}}