{"id":777256,"date":"2025-10-12T11:40:30","date_gmt":"2025-10-12T08:40:30","guid":{"rendered":"https:\/\/roveyayinevi.com.tr\/index.php\/urun\/disney-moana-cizgi-roman\/"},"modified":"2026-04-15T03:43:12","modified_gmt":"2026-04-15T00:43:12","slug":"disney-moana-cizgi-roman","status":"publish","type":"product","link":"https:\/\/roveyayinevi.com.tr\/index.php\/urun\/disney-moana-cizgi-roman\/","title":{"rendered":"Disney Moana &#8211; \u00c7izgi Roman"},"content":{"rendered":"<p>Uzun, \u00e7ok uzun zaman \u00f6nce MAUI adl\u0131 bir yar\u0131 tanr\u0131, ana ada olan TE FITI\u2019nin kalbini \u00e7al\u0131p do\u011fan\u0131n dengesini bozdu ve d\u00fcnyay\u0131 karanl\u0131kta b\u0131rakt\u0131. O g\u00fcnden sonra kimse Motunui Adas\u0131\u2019n\u0131 terk edip denize a\u00e7\u0131lmad\u0131. Moana\u2019n\u0131n elinden ne gelir ki? Nas\u0131l denize a\u00e7\u0131laca\u011f\u0131n\u0131 ve resifin \u00f6tesinde ne oldu\u011funu bilmiyor, MAUI\u2019yi nerede bulaca\u011f\u0131ndansa t\u00fcm\u00fcyle habersiz! Ancak kalp, ne pahas\u0131na olursa olsun yerine konmal\u0131 ve okyanus bu g\u00f6rev i\u00e7in Moana\u2019y\u0131 se\u00e7ti! Acaba Moana okyanusun g\u00fcvenine lay\u0131k olabilecek mi?<\/p>\n","protected":false},"excerpt":{"rendered":"<p>Uzun, \u00e7ok uzun zaman \u00f6nce MAUI adl\u0131 bir yar\u0131 tanr\u0131, ana ada olan TE FITI\u2019nin kalbini \u00e7al\u0131p do\u011fan\u0131n dengesini bozdu ve d\u00fcnyay\u0131 karanl\u0131kta b\u0131rakt\u0131. O g\u00fcnden<span class=\"excerpt-hellip\"> [\u2026]<\/span><\/p>\n","protected":false},"featured_media":0,"template":"","meta":{"_monsterinsights_skip_tracking":false,"_monsterinsights_sitenote_active":false,"_monsterinsights_sitenote_note":"","_monsterinsights_sitenote_category":0},"product_brand":[],"product_cat":[12689,12274],"product_tag":[],"class_list":{"0":"post-777256","1":"product","2":"type-product","3":"status-publish","5":"product_cat-cizgi-roman-cocuk-ve-genclik-kitaplari","6":"product_cat-cocuk-ve-genclik-kitaplari","7":"pa_cilt-ciltsiz","8":"pa_tur-kitap","9":"pa_yayinevi-beta-kids","10":"pa_yazar-kolektif","12":"first","13":"instock","14":"sale","15":"shipping-taxable","16":"purchasable","17":"product-type-simple"},"_links":{"self":[{"href":"https:\/\/roveyayinevi.com.tr\/index.php\/wp-json\/wp\/v2\/product\/777256","targetHints":{"allow":["GET"]}}],"collection":[{"href":"https:\/\/roveyayinevi.com.tr\/index.php\/wp-json\/wp\/v2\/product"}],"about":[{"href":"https:\/\/roveyayinevi.com.tr\/index.php\/wp-json\/wp\/v2\/types\/product"}],"wp:attachment":[{"href":"https:\/\/roveyayinevi.com.tr\/index.php\/wp-json\/wp\/v2\/media?parent=777256"}],"wp:term":[{"taxonomy":"product_brand","embeddable":true,"href":"https:\/\/roveyayinevi.com.tr\/index.php\/wp-json\/wp\/v2\/product_brand?post=777256"},{"taxonomy":"product_cat","embeddable":true,"href":"https:\/\/roveyayinevi.com.tr\/index.php\/wp-json\/wp\/v2\/product_cat?post=777256"},{"taxonomy":"product_tag","embeddable":true,"href":"https:\/\/roveyayinevi.com.tr\/index.php\/wp-json\/wp\/v2\/product_tag?post=777256"}],"curies":[{"name":"wp","href":"https:\/\/api.w.org\/{rel}","templated":true}]}}