{"id":777247,"date":"2025-10-12T11:39:50","date_gmt":"2025-10-12T08:39:50","guid":{"rendered":"https:\/\/roveyayinevi.com.tr\/index.php\/urun\/yubooh-uyurken-1\/"},"modified":"2026-04-15T03:43:08","modified_gmt":"2026-04-15T00:43:08","slug":"yubooh-uyurken-1","status":"publish","type":"product","link":"https:\/\/roveyayinevi.com.tr\/index.php\/urun\/yubooh-uyurken-1\/","title":{"rendered":"Yubooh Uyurken 1"},"content":{"rendered":"<p>Bal\u0131k Kodu Alarm\u0131! Bal\u0131k Kodu Alarm\u0131! Bal\u0131k Kodu Alarm\u0131! Yubooh Rowell sonunda ba\u015fard\u0131! Nihayet \u00e7ok sevdi\u011fi arkada\u015f\u0131 Salvia\u2019n\u0131n da gitti\u011fi Satu\u0308rn Okulu\u2019na kabul edildi. Ama bu okul, onun \u015fu\u0308phelendi\u011fi \u015fey miydi ger\u00e7ekten? Oraya bu\u0308yu\u0308cu\u0308ler mi gidiyordu? Dolunay geldi\u011finde neler ya\u015fand\u0131? Esteban ad\u0131ndaki o gizemli \u00e7ocuk asl\u0131nda kimdi? Hadi siz de Yubooh\u2019nun yolculu\u011funa e\u015flik edin. Salvia\u2019n\u0131n Okulu\u2019ndaki yeni s\u0131n\u0131f arkada\u015flar\u0131yla tan\u0131\u015f\u0131n ve her oday\u0131 dolduran o garip a\u011flayan bal\u0131klar\u0131 ke\u015ffedin! Paulina Palacios bizi bu\u0308yu\u0308yle dolu \u00f6zgu\u0308n bir hik\u00e2yeyle tan\u0131\u015ft\u0131r\u0131yor. Duygular\u0131n, gizemin ve mizah\u0131n birle\u015fti\u011fi, Yubooh Uyurken evrenini ger\u00e7e\u011fe d\u00f6nu\u0308\u015ftu\u0308ren yepyeni bir du\u0308nya sizleri bekliyor.<\/p>\n","protected":false},"excerpt":{"rendered":"<p>Bal\u0131k Kodu Alarm\u0131! Bal\u0131k Kodu Alarm\u0131! Bal\u0131k Kodu Alarm\u0131! Yubooh Rowell sonunda ba\u015fard\u0131! Nihayet \u00e7ok sevdi\u011fi arkada\u015f\u0131 Salvia\u2019n\u0131n da gitti\u011fi Satu\u0308rn Okulu\u2019na kabul edildi. Ama bu<span class=\"excerpt-hellip\"> [\u2026]<\/span><\/p>\n","protected":false},"featured_media":0,"template":"","meta":{"_monsterinsights_skip_tracking":false,"_monsterinsights_sitenote_active":false,"_monsterinsights_sitenote_note":"","_monsterinsights_sitenote_category":0},"product_brand":[],"product_cat":[12689,12274],"product_tag":[],"class_list":{"0":"post-777247","1":"product","2":"type-product","3":"status-publish","5":"product_cat-cizgi-roman-cocuk-ve-genclik-kitaplari","6":"product_cat-cocuk-ve-genclik-kitaplari","7":"pa_cilt-ciltsiz","8":"pa_tur-kitap","9":"pa_yayinevi-artemis-yayinlari","10":"pa_yazar-paulina-palacios","12":"first","13":"instock","14":"sale","15":"shipping-taxable","16":"purchasable","17":"product-type-simple"},"_links":{"self":[{"href":"https:\/\/roveyayinevi.com.tr\/index.php\/wp-json\/wp\/v2\/product\/777247","targetHints":{"allow":["GET"]}}],"collection":[{"href":"https:\/\/roveyayinevi.com.tr\/index.php\/wp-json\/wp\/v2\/product"}],"about":[{"href":"https:\/\/roveyayinevi.com.tr\/index.php\/wp-json\/wp\/v2\/types\/product"}],"wp:attachment":[{"href":"https:\/\/roveyayinevi.com.tr\/index.php\/wp-json\/wp\/v2\/media?parent=777247"}],"wp:term":[{"taxonomy":"product_brand","embeddable":true,"href":"https:\/\/roveyayinevi.com.tr\/index.php\/wp-json\/wp\/v2\/product_brand?post=777247"},{"taxonomy":"product_cat","embeddable":true,"href":"https:\/\/roveyayinevi.com.tr\/index.php\/wp-json\/wp\/v2\/product_cat?post=777247"},{"taxonomy":"product_tag","embeddable":true,"href":"https:\/\/roveyayinevi.com.tr\/index.php\/wp-json\/wp\/v2\/product_tag?post=777247"}],"curies":[{"name":"wp","href":"https:\/\/api.w.org\/{rel}","templated":true}]}}