{"id":777245,"date":"2025-10-12T11:39:45","date_gmt":"2025-10-12T08:39:45","guid":{"rendered":"https:\/\/roveyayinevi.com.tr\/index.php\/urun\/neden-olmasin-4\/"},"modified":"2026-04-15T03:43:08","modified_gmt":"2026-04-15T00:43:08","slug":"neden-olmasin-4","status":"publish","type":"product","link":"https:\/\/roveyayinevi.com.tr\/index.php\/urun\/neden-olmasin-4\/","title":{"rendered":"Neden Olmas\u0131n"},"content":{"rendered":"<p>Ne olay\u0131m ben Y\u00fcr\u00fcrken d\u00fc\u015f\u00fcn\u00fcrken G\u00f6z ucuyla mektup a\u00e7abilirken \u00d6nce sevi\u015fir sonra renk s\u00f6ylerken Dikene su hat\u0131rlat\u0131p Anadilden di\u011ferine el gezdirirken Pasl\u0131 i\u00e7lik \u00f6rerken her k\u0131\u015f Ve herkesten s\u0131rayla \u00f6z\u00fcr dilerken Ne olay\u0131m ben Oldu\u011fumu olmad\u0131\u011f\u0131m\u0131 \u00c2\u015f\u0131k olay\u0131m size?<\/p>\n","protected":false},"excerpt":{"rendered":"<p>Ne olay\u0131m ben Y\u00fcr\u00fcrken d\u00fc\u015f\u00fcn\u00fcrken G\u00f6z ucuyla mektup a\u00e7abilirken \u00d6nce sevi\u015fir sonra renk s\u00f6ylerken Dikene su hat\u0131rlat\u0131p Anadilden di\u011ferine el gezdirirken Pasl\u0131 i\u00e7lik \u00f6rerken her k\u0131\u015f<span class=\"excerpt-hellip\"> [\u2026]<\/span><\/p>\n","protected":false},"featured_media":0,"template":"","meta":{"_monsterinsights_skip_tracking":false,"_monsterinsights_sitenote_active":false,"_monsterinsights_sitenote_note":"","_monsterinsights_sitenote_category":0},"product_brand":[],"product_cat":[12291,12509],"product_tag":[],"class_list":{"0":"post-777245","1":"product","2":"type-product","3":"status-publish","5":"product_cat-edebiyat","6":"product_cat-siir","7":"pa_cilt-ciltsiz","8":"pa_tur-kitap","9":"pa_yayinevi-everest-yayinlari","10":"pa_yazar-dilek-mayaturk","12":"first","13":"instock","14":"sale","15":"shipping-taxable","16":"purchasable","17":"product-type-simple"},"_links":{"self":[{"href":"https:\/\/roveyayinevi.com.tr\/index.php\/wp-json\/wp\/v2\/product\/777245","targetHints":{"allow":["GET"]}}],"collection":[{"href":"https:\/\/roveyayinevi.com.tr\/index.php\/wp-json\/wp\/v2\/product"}],"about":[{"href":"https:\/\/roveyayinevi.com.tr\/index.php\/wp-json\/wp\/v2\/types\/product"}],"wp:attachment":[{"href":"https:\/\/roveyayinevi.com.tr\/index.php\/wp-json\/wp\/v2\/media?parent=777245"}],"wp:term":[{"taxonomy":"product_brand","embeddable":true,"href":"https:\/\/roveyayinevi.com.tr\/index.php\/wp-json\/wp\/v2\/product_brand?post=777245"},{"taxonomy":"product_cat","embeddable":true,"href":"https:\/\/roveyayinevi.com.tr\/index.php\/wp-json\/wp\/v2\/product_cat?post=777245"},{"taxonomy":"product_tag","embeddable":true,"href":"https:\/\/roveyayinevi.com.tr\/index.php\/wp-json\/wp\/v2\/product_tag?post=777245"}],"curies":[{"name":"wp","href":"https:\/\/api.w.org\/{rel}","templated":true}]}}