{"id":777243,"date":"2025-10-12T11:39:41","date_gmt":"2025-10-12T08:39:41","guid":{"rendered":"https:\/\/roveyayinevi.com.tr\/index.php\/urun\/kutuphanenin-sakladiklari\/"},"modified":"2026-04-15T03:43:08","modified_gmt":"2026-04-15T00:43:08","slug":"kutuphanenin-sakladiklari","status":"publish","type":"product","link":"https:\/\/roveyayinevi.com.tr\/index.php\/urun\/kutuphanenin-sakladiklari\/","title":{"rendered":"K\u00fct\u00fcphanenin Saklad\u0131klar\u0131"},"content":{"rendered":"<p>Nehrin Bildikleri ile ba\u015flayan hik\u00e2yeye, \u00e7arp\u0131c\u0131 bir \u015fekilde sona eriyor. M\u0131s\u0131r\u2019da ge\u00e7en, macera dolu tarih\u00ee ve fantastik bir roman\u2026 D\u00fc\u015fmanken sevgiliye d\u00f6n\u00fc\u015fen, benzersiz bir a\u015fk hik\u00e2yesi! 1885, M\u0131s\u0131r\u2026 Inez Olivera, kuzeni Elvira\u2019n\u0131n \u00f6ld\u00fcr\u00fclmesi ve annesinin ihanetiyle sars\u0131lm\u0131\u015ft\u0131r. Kendisine kalan miras konusunda T\u00edo Ricardo\u2019dan bir \u00fcltimatom ald\u0131\u011f\u0131nda, d\u00fc\u015f\u00fcnmesi gereken tek bir se\u00e7enek kalm\u0131\u015ft\u0131r: Whitford Hayes ile evlenmek. Eski bir \u0130ngiliz askeri olan Whit, Inez\u2019in bir zamanlar d\u00fc\u015fman\u0131 ve amcas\u0131n\u0131n yaveridir. M\u0131s\u0131r\u2019da kalmak i\u00e7in kendine \u00f6zg\u00fc gizemli nedenleri vard\u0131r. Inez, her \u015feyi mahvedebilecek gizli planlar\u0131 olan tek ki\u015fiye kaderini ba\u011flamak zorunda kalarak kalbini tehlikeye atmak \u00fczeredir.<\/p>\n","protected":false},"excerpt":{"rendered":"<p>Nehrin Bildikleri ile ba\u015flayan hik\u00e2yeye, \u00e7arp\u0131c\u0131 bir \u015fekilde sona eriyor. M\u0131s\u0131r\u2019da ge\u00e7en, macera dolu tarih\u00ee ve fantastik bir roman\u2026 D\u00fc\u015fmanken sevgiliye d\u00f6n\u00fc\u015fen, benzersiz bir a\u015fk hik\u00e2yesi!<span class=\"excerpt-hellip\"> [\u2026]<\/span><\/p>\n","protected":false},"featured_media":0,"template":"","meta":{"_monsterinsights_skip_tracking":false,"_monsterinsights_sitenote_active":false,"_monsterinsights_sitenote_note":"","_monsterinsights_sitenote_category":0},"product_brand":[],"product_cat":[12291,12711],"product_tag":[],"class_list":{"0":"post-777243","1":"product","2":"type-product","3":"status-publish","5":"product_cat-edebiyat","6":"product_cat-roman-oyku","7":"pa_cilt-ciltsiz","8":"pa_tur-kitap","9":"pa_yayinevi-artemis-yayinlari","10":"pa_yazar-isabel-ibanez","12":"first","13":"instock","14":"sale","15":"shipping-taxable","16":"purchasable","17":"product-type-simple"},"_links":{"self":[{"href":"https:\/\/roveyayinevi.com.tr\/index.php\/wp-json\/wp\/v2\/product\/777243","targetHints":{"allow":["GET"]}}],"collection":[{"href":"https:\/\/roveyayinevi.com.tr\/index.php\/wp-json\/wp\/v2\/product"}],"about":[{"href":"https:\/\/roveyayinevi.com.tr\/index.php\/wp-json\/wp\/v2\/types\/product"}],"wp:attachment":[{"href":"https:\/\/roveyayinevi.com.tr\/index.php\/wp-json\/wp\/v2\/media?parent=777243"}],"wp:term":[{"taxonomy":"product_brand","embeddable":true,"href":"https:\/\/roveyayinevi.com.tr\/index.php\/wp-json\/wp\/v2\/product_brand?post=777243"},{"taxonomy":"product_cat","embeddable":true,"href":"https:\/\/roveyayinevi.com.tr\/index.php\/wp-json\/wp\/v2\/product_cat?post=777243"},{"taxonomy":"product_tag","embeddable":true,"href":"https:\/\/roveyayinevi.com.tr\/index.php\/wp-json\/wp\/v2\/product_tag?post=777243"}],"curies":[{"name":"wp","href":"https:\/\/api.w.org\/{rel}","templated":true}]}}