{"id":777241,"date":"2025-10-12T11:39:38","date_gmt":"2025-10-12T08:39:38","guid":{"rendered":"https:\/\/roveyayinevi.com.tr\/index.php\/urun\/aya-yolculuk-13\/"},"modified":"2026-04-15T03:43:08","modified_gmt":"2026-04-15T00:43:08","slug":"aya-yolculuk-13","status":"publish","type":"product","link":"https:\/\/roveyayinevi.com.tr\/index.php\/urun\/aya-yolculuk-13\/","title":{"rendered":"Ay\u2019a Yolculuk"},"content":{"rendered":"<p>Amerika Birle\u015fik Devletleri\u2019ndeki Gun-Club \u00fcyeleri, Ay\u2019a g\u00f6ndermek \u00fczere bir mermi tasarlamaya ba\u015flar. Ba\u015fkan Barbicane\u2019in \u00f6nc\u00fcl\u00fc\u011f\u00fcnde y\u00fcr\u00fct\u00fclen bu projeye maceraperest Michel Ardan da dahil olur ve yolculuk ba\u015fka bir y\u00f6ne evrilir: \u00dc\u00e7 cesur insan merminin i\u00e7inde Ay\u2019a yolculuk yapacakt\u0131r. Peki bu yolculuk g\u00f6\u011f\u00fcn gizemini ortaya \u00e7\u0131kar\u0131p yerdekilerin merak\u0131n\u0131 giderebilecek midir?<\/p>\n","protected":false},"excerpt":{"rendered":"<p>Amerika Birle\u015fik Devletleri\u2019ndeki Gun-Club \u00fcyeleri, Ay\u2019a g\u00f6ndermek \u00fczere bir mermi tasarlamaya ba\u015flar. Ba\u015fkan Barbicane\u2019in \u00f6nc\u00fcl\u00fc\u011f\u00fcnde y\u00fcr\u00fct\u00fclen bu projeye maceraperest Michel Ardan da dahil olur ve yolculuk<span class=\"excerpt-hellip\"> [\u2026]<\/span><\/p>\n","protected":false},"featured_media":0,"template":"","meta":{"_monsterinsights_skip_tracking":false,"_monsterinsights_sitenote_active":false,"_monsterinsights_sitenote_note":"","_monsterinsights_sitenote_category":0},"product_brand":[],"product_cat":[141304],"product_tag":[],"class_list":{"0":"post-777241","1":"product","2":"type-product","3":"status-publish","5":"product_cat-yeni-cikanlar","6":"pa_cilt-ciltsiz","7":"pa_tur-kitap","8":"pa_yayinevi-alfa-yayinlari","9":"pa_yazar-jules-verne","11":"first","12":"instock","13":"sale","14":"shipping-taxable","15":"purchasable","16":"product-type-simple"},"_links":{"self":[{"href":"https:\/\/roveyayinevi.com.tr\/index.php\/wp-json\/wp\/v2\/product\/777241","targetHints":{"allow":["GET"]}}],"collection":[{"href":"https:\/\/roveyayinevi.com.tr\/index.php\/wp-json\/wp\/v2\/product"}],"about":[{"href":"https:\/\/roveyayinevi.com.tr\/index.php\/wp-json\/wp\/v2\/types\/product"}],"wp:attachment":[{"href":"https:\/\/roveyayinevi.com.tr\/index.php\/wp-json\/wp\/v2\/media?parent=777241"}],"wp:term":[{"taxonomy":"product_brand","embeddable":true,"href":"https:\/\/roveyayinevi.com.tr\/index.php\/wp-json\/wp\/v2\/product_brand?post=777241"},{"taxonomy":"product_cat","embeddable":true,"href":"https:\/\/roveyayinevi.com.tr\/index.php\/wp-json\/wp\/v2\/product_cat?post=777241"},{"taxonomy":"product_tag","embeddable":true,"href":"https:\/\/roveyayinevi.com.tr\/index.php\/wp-json\/wp\/v2\/product_tag?post=777241"}],"curies":[{"name":"wp","href":"https:\/\/api.w.org\/{rel}","templated":true}]}}